{"id":1011,"date":"2023-09-28T11:34:01","date_gmt":"2023-09-28T09:34:01","guid":{"rendered":"https:\/\/lienhard-ag.dev.hayloft-it.ch\/?page_id=1011"},"modified":"2024-12-18T18:27:05","modified_gmt":"2024-12-18T17:27:05","slug":"organisation","status":"publish","type":"page","link":"https:\/\/lienhard-ag.ch\/fr\/unternehmen\/ueber-uns\/organisation\/","title":{"rendered":"Direction"},"content":{"rendered":"<h1 class=\"wp-block-heading\">Direction<\/h1>\n\n\n\n<p>La direction de K. Lienhard AG est garante du d\u00e9veloppement de l'entreprise.<\/p>\n\n\n\n<p>Par son engagement, elle vise le succ\u00e8s dans la m\u00eame mesure pour les clients, les collaborateurs et l'entreprise. Les fondations sont pos\u00e9es gr\u00e2ce \u00e0 l'ind\u00e9pendance, \u00e0 la longue exp\u00e9rience et \u00e0 la vision strat\u00e9gique. Cela garantit la continuit\u00e9 du bureau d'ing\u00e9nieurs. <\/p>\n\n\n\n<h3 class=\"wp-block-heading\">Michael Jeitziner | Roman Maeder | Andr\u00e9 Keller | Marco Rufer | Martin Wehrli<\/h3>\n\n\n\n<figure data-no-zoom=\"true\" class=\"wp-block-image size-large\"><img loading=\"lazy\" decoding=\"async\" width=\"1024\" height=\"683\" src=\"https:\/\/lienhard-ag.ch\/wp-content\/uploads\/2024\/12\/gl_lienhard-1024x683.webp\" alt=\"\" class=\"wp-image-3704\" srcset=\"https:\/\/lienhard-ag.ch\/wp-content\/uploads\/2024\/12\/gl_lienhard-1024x683.webp 1024w, https:\/\/lienhard-ag.ch\/wp-content\/uploads\/2024\/12\/gl_lienhard-300x200.webp 300w, https:\/\/lienhard-ag.ch\/wp-content\/uploads\/2024\/12\/gl_lienhard-768x512.webp 768w, https:\/\/lienhard-ag.ch\/wp-content\/uploads\/2024\/12\/gl_lienhard-1536x1024.webp 1536w, https:\/\/lienhard-ag.ch\/wp-content\/uploads\/2024\/12\/gl_lienhard-18x12.webp 18w, https:\/\/lienhard-ag.ch\/wp-content\/uploads\/2024\/12\/gl_lienhard-373x249.webp 373w, https:\/\/lienhard-ag.ch\/wp-content\/uploads\/2024\/12\/gl_lienhard-514x343.webp 514w, https:\/\/lienhard-ag.ch\/wp-content\/uploads\/2024\/12\/gl_lienhard.jpg 1540w\" sizes=\"auto, (max-width: 1024px) 100vw, 1024px\" \/><\/figure>\n\n\n\n<div class=\"wp-block-buttons is-layout-flex wp-block-buttons-is-layout-flex\">\n<div class=\"wp-block-button\"><a class=\"wp-block-button__link wp-element-button\" href=\"https:\/\/lienhard-ag.ch\/fr\/entreprise\/a-propos-de-nous\/collaborateurs\/\">Tous les collaborateurs de K. Lienhard AG<\/a><\/div>\n<\/div>","protected":false},"excerpt":{"rendered":"<p>Gesch\u00e4ftsleitung Die Gesch\u00e4ftsleitung der K. Lienhard AG steht f\u00fcr die Weiterentwicklung des Unternehmens. Mit ihrem Engagement strebt sie den Erfolg f\u00fcr Kunden, Mitarbeitende und Unternehmung in gleichem Masse an. Das Fundament wird mit der Unabh\u00e4ngigkeit, der langj\u00e4hrigen Erfahrung und dem strategischen Blick gelegt. Dies garantiert die Kontinuit\u00e4t des Ingenieurb\u00fcros. Michael Jeitziner | Roman Maeder | [&hellip;]<\/p>\n","protected":false},"author":1,"featured_media":0,"parent":204,"menu_order":0,"comment_status":"closed","ping_status":"closed","template":"","meta":{"footnotes":""},"class_list":["post-1011","page","type-page","status-publish","hentry"],"acf":[],"_links":{"self":[{"href":"https:\/\/lienhard-ag.ch\/fr\/wp-json\/wp\/v2\/pages\/1011","targetHints":{"allow":["GET"]}}],"collection":[{"href":"https:\/\/lienhard-ag.ch\/fr\/wp-json\/wp\/v2\/pages"}],"about":[{"href":"https:\/\/lienhard-ag.ch\/fr\/wp-json\/wp\/v2\/types\/page"}],"author":[{"embeddable":true,"href":"https:\/\/lienhard-ag.ch\/fr\/wp-json\/wp\/v2\/users\/1"}],"replies":[{"embeddable":true,"href":"https:\/\/lienhard-ag.ch\/fr\/wp-json\/wp\/v2\/comments?post=1011"}],"version-history":[{"count":12,"href":"https:\/\/lienhard-ag.ch\/fr\/wp-json\/wp\/v2\/pages\/1011\/revisions"}],"predecessor-version":[{"id":3706,"href":"https:\/\/lienhard-ag.ch\/fr\/wp-json\/wp\/v2\/pages\/1011\/revisions\/3706"}],"up":[{"embeddable":true,"href":"https:\/\/lienhard-ag.ch\/fr\/wp-json\/wp\/v2\/pages\/204"}],"wp:attachment":[{"href":"https:\/\/lienhard-ag.ch\/fr\/wp-json\/wp\/v2\/media?parent=1011"}],"curies":[{"name":"wp","href":"https:\/\/api.w.org\/{rel}","templated":true}]}}