{"id":291,"date":"2023-09-01T11:23:27","date_gmt":"2023-09-01T09:23:27","guid":{"rendered":"https:\/\/lienhard-ag.dev.hayloft-it.ch\/?page_id=291"},"modified":"2024-02-21T18:19:08","modified_gmt":"2024-02-21T17:19:08","slug":"entretien","status":"publish","type":"page","link":"https:\/\/lienhard-ag.ch\/fr\/dienstleistungen\/unterhalt\/","title":{"rendered":"Entretien"},"content":{"rendered":"<div class=\"wp-block-cover alignfull\"><span aria-hidden=\"true\" class=\"wp-block-cover__background has-primary-background-color has-background-dim-40 has-background-dim\"><\/span><img loading=\"lazy\" decoding=\"async\" width=\"2560\" height=\"1702\" class=\"wp-block-cover__image-background wp-image-1318\" alt=\"Apportez tout \u00e0 destination - l&#039;eau et le gaz sont trop pr\u00e9cieux pour \u00eatre perdus en route.\" src=\"https:\/\/lienhard-ag.ch\/wp-content\/uploads\/2023\/10\/PICT9992-scaled.webp\" style=\"object-position:56% 14%\" data-object-fit=\"cover\" data-object-position=\"56% 14%\" srcset=\"https:\/\/lienhard-ag.ch\/wp-content\/uploads\/2023\/10\/PICT9992-scaled.webp 2560w, https:\/\/lienhard-ag.ch\/wp-content\/uploads\/2023\/10\/PICT9992-300x199.webp 300w, https:\/\/lienhard-ag.ch\/wp-content\/uploads\/2023\/10\/PICT9992-1024x681.webp 1024w, https:\/\/lienhard-ag.ch\/wp-content\/uploads\/2023\/10\/PICT9992-768x511.webp 768w, https:\/\/lienhard-ag.ch\/wp-content\/uploads\/2023\/10\/PICT9992-1536x1021.webp 1536w, https:\/\/lienhard-ag.ch\/wp-content\/uploads\/2023\/10\/PICT9992-2048x1362.webp 2048w, https:\/\/lienhard-ag.ch\/wp-content\/uploads\/2023\/10\/PICT9992-18x12.webp 18w, https:\/\/lienhard-ag.ch\/wp-content\/uploads\/2023\/10\/PICT9992-373x248.webp 373w, https:\/\/lienhard-ag.ch\/wp-content\/uploads\/2023\/10\/PICT9992-514x342.webp 514w\" sizes=\"auto, (max-width: 2560px) 100vw, 2560px\" \/><div class=\"wp-block-cover__inner-container is-layout-constrained wp-block-cover-is-layout-constrained\">\n<p class=\"has-text-align-center has-large-font-size\"><\/p>\n<\/div><\/div>\n\n\n\n<h1 class=\"wp-block-heading\">Entretien<\/h1>\n\n\n\n<p>Apportez tout \u00e0 destination - l'eau et le gaz sont trop pr\u00e9cieux pour \u00eatre perdus en route.<\/p>\n\n\n\n<p>Des installations bien entretenues sont l'\u00e9pine dorsale d'un approvisionnement en eau et en gaz qui fonctionne. En plus de notre exp\u00e9rience et de notre savoir-faire, nous proposons \u00e9galement les appareils et les outils appropri\u00e9s.<\/p>\n\n\n\n<p>Nous analysons et localisons les fuites \u00e0 l'aide des techniques les plus modernes. Nos fontainiers et sp\u00e9cialistes du gaz qualifi\u00e9s vous soutiennent dans votre travail quotidien sur le r\u00e9seau d'approvisionnement, si n\u00e9cessaire 24 heures sur 24. Nous entretenons et contr\u00f4lons vos installations de mani\u00e8re comp\u00e9tente, appropri\u00e9e et fiable. Et nous avons l'exp\u00e9rience n\u00e9cessaire pour r\u00e9pondre \u00e0 vos besoins sp\u00e9cifiques.<\/p>\n\n\n<div class=\"alignwide wp-block-lienhard-ag-services\">\n            <a class=\"post-309 service type-service status-publish has-post-thumbnail hentry service_cat-unterhalt\" href=\"https:\/\/lienhard-ag.ch\/fr\/dienstleistungen\/unterhalt\/netzuntersuchung\/\">\n    <h2>Enqu\u00eate sur le r\u00e9seau<\/h2>\n    <p class=\"excerpt\">Ni l'eau ni le gaz ne doivent s'\u00e9chapper de vos conduites et installations sans que vous ne vous en aperceviez.<\/p>\n<\/a>            <a class=\"post-310 service type-service status-publish has-post-thumbnail hentry service_cat-unterhalt\" href=\"https:\/\/lienhard-ag.ch\/fr\/dienstleistungen\/unterhalt\/netzservice\/\">\n    <h2>Service r\u00e9seau<\/h2>\n    <p class=\"excerpt\">Assister le service des eaux dans les travaux pratiques du fontainier.<\/p>\n<\/a>            <a class=\"post-671 service type-service status-publish hentry service_cat-unterhalt\" href=\"https:\/\/lienhard-ag.ch\/fr\/dienstleistungen\/unterhalt\/equipment\/\">\n    <h2>\u00c9quipement<\/h2>\n    <p class=\"excerpt\">\u00c9quipement pour la d\u00e9tection de fuites d'eau ou de gaz, pour l'alerte ou la mesure de gaz, pour la localisation de conduites ou d'objets ainsi que pour l'entretien dans le domaine de l'approvisionnement.<\/p>\n<\/a>            <a class=\"post-572 service type-service status-publish has-post-thumbnail hentry service_cat-unterhalt\" href=\"https:\/\/lienhard-ag.ch\/fr\/dienstleistungen\/unterhalt\/pikettdienst-leckortungen\/\">\n    <h2>Service de piquet D\u00e9tection de fuites<\/h2>\n    <p class=\"excerpt\">Notre service de piquet est \u00e0 votre disposition 24 heures sur 24, y compris les week-ends et les jours f\u00e9ri\u00e9s.<\/p>\n<\/a>    <\/div>\n\n\n\n<div class=\"wp-block-group alignwide has-primary-light-background-color has-background is-layout-constrained wp-block-group-is-layout-constrained\">\n<h2 class=\"wp-block-heading\">Vous avez besoin de notre soutien ?<\/h2>\n\n\n\n<p class=\"is-style-lead\">Contactez-nous sans engagement.<\/p>\n\n\n\n<p>Nos <a href=\"https:\/\/lienhard-ag.ch\/fr\/entreprise\/a-propos-de-nous\/collaborateurs\/\" data-type=\"page\" data-id=\"194\">Sp\u00e9cialistes<\/a> sont \u00e0 votre disposition.<\/p>\n\n\n\n<div class=\"wp-block-buttons is-layout-flex wp-block-buttons-is-layout-flex\">\n<div class=\"wp-block-button\"><a class=\"wp-block-button__link wp-element-button\" href=\"https:\/\/lienhard-ag.ch\/fr\/contact\/\">Contact \/ Demandes<\/a><\/div>\n\n\n\n<div class=\"wp-block-button\"><a class=\"wp-block-button__link wp-element-button\" href=\"https:\/\/lienhard-ag.ch\/fr\/services\/entretien\/service-de-piquet-detection-de-fuites\/\">D\u00e9tection de fuites 24h\/24<\/a><\/div>\n\n\n\n<div class=\"wp-block-button\"><a class=\"wp-block-button__link wp-element-button\" href=\"https:\/\/lienhard-ag.ch\/fr\/services\/commande-de-plans\/\">Commande de donn\u00e9es<\/a><\/div>\n\n\n\n<div class=\"wp-block-button\"><a class=\"wp-block-button__link wp-element-button\" href=\"https:\/\/lienhard-ag.ch\/fr\/services\/demande-de-nettoyage-de-reservoir\/\">Nettoyage du r\u00e9servoir<\/a><\/div>\n\n\n\n<div class=\"wp-block-button\"><a class=\"wp-block-button__link wp-element-button\" href=\"https:\/\/lienhard-ag.ch\/fr\/services\/demande-de-desinfection-de-tuyaux\/\">D\u00e9sinfection des tuyaux<\/a><\/div>\n\n\n\n<div class=\"wp-block-button\"><a class=\"wp-block-button__link wp-element-button\" href=\"https:\/\/lienhard-ag.ch\/fr\/produits\/\">Catalogue de produits<\/a><\/div>\n<\/div>\n<\/div>","protected":false},"excerpt":{"rendered":"<p>Unterhalt Bringen Sie alles ans Ziel &#8211; Wasser und Gas sind zu kostbar, um unterwegs verloren zu gehen. Gut gewartete Anlagen sind das R\u00fcckgrat einer funktionierenden Wasser- und Gasversorgung. Nebst Erfahrung und Know-how bieten wir auch die geeigneten Ger\u00e4te und Hilfsmittel an. Wir analysieren und orten Lecks unter Einsatz modernster Technik. Unsere ausgebildeten Brunnenmeister und [&hellip;]<\/p>\n","protected":false},"author":1,"featured_media":0,"parent":67,"menu_order":0,"comment_status":"closed","ping_status":"closed","template":"","meta":{"footnotes":""},"class_list":["post-291","page","type-page","status-publish","hentry"],"acf":[],"_links":{"self":[{"href":"https:\/\/lienhard-ag.ch\/fr\/wp-json\/wp\/v2\/pages\/291","targetHints":{"allow":["GET"]}}],"collection":[{"href":"https:\/\/lienhard-ag.ch\/fr\/wp-json\/wp\/v2\/pages"}],"about":[{"href":"https:\/\/lienhard-ag.ch\/fr\/wp-json\/wp\/v2\/types\/page"}],"author":[{"embeddable":true,"href":"https:\/\/lienhard-ag.ch\/fr\/wp-json\/wp\/v2\/users\/1"}],"replies":[{"embeddable":true,"href":"https:\/\/lienhard-ag.ch\/fr\/wp-json\/wp\/v2\/comments?post=291"}],"version-history":[{"count":44,"href":"https:\/\/lienhard-ag.ch\/fr\/wp-json\/wp\/v2\/pages\/291\/revisions"}],"predecessor-version":[{"id":3065,"href":"https:\/\/lienhard-ag.ch\/fr\/wp-json\/wp\/v2\/pages\/291\/revisions\/3065"}],"up":[{"embeddable":true,"href":"https:\/\/lienhard-ag.ch\/fr\/wp-json\/wp\/v2\/pages\/67"}],"wp:attachment":[{"href":"https:\/\/lienhard-ag.ch\/fr\/wp-json\/wp\/v2\/media?parent=291"}],"curies":[{"name":"wp","href":"https:\/\/api.w.org\/{rel}","templated":true}]}}