{"id":293,"date":"2023-09-01T11:24:07","date_gmt":"2023-09-01T09:24:07","guid":{"rendered":"https:\/\/lienhard-ag.dev.hayloft-it.ch\/?page_id=293"},"modified":"2024-01-26T15:27:22","modified_gmt":"2024-01-26T14:27:22","slug":"documentation","status":"publish","type":"page","link":"https:\/\/lienhard-ag.ch\/fr\/dienstleistungen\/dokumentation\/","title":{"rendered":"Documentation"},"content":{"rendered":"<div class=\"wp-block-cover alignfull is-light\"><span aria-hidden=\"true\" class=\"wp-block-cover__background has-primary-background-color has-background-dim-40 has-background-dim\"><\/span><img loading=\"lazy\" decoding=\"async\" width=\"2560\" height=\"1702\" class=\"wp-block-cover__image-background wp-image-1358\" alt=\"En tant que professionnels SIG de la premi\u00e8re heure, nous entretenons et g\u00e9rons vos donn\u00e9es de conduites industrielles pendant des g\u00e9n\u00e9rations.\" src=\"https:\/\/lienhard-ag.ch\/wp-content\/uploads\/2023\/10\/PICT9940-scaled.webp\" style=\"object-position:48% 55%\" data-object-fit=\"cover\" data-object-position=\"48% 55%\" srcset=\"https:\/\/lienhard-ag.ch\/wp-content\/uploads\/2023\/10\/PICT9940-scaled.webp 2560w, https:\/\/lienhard-ag.ch\/wp-content\/uploads\/2023\/10\/PICT9940-300x199.webp 300w, https:\/\/lienhard-ag.ch\/wp-content\/uploads\/2023\/10\/PICT9940-1024x681.webp 1024w, https:\/\/lienhard-ag.ch\/wp-content\/uploads\/2023\/10\/PICT9940-768x511.webp 768w, https:\/\/lienhard-ag.ch\/wp-content\/uploads\/2023\/10\/PICT9940-1536x1021.webp 1536w, https:\/\/lienhard-ag.ch\/wp-content\/uploads\/2023\/10\/PICT9940-2048x1362.webp 2048w, https:\/\/lienhard-ag.ch\/wp-content\/uploads\/2023\/10\/PICT9940-18x12.webp 18w, https:\/\/lienhard-ag.ch\/wp-content\/uploads\/2023\/10\/PICT9940-373x248.webp 373w, https:\/\/lienhard-ag.ch\/wp-content\/uploads\/2023\/10\/PICT9940-514x342.webp 514w\" sizes=\"auto, (max-width: 2560px) 100vw, 2560px\" \/><div class=\"wp-block-cover__inner-container is-layout-constrained wp-block-cover-is-layout-constrained\">\n<p class=\"has-text-align-center has-large-font-size\"><\/p>\n<\/div><\/div>\n\n\n\n<h1 class=\"wp-block-heading\">Documentation<\/h1>\n\n\n\n<p>En tant que professionnels SIG de la premi\u00e8re heure, nous entretenons et g\u00e9rons des donn\u00e9es sur plusieurs g\u00e9n\u00e9rations. <\/p>\n\n\n\n<p>Quiconque exploite et entretient des infrastructures a besoin d'une planification optimale en termes de co\u00fbts, durable et polyvalente. Cela repose sur des donn\u00e9es communales et d'approvisionnement actuelles. L'utilisation de syst\u00e8mes d'information g\u00e9ographique (SIG) est l'une de nos comp\u00e9tences cl\u00e9s.<\/p>\n\n\n\n<p>Nous \u00e9laborons, g\u00e9rons, utilisons et actualisons les donn\u00e9es de mani\u00e8re s\u00fbre et routini\u00e8re. Et nous construisons sur elles des solutions pratiques et orient\u00e9es vers le client. Que ce soit pour les villes, les communes ou les entreprises d'approvisionnement. Nous menons \u00e0 bien les projets SIG.<\/p>\n\n\n<div class=\"alignwide wp-block-lienhard-ag-services\">\n            <a class=\"post-761 service type-service status-publish hentry service_cat-dokumentation\" href=\"https:\/\/lienhard-ag.ch\/fr\/dienstleistungen\/dokumentation\/kataster\/\">\n    <h2>Cadastre<\/h2>\n    <p class=\"excerpt\">Le cadastre des ouvrages constitue le fondement des projets de construction, des planifications, de l'entretien et des extensions.<\/p>\n<\/a>            <a class=\"post-760 service type-service status-publish hentry service_cat-dokumentation\" href=\"https:\/\/lienhard-ag.ch\/fr\/dienstleistungen\/dokumentation\/fachschalen\/\">\n    <h2>Modules d'application SIG<\/h2>\n    <p class=\"excerpt\">Pour saisir et repr\u00e9senter les g\u00e9odonn\u00e9es dans toute leur complexit\u00e9, il faut des possibilit\u00e9s sp\u00e9cifiques pour chaque domaine th\u00e9matique. C'est \u00e0 cela que servent les coquilles sp\u00e9cialis\u00e9es.<\/p>\n<\/a>            <a class=\"post-759 service type-service status-publish hentry service_cat-dokumentation\" href=\"https:\/\/lienhard-ag.ch\/fr\/dienstleistungen\/dokumentation\/systeme\/\">\n    <h2>Syst\u00e8mes SIG<\/h2>\n    <p class=\"excerpt\">Les syst\u00e8mes d'information g\u00e9ographique (SIG) sont des outils puissants qui collectent, stockent, analysent et visualisent des donn\u00e9es spatiales.<\/p>\n<\/a>    <\/div>","protected":false},"excerpt":{"rendered":"<p>Dokumentation Als GIS-Profis der ersten Stunde pflegen und verwalten wir Daten \u00fcber Generationen hinweg. Wer Infrastrukturen betreibt und unterh\u00e4lt, braucht eine kostenoptimale, nachhaltige und vielseitige Planung. Grundlage daf\u00fcr sind aktuelle Kommunal- und Versorgungsdaten. Der Umgang mit Geografischen Informationssystemen (GIS) ist eine unserer Kernkompetenz. Wir erarbeiten, verwalten, nutzen und aktualisieren die Daten sicher und routiniert. Und [&hellip;]<\/p>\n","protected":false},"author":1,"featured_media":0,"parent":67,"menu_order":0,"comment_status":"closed","ping_status":"closed","template":"","meta":{"footnotes":""},"class_list":["post-293","page","type-page","status-publish","hentry"],"acf":[],"_links":{"self":[{"href":"https:\/\/lienhard-ag.ch\/fr\/wp-json\/wp\/v2\/pages\/293","targetHints":{"allow":["GET"]}}],"collection":[{"href":"https:\/\/lienhard-ag.ch\/fr\/wp-json\/wp\/v2\/pages"}],"about":[{"href":"https:\/\/lienhard-ag.ch\/fr\/wp-json\/wp\/v2\/types\/page"}],"author":[{"embeddable":true,"href":"https:\/\/lienhard-ag.ch\/fr\/wp-json\/wp\/v2\/users\/1"}],"replies":[{"embeddable":true,"href":"https:\/\/lienhard-ag.ch\/fr\/wp-json\/wp\/v2\/comments?post=293"}],"version-history":[{"count":5,"href":"https:\/\/lienhard-ag.ch\/fr\/wp-json\/wp\/v2\/pages\/293\/revisions"}],"predecessor-version":[{"id":1580,"href":"https:\/\/lienhard-ag.ch\/fr\/wp-json\/wp\/v2\/pages\/293\/revisions\/1580"}],"up":[{"embeddable":true,"href":"https:\/\/lienhard-ag.ch\/fr\/wp-json\/wp\/v2\/pages\/67"}],"wp:attachment":[{"href":"https:\/\/lienhard-ag.ch\/fr\/wp-json\/wp\/v2\/media?parent=293"}],"curies":[{"name":"wp","href":"https:\/\/api.w.org\/{rel}","templated":true}]}}