{"id":3,"date":"2023-08-28T07:31:52","date_gmt":"2023-08-28T07:31:52","guid":{"rendered":"https:\/\/lienhard-ag.dev.hayloft-it.ch\/?page_id=3"},"modified":"2024-02-22T20:01:01","modified_gmt":"2024-02-22T19:01:01","slug":"declaration-de-protection-des-donnees","status":"publish","type":"page","link":"https:\/\/lienhard-ag.ch\/fr\/datenschutzerklaerung\/","title":{"rendered":"D\u00e9claration de confidentialit\u00e9"},"content":{"rendered":"<h1 class=\"wp-block-heading\">D\u00e9claration de confidentialit\u00e9<\/h1>\n\n\n\n<p class=\"has-medium-font-size\">La protection de nos donn\u00e9es est l'une de nos principales pr\u00e9occupations. Dans cette d\u00e9claration, nous expliquons quelles donn\u00e9es nous collectons et pourquoi, et comment nous traitons les donn\u00e9es collect\u00e9es.<\/p>\n\n\n\n<div class=\"wp-block-file\"><a id=\"wp-block-file--media-f36bfde1-6819-4e7f-a5af-2c81fe65d949\" href=\"https:\/\/lienhard-ag.ch\/wp-content\/uploads\/2024\/02\/qmd147-m5_datenschutzerklaerung_web.pdf\">D\u00e9claration de protection des donn\u00e9es de K. Lienhard AG<\/a><\/div>\n\n\n\n<div class=\"wp-block-buttons is-layout-flex wp-block-buttons-is-layout-flex\"><\/div>\n\n\n\n<h2 class=\"wp-block-heading\">D\u00e9claration de confidentialit\u00e9 pour les proc\u00e9dures de candidature<\/h2>\n\n\n\n<p>Dans le cadre des proc\u00e9dures de candidature, des donn\u00e9es personnelles sont trait\u00e9es. La d\u00e9claration de protection des donn\u00e9es pour les proc\u00e9dures de candidature r\u00e9git le traitement des donn\u00e9es dans le cadre des candidatures re\u00e7ues.<\/p>\n\n\n\n<div class=\"wp-block-file\"><a id=\"wp-block-file--media-f22f86aa-137e-4706-b2e4-b7ecdd91bca4\" href=\"https:\/\/lienhard-ag.ch\/wp-content\/uploads\/2024\/02\/qmd148-m5dbv_datenschutzerklaerung-bewerbungsverfahren_web.pdf\">D\u00e9claration de confidentialit\u00e9 pour les proc\u00e9dures de candidature<\/a><\/div>\n\n\n\n<div class=\"wp-block-group alignwide has-primary-light-background-color has-background is-layout-constrained wp-block-group-is-layout-constrained\">\n<h2 class=\"wp-block-heading has-text-align-left\">Comment nous contacter<\/h2>\n\n\n\n<p class=\"has-text-align-left\">Si vous avez des questions ou des pr\u00e9occupations concernant la protection de vos donn\u00e9es par nos soins, veuillez nous contacter.<\/p>\n\n\n\n<div class=\"wp-block-buttons is-content-justification-left is-layout-flex wp-container-core-buttons-is-layout-fdcfc74e wp-block-buttons-is-layout-flex\">\n<div class=\"wp-block-button\"><a class=\"wp-block-button__link wp-element-button\" href=\"https:\/\/lienhard-ag.ch\/fr\/contact\/\">Formulaire de contact<\/a><\/div>\n<\/div>\n<\/div>\n\n\n\n<h3 class=\"wp-block-heading\"><br>Le responsable du traitement des donn\u00e9es est :<\/h3>\n\n\n\n<p>K. Lienhard SA<br>Bureau d'ing\u00e9nieurs<br>Andr\u00e9 Keller<br>Bolimattstrasse 5<br>5033 Buchs-Aarau<\/p>\n\n\n\n<p>T\u00e9l\u00e9phone +41 62 832 82 82<br><a href=\"mailto:info@lienhard-ag.ch\">info@lienhard-ag.ch<\/a><\/p>","protected":false},"excerpt":{"rendered":"<p>Datenschutzerkl\u00e4rung Der Schutz unserer Daten ist eines unserer wichtigsten Anliegen. In dieser Erkl\u00e4rung legen wir dar, welche Daten wir sammeln und warum, und wie wir mit den gesammelten Daten umgehen. Datenschutzerkl\u00e4rung f\u00fcr Bewerbungsverfahren Im Rahmen von Bewerbungsverfahren kommt es zu einer Bearbeitung von pers\u00f6nlichen Daten. Die Datenschutzerkl\u00e4rung f\u00fcr Bewerbungsverfahren regelt die Datenverarbeitung im Zusammenhang mit [&hellip;]<\/p>\n","protected":false},"author":1,"featured_media":0,"parent":0,"menu_order":0,"comment_status":"closed","ping_status":"closed","template":"","meta":{"footnotes":""},"class_list":["post-3","page","type-page","status-publish","hentry"],"acf":[],"_links":{"self":[{"href":"https:\/\/lienhard-ag.ch\/fr\/wp-json\/wp\/v2\/pages\/3","targetHints":{"allow":["GET"]}}],"collection":[{"href":"https:\/\/lienhard-ag.ch\/fr\/wp-json\/wp\/v2\/pages"}],"about":[{"href":"https:\/\/lienhard-ag.ch\/fr\/wp-json\/wp\/v2\/types\/page"}],"author":[{"embeddable":true,"href":"https:\/\/lienhard-ag.ch\/fr\/wp-json\/wp\/v2\/users\/1"}],"replies":[{"embeddable":true,"href":"https:\/\/lienhard-ag.ch\/fr\/wp-json\/wp\/v2\/comments?post=3"}],"version-history":[{"count":26,"href":"https:\/\/lienhard-ag.ch\/fr\/wp-json\/wp\/v2\/pages\/3\/revisions"}],"predecessor-version":[{"id":3151,"href":"https:\/\/lienhard-ag.ch\/fr\/wp-json\/wp\/v2\/pages\/3\/revisions\/3151"}],"wp:attachment":[{"href":"https:\/\/lienhard-ag.ch\/fr\/wp-json\/wp\/v2\/media?parent=3"}],"curies":[{"name":"wp","href":"https:\/\/api.w.org\/{rel}","templated":true}]}}