{"id":473,"date":"2023-09-07T10:43:12","date_gmt":"2023-09-07T08:43:12","guid":{"rendered":"https:\/\/lienhard-ag.dev.hayloft-it.ch\/?page_id=473"},"modified":"2024-02-22T11:46:31","modified_gmt":"2024-02-22T10:46:31","slug":"mentions-legales","status":"publish","type":"page","link":"https:\/\/lienhard-ag.ch\/fr\/impressum\/","title":{"rendered":"Mentions l\u00e9gales"},"content":{"rendered":"<h1 class=\"wp-block-heading\">Mentions l\u00e9gales<\/h1>\n\n\n\n<h2 class=\"wp-block-heading\">Droit d'auteur<\/h2>\n\n\n\n<p>Les contenus du site Internet sont prot\u00e9g\u00e9s par les droits d'auteur. Sauf indication contraire, les contenus ne peuvent \u00eatre utilis\u00e9s - m\u00eame sous forme d'extraits - \u00e0 des fins publiques ou commerciales qu'avec l'accord \u00e9crit de K. Lienhard AG. L'utilisation \u00e0 des fins priv\u00e9es est autoris\u00e9e tant que les documents et les contenus restent inchang\u00e9s.<\/p>\n\n\n\n<h2 class=\"wp-block-heading\">Clause de non-responsabilit\u00e9<\/h2>\n\n\n\n<p>Le contenu du site Internet a \u00e9t\u00e9 \u00e9labor\u00e9 avec le plus grand soin. K. Lienhard AG ne garantit toutefois pas l'actualit\u00e9, l'exactitude, l'exhaustivit\u00e9 ou l'utilisabilit\u00e9 des informations mises \u00e0 disposition. L'utilisation des contenus du site web se fait aux risques et p\u00e9rils de l'utilisateur.<\/p>\n\n\n\n<p>K. Lienhard AG n'a pas v\u00e9rifi\u00e9 les liens vers des sites tiers figurant sur son site. Ces sites Internet \u00e9chappent totalement \u00e0 l'influence de K. Lienhard AG, qui d\u00e9cline donc toute responsabilit\u00e9 quant \u00e0 l'exactitude, l'exhaustivit\u00e9 et la l\u00e9galit\u00e9 de leurs contenus et offres. L'activation d'un lien se fait aux risques et p\u00e9rils de l'utilisateur. Aucune garantie n'est donn\u00e9e pour les contenus \u00e9trangers.<\/p>\n\n\n\n<h2 class=\"wp-block-heading\">Adresse du fournisseur<\/h2>\n\n\n\n<p>K. Lienhard SA<br>Bureau d'ing\u00e9nieurs<br>Bolimattstrasse 5<br>5033 Buchs-Aarau<\/p>\n\n\n\n<p>T\u00e9l\u00e9phone +41 62 832 82 82<br><a href=\"mailto:info@lienhard-ag.ch\"><\/a><a href=\"mailto:info@lienhard-ag.ch\">info@lienhard-ag.ch<\/a><br>CHE-105.772.518 TVA<\/p>","protected":false},"excerpt":{"rendered":"<p>Impressum Urheberrecht Die Inhalte der Website sind urheberrechtlich gesch\u00fctzt. Inhalte d\u00fcrfen ohne anders lautenden Hinweis \u2013 auch auszugsweise &#8211; nur mit schriftlicher Einwilligung der K. Lienhard AG f\u00fcr \u00f6ffentliche oder kommerzielle Zwecke verwendet werden. Die Verwendung f\u00fcr private Zwecke ist erlaubt, solange die Dokumente und Inhalte unver\u00e4ndert bleiben. Haftungsausschluss Die Inhalte der Website wurden mit [&hellip;]<\/p>\n","protected":false},"author":1,"featured_media":0,"parent":0,"menu_order":0,"comment_status":"closed","ping_status":"closed","template":"","meta":{"footnotes":""},"class_list":["post-473","page","type-page","status-publish","hentry"],"acf":[],"_links":{"self":[{"href":"https:\/\/lienhard-ag.ch\/fr\/wp-json\/wp\/v2\/pages\/473","targetHints":{"allow":["GET"]}}],"collection":[{"href":"https:\/\/lienhard-ag.ch\/fr\/wp-json\/wp\/v2\/pages"}],"about":[{"href":"https:\/\/lienhard-ag.ch\/fr\/wp-json\/wp\/v2\/types\/page"}],"author":[{"embeddable":true,"href":"https:\/\/lienhard-ag.ch\/fr\/wp-json\/wp\/v2\/users\/1"}],"replies":[{"embeddable":true,"href":"https:\/\/lienhard-ag.ch\/fr\/wp-json\/wp\/v2\/comments?post=473"}],"version-history":[{"count":3,"href":"https:\/\/lienhard-ag.ch\/fr\/wp-json\/wp\/v2\/pages\/473\/revisions"}],"predecessor-version":[{"id":3108,"href":"https:\/\/lienhard-ag.ch\/fr\/wp-json\/wp\/v2\/pages\/473\/revisions\/3108"}],"wp:attachment":[{"href":"https:\/\/lienhard-ag.ch\/fr\/wp-json\/wp\/v2\/media?parent=473"}],"curies":[{"name":"wp","href":"https:\/\/api.w.org\/{rel}","templated":true}]}}