{"id":48,"date":"2023-08-28T09:38:26","date_gmt":"2023-08-28T07:38:26","guid":{"rendered":"https:\/\/lienhard-ag.dev.hayloft-it.ch\/index.php\/warenkorb\/"},"modified":"2024-02-05T16:33:57","modified_gmt":"2024-02-05T15:33:57","slug":"liste-de-souhaits","status":"publish","type":"page","link":"https:\/\/lienhard-ag.ch\/fr\/produkte\/merkliste\/","title":{"rendered":"Liste de suivi"},"content":{"rendered":"<h1 class=\"wp-block-heading\">Liste de souhaits pour une demande de produits sans engagement<\/h1>\n\n\n\n<p>La fonction aide-m\u00e9moire vous permet de nous demander rapidement et facilement tous les produits qui vous int\u00e9ressent. Pour chaque produit, vous pouvez ajouter un message personnel sur l'aide-m\u00e9moire. Nous vous contacterons d\u00e8s que possible.<\/p>","protected":false},"excerpt":{"rendered":"<p>Liste de souhaits pour une demande de produits sans engagement La fonction liste de souhaits vous permet de nous demander rapidement et facilement tous les produits qui vous int\u00e9ressent. Pour chaque produit, vous pouvez ajouter un message personnel sur l'aide-m\u00e9moire. Nous vous contacterons d\u00e8s que possible.<\/p>","protected":false},"author":1,"featured_media":0,"parent":47,"menu_order":0,"comment_status":"closed","ping_status":"closed","template":"","meta":{"footnotes":""},"class_list":["post-48","page","type-page","status-publish","hentry"],"acf":[],"_links":{"self":[{"href":"https:\/\/lienhard-ag.ch\/fr\/wp-json\/wp\/v2\/pages\/48","targetHints":{"allow":["GET"]}}],"collection":[{"href":"https:\/\/lienhard-ag.ch\/fr\/wp-json\/wp\/v2\/pages"}],"about":[{"href":"https:\/\/lienhard-ag.ch\/fr\/wp-json\/wp\/v2\/types\/page"}],"author":[{"embeddable":true,"href":"https:\/\/lienhard-ag.ch\/fr\/wp-json\/wp\/v2\/users\/1"}],"replies":[{"embeddable":true,"href":"https:\/\/lienhard-ag.ch\/fr\/wp-json\/wp\/v2\/comments?post=48"}],"version-history":[{"count":3,"href":"https:\/\/lienhard-ag.ch\/fr\/wp-json\/wp\/v2\/pages\/48\/revisions"}],"predecessor-version":[{"id":2163,"href":"https:\/\/lienhard-ag.ch\/fr\/wp-json\/wp\/v2\/pages\/48\/revisions\/2163"}],"up":[{"embeddable":true,"href":"https:\/\/lienhard-ag.ch\/fr\/wp-json\/wp\/v2\/pages\/47"}],"wp:attachment":[{"href":"https:\/\/lienhard-ag.ch\/fr\/wp-json\/wp\/v2\/media?parent=48"}],"curies":[{"name":"wp","href":"https:\/\/api.w.org\/{rel}","templated":true}]}}