{"id":67,"date":"2023-08-28T11:30:29","date_gmt":"2023-08-28T09:30:29","guid":{"rendered":"https:\/\/lienhard-ag.dev.hayloft-it.ch\/?page_id=67"},"modified":"2024-02-21T18:00:09","modified_gmt":"2024-02-21T17:00:09","slug":"services","status":"publish","type":"page","link":"https:\/\/lienhard-ag.ch\/fr\/dienstleistungen\/","title":{"rendered":"Services"},"content":{"rendered":"<div class=\"wp-block-cover alignfull is-light\"><span aria-hidden=\"true\" class=\"wp-block-cover__background has-primary-background-color has-background-dim-40 has-background-dim\"><\/span><img loading=\"lazy\" decoding=\"async\" width=\"1640\" height=\"2560\" class=\"wp-block-cover__image-background wp-image-1371\" alt=\"K. Lienhard AG, bureau d&#039;ing\u00e9nieurs, prestataire de services pour les entreprises d&#039;approvisionnement, les villes et les communes en mati\u00e8re de planification, de documentation et d&#039;entretien des infrastructures d&#039;approvisionnement.\" src=\"https:\/\/lienhard-ag.ch\/wp-content\/uploads\/2023\/10\/dienstleistung_3-scaled.webp\" style=\"object-position:37% 42%\" data-object-fit=\"cover\" data-object-position=\"37% 42%\" srcset=\"https:\/\/lienhard-ag.ch\/wp-content\/uploads\/2023\/10\/dienstleistung_3-scaled.webp 1640w, https:\/\/lienhard-ag.ch\/wp-content\/uploads\/2023\/10\/dienstleistung_3-192x300.webp 192w, https:\/\/lienhard-ag.ch\/wp-content\/uploads\/2023\/10\/dienstleistung_3-656x1024.webp 656w, https:\/\/lienhard-ag.ch\/wp-content\/uploads\/2023\/10\/dienstleistung_3-768x1199.webp 768w, https:\/\/lienhard-ag.ch\/wp-content\/uploads\/2023\/10\/dienstleistung_3-984x1536.webp 984w, https:\/\/lienhard-ag.ch\/wp-content\/uploads\/2023\/10\/dienstleistung_3-1312x2048.webp 1312w, https:\/\/lienhard-ag.ch\/wp-content\/uploads\/2023\/10\/dienstleistung_3-8x12.webp 8w, https:\/\/lienhard-ag.ch\/wp-content\/uploads\/2023\/10\/dienstleistung_3-373x582.webp 373w, https:\/\/lienhard-ag.ch\/wp-content\/uploads\/2023\/10\/dienstleistung_3-514x802.webp 514w\" sizes=\"auto, (max-width: 1640px) 100vw, 1640px\" \/><div class=\"wp-block-cover__inner-container is-layout-constrained wp-block-cover-is-layout-constrained\">\n<p class=\"has-text-align-center has-large-font-size\"><\/p>\n<\/div><\/div>\n\n\n\n<h1 class=\"wp-block-heading\">Services<\/h1>\n\n\n\n<p>Nous travaillons en \u00e9troite collaboration avec nos clients. C'est pourquoi nous connaissons leurs besoins sp\u00e9cifiques. Nous disposons de connaissances et d'un savoir-faire qui nous permettent de trouver des solutions optimales et donc adapt\u00e9es \u00e0 la pratique.<\/p>\n\n\n\n<p>Nos collaborateurs mettent tout en \u0153uvre pour r\u00e9aliser votre projet avec succ\u00e8s. Notre exp\u00e9rience marque notre action et donc votre r\u00e9ussite. <a href=\"https:\/\/lienhard-ag.ch\/fr\/contact\/\" data-type=\"page\" data-id=\"72\">Contactez-nous<\/a> vous nous <\/p>\n\n\n<div class=\"alignwide wp-block-lienhard-ag-service-categories\">\n            <a href=\"https:\/\/lienhard-ag.ch\/fr\/dienstleistungen\/planung\/\" class=\"service-category-teaser\">\n            <img decoding=\"async\" src=\"https:\/\/lienhard-ag.ch\/wp-content\/themes\/lienhard-ag\/img\/icons\/ruler-triangle-sharp-light.svg\">\n             <h2 class=\"title\">Planification<\/h2>\n                            <h3 class=\"subtitle\">Meilleure planification, meilleur travail !<\/h3>\n                                        <p>En tant qu'ing\u00e9nieurs et planificateurs, nous analysons et concevons des syst\u00e8mes d'approvisionnement en eau et en gaz. Nous \u00e9tablissons des projets, r\u00e9alisons de nouvelles installations et r\u00e9novons des installations existantes. Nous utilisons pour cela notre savoir-faire interdisciplinaire dans les domaines de l'hydraulique, de l'hygi\u00e8ne et de la construction.<\/p>\n                    <\/a>\n            <a href=\"https:\/\/lienhard-ag.ch\/fr\/dienstleistungen\/dokumentation\/\" class=\"service-category-teaser\">\n            <img decoding=\"async\" src=\"https:\/\/lienhard-ag.ch\/wp-content\/themes\/lienhard-ag\/img\/icons\/plan-sharp-light.svg\">\n             <h2 class=\"title\">Documentation<\/h2>\n                            <h3 class=\"subtitle\">Chez nous, les donn\u00e9es sont en de bonnes mains !<\/h3>\n                                        <p>Les sp\u00e9cialistes en g\u00e9omatique documentent la situation et les informations des r\u00e9seaux de distribution. En tant que pionniers de la premi\u00e8re heure dans le domaine de l'information sur les r\u00e9seaux, nous g\u00e9rons toutes sortes de supports dans diff\u00e9rents syst\u00e8mes. Pour l'utilisation des donn\u00e9es, nous mettons \u00e0 disposition des produits et des solutions qui soutiennent de mani\u00e8re optimale les processus des clients.<\/p>\n                    <\/a>\n            <a href=\"https:\/\/lienhard-ag.ch\/fr\/dienstleistungen\/unterhalt\/\" class=\"service-category-teaser\">\n            <img decoding=\"async\" src=\"https:\/\/lienhard-ag.ch\/wp-content\/themes\/lienhard-ag\/img\/icons\/fire-hydrant-sharp-light.svg\">\n             <h2 class=\"title\">Entretien<\/h2>\n                            <h3 class=\"subtitle\">Faites en sorte que tout arrive \u00e0 destination !<\/h3>\n                                        <p>Pour l'entretien des r\u00e9seaux d'eau et de gaz, nous fournissons des services de d\u00e9tection de fuites, notamment avec nos propres v\u00e9hicules de mesure sp\u00e9ciaux, et nous effectuons des travaux de fontainier. Nous soutenons les services d'approvisionnement 24 heures sur 24 afin d'\u00e9liminer les pertes.<\/p>\n                    <\/a>\n    <\/div>\n\n\n\n<div class=\"wp-block-media-text alignwide has-media-on-the-right is-stacked-on-mobile is-image-fill\"><div class=\"wp-block-media-text__content\">\n<h2 class=\"wp-block-heading\">Nous sommes le partenaire qu'il vous faut<\/h2>\n\n\n\n<p>Nous nous concentrons sur la planification, la documentation et l'entretien des infrastructures de r\u00e9seau - surtout dans le domaine de l'approvisionnement en eau et en gaz. Par notre travail, nous cr\u00e9ons, documentons et entretenons les installations et les r\u00e9seaux actuels et n\u00e9cessaires pour l'avenir - tout cela dans le but d'une exploitation durable, efficace, fiable et s\u00fbre.<\/p>\n\n\n\n<p>En tant que fournisseur de poids en Suisse, nous contribuons largement \u00e0 la s\u00e9curit\u00e9 et \u00e0 la fiabilit\u00e9 des infrastructures publiques et nous nous engageons pour le maintien et le d\u00e9veloppement de ces ouvrages.<\/p>\n\n\n\n<ul class=\"is-style-default wp-block-list\">\n<li>Plus de 60 ans d'exp\u00e9rience<\/li>\n\n\n\n<li>Un savoir-faire solide<\/li>\n\n\n\n<li>Des collaborateurs exp\u00e9riment\u00e9s<\/li>\n<\/ul>\n<\/div><figure class=\"wp-block-media-text__media\" data-no-zoom=\"true\" style=\"background-image:url(https:\/\/lienhard-ag.ch\/wp-content\/uploads\/2023\/12\/gebaeude-749x1024.webp);background-position:37% 61%\"><img loading=\"lazy\" decoding=\"async\" width=\"749\" height=\"1024\" src=\"https:\/\/lienhard-ag.ch\/wp-content\/uploads\/2023\/12\/gebaeude-749x1024.webp\" alt=\"Le bureau d&#039;ing\u00e9nieurs K. Lienhard AG est le partenaire qu&#039;il vous faut pour la planification, la documentation et l&#039;entretien des installations.\" class=\"wp-image-1474 size-full\" srcset=\"https:\/\/lienhard-ag.ch\/wp-content\/uploads\/2023\/12\/gebaeude-749x1024.webp 749w, https:\/\/lienhard-ag.ch\/wp-content\/uploads\/2023\/12\/gebaeude-219x300.webp 219w, https:\/\/lienhard-ag.ch\/wp-content\/uploads\/2023\/12\/gebaeude-768x1050.webp 768w, https:\/\/lienhard-ag.ch\/wp-content\/uploads\/2023\/12\/gebaeude-9x12.webp 9w, https:\/\/lienhard-ag.ch\/wp-content\/uploads\/2023\/12\/gebaeude-373x510.webp 373w, https:\/\/lienhard-ag.ch\/wp-content\/uploads\/2023\/12\/gebaeude-514x703.webp 514w, https:\/\/lienhard-ag.ch\/wp-content\/uploads\/2023\/12\/gebaeude.jpg 838w\" sizes=\"auto, (max-width: 749px) 100vw, 749px\" \/><\/figure><\/div>\n\n\n\n<div class=\"wp-block-group alignwide has-primary-light-background-color has-background is-layout-constrained wp-block-group-is-layout-constrained\">\n<h2 class=\"wp-block-heading\">Vous avez besoin de notre soutien ?<\/h2>\n\n\n\n<p class=\"is-style-lead\">Contactez-nous sans engagement.<\/p>\n\n\n\n<p>Nos <a href=\"https:\/\/lienhard-ag.ch\/fr\/entreprise\/a-propos-de-nous\/collaborateurs\/\" data-type=\"page\" data-id=\"194\">Sp\u00e9cialistes<\/a> sont \u00e0 votre disposition.<\/p>\n\n\n\n<div class=\"wp-block-buttons is-layout-flex wp-block-buttons-is-layout-flex\">\n<div class=\"wp-block-button\"><a class=\"wp-block-button__link wp-element-button\" href=\"https:\/\/lienhard-ag.ch\/fr\/contact\/\">Contact \/ Demandes<\/a><\/div>\n\n\n\n<div class=\"wp-block-button\"><a class=\"wp-block-button__link wp-element-button\" href=\"https:\/\/lienhard-ag.ch\/fr\/services\/entretien\/service-de-piquet-detection-de-fuites\/\">D\u00e9tection de fuites 24h\/24<\/a><\/div>\n\n\n\n<div class=\"wp-block-button\"><a class=\"wp-block-button__link wp-element-button\" href=\"https:\/\/lienhard-ag.ch\/fr\/services\/commande-de-plans\/\">Commande de donn\u00e9es<\/a><\/div>\n\n\n\n<div class=\"wp-block-button\"><a class=\"wp-block-button__link wp-element-button\" href=\"https:\/\/lienhard-ag.ch\/fr\/services\/demande-de-nettoyage-de-reservoir\/\">Nettoyage du r\u00e9servoir<\/a><\/div>\n\n\n\n<div class=\"wp-block-button\"><a class=\"wp-block-button__link wp-element-button\" href=\"https:\/\/lienhard-ag.ch\/fr\/services\/demande-de-desinfection-de-tuyaux\/\">D\u00e9sinfection des tuyaux<\/a><\/div>\n\n\n\n<div class=\"wp-block-button\"><a class=\"wp-block-button__link wp-element-button\" href=\"https:\/\/lienhard-ag.ch\/fr\/produits\/\">Catalogue de produits<\/a><\/div>\n<\/div>\n<\/div>","protected":false},"excerpt":{"rendered":"<p>Services Nous travaillons en \u00e9troite collaboration avec nos clients. C'est pourquoi nous connaissons leurs besoins sp\u00e9cifiques. Nous sommes dot\u00e9s de connaissances et d'un savoir-faire qui nous permettent de trouver des solutions optimales et donc pratiques. Nos collaborateurs mettent tout en \u0153uvre pour r\u00e9aliser votre projet avec succ\u00e8s. Notre exp\u00e9rience marque notre action et donc votre succ\u00e8s. Contactez-nous.<\/p>","protected":false},"author":1,"featured_media":0,"parent":0,"menu_order":0,"comment_status":"closed","ping_status":"closed","template":"","meta":{"footnotes":""},"class_list":["post-67","page","type-page","status-publish","hentry"],"acf":[],"_links":{"self":[{"href":"https:\/\/lienhard-ag.ch\/fr\/wp-json\/wp\/v2\/pages\/67","targetHints":{"allow":["GET"]}}],"collection":[{"href":"https:\/\/lienhard-ag.ch\/fr\/wp-json\/wp\/v2\/pages"}],"about":[{"href":"https:\/\/lienhard-ag.ch\/fr\/wp-json\/wp\/v2\/types\/page"}],"author":[{"embeddable":true,"href":"https:\/\/lienhard-ag.ch\/fr\/wp-json\/wp\/v2\/users\/1"}],"replies":[{"embeddable":true,"href":"https:\/\/lienhard-ag.ch\/fr\/wp-json\/wp\/v2\/comments?post=67"}],"version-history":[{"count":24,"href":"https:\/\/lienhard-ag.ch\/fr\/wp-json\/wp\/v2\/pages\/67\/revisions"}],"predecessor-version":[{"id":3063,"href":"https:\/\/lienhard-ag.ch\/fr\/wp-json\/wp\/v2\/pages\/67\/revisions\/3063"}],"wp:attachment":[{"href":"https:\/\/lienhard-ag.ch\/fr\/wp-json\/wp\/v2\/media?parent=67"}],"curies":[{"name":"wp","href":"https:\/\/api.w.org\/{rel}","templated":true}]}}