{"id":70,"date":"2023-08-28T11:31:03","date_gmt":"2023-08-28T09:31:03","guid":{"rendered":"https:\/\/lienhard-ag.dev.hayloft-it.ch\/?page_id=70"},"modified":"2024-02-26T14:02:54","modified_gmt":"2024-02-26T13:02:54","slug":"entreprise","status":"publish","type":"page","link":"https:\/\/lienhard-ag.ch\/fr\/unternehmen\/","title":{"rendered":"Entreprise"},"content":{"rendered":"<h1 class=\"wp-block-heading\">K. Lienhard AG Bureau d'ing\u00e9nieurs<\/h1>\n\n\n\n<p>Planification | Documentation | Entretien<\/p>\n\n\n\n<p>Depuis des d\u00e9cennies, nous fournissons des services pour le secteur de la distribution de gaz et d'eau. Au fil du temps, l'offre s'est d\u00e9velopp\u00e9e pour devenir une gamme compl\u00e8te de sp\u00e9cialit\u00e9s pour les entreprises de distribution.<\/p>\n\n\n\n<div class=\"wp-block-buttons is-layout-flex wp-block-buttons-is-layout-flex\">\n<div class=\"wp-block-button\"><a class=\"wp-block-button__link wp-element-button\" href=\"https:\/\/lienhard-ag.ch\/fr\/services\/\">Services<\/a><\/div>\n\n\n\n<div class=\"wp-block-button\"><a class=\"wp-block-button__link wp-element-button\" href=\"https:\/\/lienhard-ag.ch\/fr\/produits\/\">Produits<\/a><\/div>\n\n\n\n<div class=\"wp-block-button\"><a class=\"wp-block-button__link wp-element-button\" href=\"https:\/\/lienhard-ag.ch\/fr\/references\/\">R\u00e9f\u00e9rences<\/a><\/div>\n<\/div>\n\n\n\n<div class=\"wp-block-media-text alignwide is-stacked-on-mobile\"><figure class=\"wp-block-media-text__media\" data-no-zoom=\"true\"><img loading=\"lazy\" decoding=\"async\" width=\"1024\" height=\"855\" src=\"https:\/\/lienhard-ag.ch\/wp-content\/uploads\/2024\/02\/unternehmung-1024x855.webp\" alt=\"\" class=\"wp-image-3199 size-full\" srcset=\"https:\/\/lienhard-ag.ch\/wp-content\/uploads\/2024\/02\/unternehmung-1024x855.webp 1024w, https:\/\/lienhard-ag.ch\/wp-content\/uploads\/2024\/02\/unternehmung-300x250.webp 300w, https:\/\/lienhard-ag.ch\/wp-content\/uploads\/2024\/02\/unternehmung-768x641.webp 768w, https:\/\/lienhard-ag.ch\/wp-content\/uploads\/2024\/02\/unternehmung-1536x1282.webp 1536w, https:\/\/lienhard-ag.ch\/wp-content\/uploads\/2024\/02\/unternehmung-2048x1710.webp 2048w, https:\/\/lienhard-ag.ch\/wp-content\/uploads\/2024\/02\/unternehmung-14x12.webp 14w, https:\/\/lienhard-ag.ch\/wp-content\/uploads\/2024\/02\/unternehmung-373x311.webp 373w, https:\/\/lienhard-ag.ch\/wp-content\/uploads\/2024\/02\/unternehmung-514x429.webp 514w\" sizes=\"auto, (max-width: 1024px) 100vw, 1024px\" \/><\/figure><div class=\"wp-block-media-text__content\">\n<h2 class=\"wp-block-heading\">Tradition et agilit\u00e9 depuis 1960<\/h2>\n\n\n\n<p>L'entreprise a \u00e9t\u00e9 fond\u00e9e en 1960 et est depuis 1974 une soci\u00e9t\u00e9 anonyme dont le si\u00e8ge est \u00e0 Buchs-Aarau. L'entreprise conna\u00eet une croissance saine et est depuis toujours entre les mains de ses propres cadres. Cela lui conf\u00e8re une agilit\u00e9 et un dynamisme qui profitent \u00e0 toutes les parties prenantes.<\/p>\n\n\n\n<div class=\"wp-block-buttons is-layout-flex wp-block-buttons-is-layout-flex\">\n<div class=\"wp-block-button\"><a class=\"wp-block-button__link wp-element-button\" href=\"https:\/\/lienhard-ag.ch\/fr\/entreprise\/a-propos-de-nous\/\">\u00c0 propos de nous<\/a><\/div>\n\n\n\n<div class=\"wp-block-button\"><a class=\"wp-block-button__link wp-element-button\" href=\"https:\/\/lienhard-ag.ch\/fr\/entreprise\/a-propos-de-nous\/charte\/\">Charte<\/a><\/div>\n\n\n\n<div class=\"wp-block-button\"><a class=\"wp-block-button__link wp-element-button\" href=\"https:\/\/lienhard-ag.ch\/fr\/entreprise\/a-propos-de-nous\/organisation\/\">Direction<\/a><\/div>\n\n\n\n<div class=\"wp-block-button\"><a class=\"wp-block-button__link wp-element-button\" href=\"https:\/\/lienhard-ag.ch\/fr\/entreprise\/a-propos-de-nous\/collaborateurs\/\">Collaborateurs<\/a><\/div>\n<\/div>\n<\/div><\/div>\n\n\n\n<div class=\"wp-block-media-text alignwide has-media-on-the-right is-stacked-on-mobile is-vertically-aligned-center\"><div class=\"wp-block-media-text__content\">\n<h2 class=\"wp-block-heading\">Travailler chez Lienhard<\/h2>\n\n\n\n<p>Nos collaboratrices et collaborateurs sont porteurs de savoir et d'exp\u00e9rience. En tant qu'entreprise, nous assumons notre responsabilit\u00e9 sociale envers nos collaborateurs, nous leur t\u00e9moignons de l'estime et leur offrons la possibilit\u00e9 de se d\u00e9velopper.<\/p>\n\n\n\n<div class=\"wp-block-buttons is-layout-flex wp-block-buttons-is-layout-flex\">\n<div class=\"wp-block-button\"><a class=\"wp-block-button__link wp-element-button\" href=\"https:\/\/lienhard-ag.ch\/fr\/entreprise\/travailler-chez-lienhard\/postes-vacants\/\">Postes \u00e0 pourvoir<\/a><\/div>\n\n\n\n<div class=\"wp-block-button\"><a class=\"wp-block-button__link wp-element-button\" href=\"https:\/\/lienhard-ag.ch\/fr\/entreprise\/travailler-chez-lienhard\/formation-dapprentis\/\">Apprentissage<\/a><\/div>\n<\/div>\n<\/div><figure class=\"wp-block-media-text__media\" data-no-zoom=\"true\"><img loading=\"lazy\" decoding=\"async\" width=\"864\" height=\"1024\" src=\"https:\/\/lienhard-ag.ch\/wp-content\/uploads\/2024\/02\/arbeiten-bei-lienhard-scaled-e1708952396381-864x1024.webp\" alt=\"\" class=\"wp-image-3200 size-full\" srcset=\"https:\/\/lienhard-ag.ch\/wp-content\/uploads\/2024\/02\/arbeiten-bei-lienhard-scaled-e1708952396381-864x1024.webp 864w, https:\/\/lienhard-ag.ch\/wp-content\/uploads\/2024\/02\/arbeiten-bei-lienhard-scaled-e1708952396381-253x300.webp 253w, https:\/\/lienhard-ag.ch\/wp-content\/uploads\/2024\/02\/arbeiten-bei-lienhard-scaled-e1708952396381-768x910.webp 768w, https:\/\/lienhard-ag.ch\/wp-content\/uploads\/2024\/02\/arbeiten-bei-lienhard-scaled-e1708952396381-1297x1536.webp 1297w, https:\/\/lienhard-ag.ch\/wp-content\/uploads\/2024\/02\/arbeiten-bei-lienhard-scaled-e1708952396381-10x12.webp 10w, https:\/\/lienhard-ag.ch\/wp-content\/uploads\/2024\/02\/arbeiten-bei-lienhard-scaled-e1708952396381-373x442.webp 373w, https:\/\/lienhard-ag.ch\/wp-content\/uploads\/2024\/02\/arbeiten-bei-lienhard-scaled-e1708952396381-514x609.webp 514w, https:\/\/lienhard-ag.ch\/wp-content\/uploads\/2024\/02\/arbeiten-bei-lienhard-scaled-e1708952396381.webp 1570w\" sizes=\"auto, (max-width: 864px) 100vw, 864px\" \/><\/figure><\/div>","protected":false},"excerpt":{"rendered":"<p>K. Lienhard AG Bureau d'ing\u00e9nieurs Planification | Documentation | Entretien Depuis des d\u00e9cennies, nous fournissons des prestations pour le secteur de l'approvisionnement en gaz et en eau. Au fil du temps, l'offre s'est d\u00e9velopp\u00e9e pour devenir une palette d'offres compl\u00e8te avec des sp\u00e9cialit\u00e9s pour les entreprises d'approvisionnement.<\/p>","protected":false},"author":1,"featured_media":0,"parent":0,"menu_order":0,"comment_status":"closed","ping_status":"closed","template":"","meta":{"footnotes":""},"class_list":["post-70","page","type-page","status-publish","hentry"],"acf":[],"_links":{"self":[{"href":"https:\/\/lienhard-ag.ch\/fr\/wp-json\/wp\/v2\/pages\/70","targetHints":{"allow":["GET"]}}],"collection":[{"href":"https:\/\/lienhard-ag.ch\/fr\/wp-json\/wp\/v2\/pages"}],"about":[{"href":"https:\/\/lienhard-ag.ch\/fr\/wp-json\/wp\/v2\/types\/page"}],"author":[{"embeddable":true,"href":"https:\/\/lienhard-ag.ch\/fr\/wp-json\/wp\/v2\/users\/1"}],"replies":[{"embeddable":true,"href":"https:\/\/lienhard-ag.ch\/fr\/wp-json\/wp\/v2\/comments?post=70"}],"version-history":[{"count":28,"href":"https:\/\/lienhard-ag.ch\/fr\/wp-json\/wp\/v2\/pages\/70\/revisions"}],"predecessor-version":[{"id":3228,"href":"https:\/\/lienhard-ag.ch\/fr\/wp-json\/wp\/v2\/pages\/70\/revisions\/3228"}],"wp:attachment":[{"href":"https:\/\/lienhard-ag.ch\/fr\/wp-json\/wp\/v2\/media?parent=70"}],"curies":[{"name":"wp","href":"https:\/\/api.w.org\/{rel}","templated":true}]}}