{"id":84,"date":"2023-08-28T11:36:14","date_gmt":"2023-08-28T09:36:14","guid":{"rendered":"https:\/\/lienhard-ag.dev.hayloft-it.ch\/?page_id=84"},"modified":"2026-01-13T17:17:58","modified_gmt":"2026-01-13T16:17:58","slug":"home","status":"publish","type":"page","link":"https:\/\/lienhard-ag.ch\/fr\/","title":{"rendered":"K. Lienhard SA"},"content":{"rendered":"<div class=\"wp-block-cover alignfull has-custom-content-position is-position-bottom-left is-pattern-hero\" style=\"min-height:100vh;aspect-ratio:unset;\"><span aria-hidden=\"true\" class=\"wp-block-cover__background has-primary-background-color has-background-dim\"><\/span><img loading=\"lazy\" decoding=\"async\" width=\"1707\" height=\"2560\" class=\"wp-block-cover__image-background wp-image-2904\" alt=\"K. Lienhard AG, bureau d&#039;ing\u00e9nieurs pour la planification, la documentation et l&#039;entretien des infrastructures d&#039;approvisionnement\" src=\"https:\/\/lienhard-ag.ch\/wp-content\/uploads\/2024\/02\/DSC4713-scaled.webp\" style=\"object-position:68% 81%\" data-object-fit=\"cover\" data-object-position=\"68% 81%\" srcset=\"https:\/\/lienhard-ag.ch\/wp-content\/uploads\/2024\/02\/DSC4713-scaled.webp 1707w, https:\/\/lienhard-ag.ch\/wp-content\/uploads\/2024\/02\/DSC4713-200x300.webp 200w, https:\/\/lienhard-ag.ch\/wp-content\/uploads\/2024\/02\/DSC4713-683x1024.webp 683w, https:\/\/lienhard-ag.ch\/wp-content\/uploads\/2024\/02\/DSC4713-768x1152.webp 768w, https:\/\/lienhard-ag.ch\/wp-content\/uploads\/2024\/02\/DSC4713-1024x1536.webp 1024w, https:\/\/lienhard-ag.ch\/wp-content\/uploads\/2024\/02\/DSC4713-1365x2048.webp 1365w, https:\/\/lienhard-ag.ch\/wp-content\/uploads\/2024\/02\/DSC4713-8x12.webp 8w, https:\/\/lienhard-ag.ch\/wp-content\/uploads\/2024\/02\/DSC4713-373x560.webp 373w, https:\/\/lienhard-ag.ch\/wp-content\/uploads\/2024\/02\/DSC4713-514x771.webp 514w\" sizes=\"auto, (max-width: 1707px) 100vw, 1707px\" \/><div class=\"wp-block-cover__inner-container is-layout-flow wp-block-cover-is-layout-flow\">\n<h2 class=\"wp-block-heading\">Pour une infrastructure s\u00fbre et fiable<\/h2>\n\n\n\n<p>Nous nous engageons pour le maintien et le d\u00e9veloppement de l'approvisionnement et de l'\u00e9vacuation de l'\u00e9nergie et de l'eau par le biais de r\u00e9seaux.<\/p>\n\n\n\n<div class=\"wp-block-buttons is-layout-flex wp-block-buttons-is-layout-flex\">\n<div class=\"wp-block-button\"><a class=\"wp-block-button__link has-primary-background-color has-background wp-element-button\" href=\"https:\/\/lienhard-ag.ch\/index.php\/dienstleistungen\/\">Nos services<\/a><\/div>\n\n\n\n<div class=\"wp-block-button\"><a class=\"wp-block-button__link has-primary-background-color has-background wp-element-button\" href=\"https:\/\/lienhard-ag.ch\/fr\/entreprise\/travailler-chez-lienhard\/postes-vacants\/\">Travailler chez Lienhard<\/a><\/div>\n<\/div>\n<\/div><\/div>\n\n\n\n<h1 class=\"wp-block-heading\">La soci\u00e9t\u00e9 K. Lienhard SA <br>Bureau d'ing\u00e9nieurs<\/h1>\n\n\n\n<p>En tant qu'entreprise d'approvisionnement, vous voulez garantir un approvisionnement irr\u00e9prochable. Votre infrastructure doit donc \u00eatre planifi\u00e9e \u00e0 long terme, document\u00e9e avec pr\u00e9cision et entretenue en permanence. C'est notre m\u00e9tier. Dans toute la Suisse. Nous vous apportons notre soutien professionnel avec une grande comp\u00e9tence et une qualit\u00e9 \u00e9lev\u00e9e.<\/p>\n\n\n\n<p>Nous concevons, documentons, entretenons et conseillons. En tant que votre partenaire, nous n'apportons pas seulement une large gamme de services et de produits, mais aussi quelques outils robustes :<br>Connaissance du m\u00e9tier, comp\u00e9tence, sens aigu de la qualit\u00e9 - et l'exp\u00e9rience de plus de six d\u00e9cennies. <\/p>\n\n\n\n<div class=\"wp-block-buttons is-layout-flex wp-block-buttons-is-layout-flex\">\n<div class=\"wp-block-button\"><a class=\"wp-block-button__link wp-element-button\" href=\"https:\/\/lienhard-ag.ch\/index.php\/unternehmen\/\">En savoir plus sur l'entreprise<\/a><\/div>\n<\/div>\n\n\n<div class=\"alignwide wp-block-lienhard-ag-service-categories\">\n            <a href=\"https:\/\/lienhard-ag.ch\/fr\/dienstleistungen\/planung\/\" class=\"service-category-teaser\">\n            <img decoding=\"async\" src=\"https:\/\/lienhard-ag.ch\/wp-content\/themes\/lienhard-ag\/img\/icons\/ruler-triangle-sharp-light.svg\">\n             <h2 class=\"title\">Planification<\/h2>\n                            <h3 class=\"subtitle\">Meilleure planification, meilleur travail !<\/h3>\n                                        <p>En tant qu'ing\u00e9nieurs et planificateurs, nous analysons et concevons des syst\u00e8mes d'approvisionnement en eau et en gaz. Nous \u00e9tablissons des projets, r\u00e9alisons de nouvelles installations et r\u00e9novons des installations existantes. Nous utilisons pour cela notre savoir-faire interdisciplinaire dans les domaines de l'hydraulique, de l'hygi\u00e8ne et de la construction.<\/p>\n                    <\/a>\n            <a href=\"https:\/\/lienhard-ag.ch\/fr\/dienstleistungen\/dokumentation\/\" class=\"service-category-teaser\">\n            <img decoding=\"async\" src=\"https:\/\/lienhard-ag.ch\/wp-content\/themes\/lienhard-ag\/img\/icons\/plan-sharp-light.svg\">\n             <h2 class=\"title\">Documentation<\/h2>\n                            <h3 class=\"subtitle\">Chez nous, les donn\u00e9es sont en de bonnes mains !<\/h3>\n                                        <p>Les sp\u00e9cialistes en g\u00e9omatique documentent la situation et les informations des r\u00e9seaux de distribution. En tant que pionniers de la premi\u00e8re heure dans le domaine de l'information sur les r\u00e9seaux, nous g\u00e9rons toutes sortes de supports dans diff\u00e9rents syst\u00e8mes. Pour l'utilisation des donn\u00e9es, nous mettons \u00e0 disposition des produits et des solutions qui soutiennent de mani\u00e8re optimale les processus des clients.<\/p>\n                    <\/a>\n            <a href=\"https:\/\/lienhard-ag.ch\/fr\/dienstleistungen\/unterhalt\/\" class=\"service-category-teaser\">\n            <img decoding=\"async\" src=\"https:\/\/lienhard-ag.ch\/wp-content\/themes\/lienhard-ag\/img\/icons\/fire-hydrant-sharp-light.svg\">\n             <h2 class=\"title\">Entretien<\/h2>\n                            <h3 class=\"subtitle\">Faites en sorte que tout arrive \u00e0 destination !<\/h3>\n                                        <p>Pour l'entretien des r\u00e9seaux d'eau et de gaz, nous fournissons des services de d\u00e9tection de fuites, notamment avec nos propres v\u00e9hicules de mesure sp\u00e9ciaux, et nous effectuons des travaux de fontainier. Nous soutenons les services d'approvisionnement 24 heures sur 24 afin d'\u00e9liminer les pertes.<\/p>\n                    <\/a>\n    <\/div>\n\n\n\n<div class=\"wp-block-group alignfull three-images-with-text is-nowrap is-layout-flex wp-container-core-group-is-layout-ad2f72ca wp-block-group-is-layout-flex\">\n<figure data-no-zoom=\"true\" class=\"wp-block-image size-full\"><img loading=\"lazy\" decoding=\"async\" width=\"2560\" height=\"1920\" src=\"https:\/\/lienhard-ag.ch\/wp-content\/uploads\/2024\/02\/IMG_3318-scaled.webp\" alt=\"\" class=\"wp-image-2912\" srcset=\"https:\/\/lienhard-ag.ch\/wp-content\/uploads\/2024\/02\/IMG_3318-scaled.webp 2560w, https:\/\/lienhard-ag.ch\/wp-content\/uploads\/2024\/02\/IMG_3318-300x225.webp 300w, https:\/\/lienhard-ag.ch\/wp-content\/uploads\/2024\/02\/IMG_3318-1024x768.webp 1024w, https:\/\/lienhard-ag.ch\/wp-content\/uploads\/2024\/02\/IMG_3318-768x576.webp 768w, https:\/\/lienhard-ag.ch\/wp-content\/uploads\/2024\/02\/IMG_3318-1536x1152.webp 1536w, https:\/\/lienhard-ag.ch\/wp-content\/uploads\/2024\/02\/IMG_3318-2048x1536.webp 2048w, https:\/\/lienhard-ag.ch\/wp-content\/uploads\/2024\/02\/IMG_3318-16x12.webp 16w, https:\/\/lienhard-ag.ch\/wp-content\/uploads\/2024\/02\/IMG_3318-373x280.webp 373w, https:\/\/lienhard-ag.ch\/wp-content\/uploads\/2024\/02\/IMG_3318-514x386.webp 514w\" sizes=\"auto, (max-width: 2560px) 100vw, 2560px\" \/><\/figure>\n\n\n\n<figure data-no-zoom=\"true\" class=\"wp-block-image size-large\"><img loading=\"lazy\" decoding=\"async\" width=\"1024\" height=\"680\" src=\"https:\/\/lienhard-ag.ch\/wp-content\/uploads\/2024\/02\/DSC06562_bearb-1024x680.webp\" alt=\"\" class=\"wp-image-2200\" style=\"aspect-ratio:1;object-fit:cover\" srcset=\"https:\/\/lienhard-ag.ch\/wp-content\/uploads\/2024\/02\/DSC06562_bearb-1024x680.webp 1024w, https:\/\/lienhard-ag.ch\/wp-content\/uploads\/2024\/02\/DSC06562_bearb-300x199.webp 300w, https:\/\/lienhard-ag.ch\/wp-content\/uploads\/2024\/02\/DSC06562_bearb-768x510.webp 768w, https:\/\/lienhard-ag.ch\/wp-content\/uploads\/2024\/02\/DSC06562_bearb-1536x1021.webp 1536w, https:\/\/lienhard-ag.ch\/wp-content\/uploads\/2024\/02\/DSC06562_bearb-18x12.webp 18w, https:\/\/lienhard-ag.ch\/wp-content\/uploads\/2024\/02\/DSC06562_bearb-373x248.webp 373w, https:\/\/lienhard-ag.ch\/wp-content\/uploads\/2024\/02\/DSC06562_bearb-514x342.webp 514w, https:\/\/lienhard-ag.ch\/wp-content\/uploads\/2024\/02\/DSC06562_bearb.jpg 1800w\" sizes=\"auto, (max-width: 1024px) 100vw, 1024px\" \/><\/figure>\n\n\n\n<figure data-no-zoom=\"true\" class=\"wp-block-image size-large\"><img loading=\"lazy\" decoding=\"async\" width=\"1024\" height=\"724\" src=\"https:\/\/lienhard-ag.ch\/wp-content\/uploads\/2024\/02\/titelblatt-up-nur-fuer-beispiel-1024x724.webp\" alt=\"\" class=\"wp-image-2929\" style=\"aspect-ratio:1;object-fit:cover\" srcset=\"https:\/\/lienhard-ag.ch\/wp-content\/uploads\/2024\/02\/titelblatt-up-nur-fuer-beispiel-1024x724.webp 1024w, https:\/\/lienhard-ag.ch\/wp-content\/uploads\/2024\/02\/titelblatt-up-nur-fuer-beispiel-300x212.webp 300w, https:\/\/lienhard-ag.ch\/wp-content\/uploads\/2024\/02\/titelblatt-up-nur-fuer-beispiel-768x543.webp 768w, https:\/\/lienhard-ag.ch\/wp-content\/uploads\/2024\/02\/titelblatt-up-nur-fuer-beispiel-18x12.webp 18w, https:\/\/lienhard-ag.ch\/wp-content\/uploads\/2024\/02\/titelblatt-up-nur-fuer-beispiel-373x264.webp 373w, https:\/\/lienhard-ag.ch\/wp-content\/uploads\/2024\/02\/titelblatt-up-nur-fuer-beispiel-514x363.webp 514w, https:\/\/lienhard-ag.ch\/wp-content\/uploads\/2024\/02\/titelblatt-up-nur-fuer-beispiel.jpg 1307w\" sizes=\"auto, (max-width: 1024px) 100vw, 1024px\" \/><\/figure>\n\n\n\n<div class=\"wp-block-group has-primary-light-background-color has-background is-layout-flow wp-block-group-is-layout-flow\">\n<h2 class=\"wp-block-heading\">Travailler au bureau d'ing\u00e9nieurs K. Lienhard AG<\/h2>\n\n\n\n<p>Nous employons des personnes qui, par leur rayonnement, marquent notre collaboration. Ils apportent leur personnalit\u00e9 et leurs forces et b\u00e9n\u00e9ficient de la marge de man\u0153uvre n\u00e9cessaire, de la confiance et de la plus grande responsabilit\u00e9 possible.<\/p>\n\n\n\n<div class=\"wp-block-buttons is-layout-flex wp-block-buttons-is-layout-flex\">\n<div class=\"wp-block-button\"><a class=\"wp-block-button__link wp-element-button\" href=\"https:\/\/lienhard-ag.ch\/fr\/entreprise\/travailler-chez-lienhard\/postes-vacants\/\">Vers les emplois<\/a><\/div>\n<\/div>\n<\/div>\n<\/div>\n\n\n<div class=\"alignwide wp-block-lienhard-ag-significant-numbers\">\n<div class=\"wp-block-lienhard-ag-significant-number\">\n\n<h3 class=\"wp-block-heading\"><strong>66<\/strong><a href=\"https:\/\/lienhard-ag.ch\/fr\/entreprise\/a-propos-de-nous\/\" data-type=\"page\" data-id=\"204\">Ann\u00e9es d'exp\u00e9rience<\/a><\/h3>\n\n\n\n<p>Des d\u00e9cennies de succ\u00e8s au service de nos clients.<\/p>\n\n<\/div>\n\n<div class=\"wp-block-lienhard-ag-significant-number\">\n\n<h3 class=\"wp-block-heading\"><strong>43<\/strong><a href=\"https:\/\/lienhard-ag.ch\/fr\/entreprise\/a-propos-de-nous\/collaborateurs\/\" data-type=\"page\" data-id=\"194\"> Collaborateurs<\/a><\/h3>\n\n\n\n<p>Largement \u00e9tay\u00e9 par des sp\u00e9cialistes exp\u00e9riment\u00e9s.<\/p>\n\n<\/div>\n\n<div class=\"wp-block-lienhard-ag-significant-number\">\n\n<h3 class=\"wp-block-heading\"><strong>03<\/strong> <a href=\"https:\/\/lienhard-ag.ch\/fr\/services\/\" data-type=\"page\" data-id=\"67\">Secteurs d'activit\u00e9<\/a><\/h3>\n\n\n\n<p>Une expertise approfondie dans les domaines de l'approvisionnement.  <\/p>\n\n<\/div>\n\n<div class=\"wp-block-lienhard-ag-significant-number\">\n\n<h3 class=\"wp-block-heading\"><strong>05<\/strong> <a href=\"https:\/\/lienhard-ag.ch\/fr\/contact\/#adressen\" data-type=\"page\" data-id=\"72\">Sites<\/a><\/h3>\n\n\n\n<p>Proche de nos mandants.<\/p>\n\n<\/div>\n<\/div>\n\n\n\n<div class=\"wp-block-group alignwide is-layout-constrained wp-block-group-is-layout-constrained\">\n<div class=\"wp-block-group alignwide is-content-justification-space-between is-nowrap is-layout-flex wp-container-core-group-is-layout-0dfbf163 wp-block-group-is-layout-flex\">\n<h2 class=\"wp-block-heading\">Actualit\u00e9s<\/h2>\n\n\n\n<div class=\"wp-block-buttons is-layout-flex wp-block-buttons-is-layout-flex\">\n<div class=\"wp-block-button\"><a class=\"wp-block-button__link wp-element-button\" href=\"https:\/\/lienhard-ag.ch\/fr\/actualites\/\">Toutes les actualit\u00e9s<\/a><\/div>\n<\/div>\n<\/div>\n\n\n\n<div style=\"height:45px\" aria-hidden=\"true\" class=\"wp-block-spacer\"><\/div>\n\n\n<div class=\"alignwide is-style-offset wp-block-lienhard-ag-posts\">\n    <turbo-frame id=\"posts\" data-turbo=\"true\">\n                        <div class=\"posts teasers\">\n                            <a href=\"https:\/\/lienhard-ag.ch\/fr\/aqua-pro-2026\/\" class=\"post-4089 post type-post status-publish format-standard has-post-thumbnail hentry\" data-turbo=\"false\">\n    <div class=\"image-wrapper\">\n        <img loading=\"lazy\" decoding=\"async\" width=\"1852\" height=\"1334\" src=\"https:\/\/lienhard-ag.ch\/wp-content\/uploads\/2026\/01\/lienhard_aqua-pro-2026_1.webp\" class=\"attachment-post-thumbnail size-post-thumbnail wp-post-image\" alt=\"\" srcset=\"https:\/\/lienhard-ag.ch\/wp-content\/uploads\/2026\/01\/lienhard_aqua-pro-2026_1.webp 1852w, https:\/\/lienhard-ag.ch\/wp-content\/uploads\/2026\/01\/lienhard_aqua-pro-2026_1-300x216.webp 300w, https:\/\/lienhard-ag.ch\/wp-content\/uploads\/2026\/01\/lienhard_aqua-pro-2026_1-1024x738.webp 1024w, https:\/\/lienhard-ag.ch\/wp-content\/uploads\/2026\/01\/lienhard_aqua-pro-2026_1-768x553.webp 768w, https:\/\/lienhard-ag.ch\/wp-content\/uploads\/2026\/01\/lienhard_aqua-pro-2026_1-1536x1106.webp 1536w, https:\/\/lienhard-ag.ch\/wp-content\/uploads\/2026\/01\/lienhard_aqua-pro-2026_1-18x12.webp 18w, https:\/\/lienhard-ag.ch\/wp-content\/uploads\/2026\/01\/lienhard_aqua-pro-2026_1-373x269.webp 373w, https:\/\/lienhard-ag.ch\/wp-content\/uploads\/2026\/01\/lienhard_aqua-pro-2026_1-514x370.webp 514w\" sizes=\"auto, (max-width: 1852px) 100vw, 1852px\" \/>    <\/div>\n    <div class=\"data-wrapper\">\n        <h3 class=\"title\">Foire Aqua Pro \u00e0 Bulle<\/h3>\n        <p class=\"excerpt\"><p>Le salon Aqua Pro s'est d\u00e9roul\u00e9 du 4 au 6 f\u00e9vrier 2026 \u00e0 Espace Gruy\u00e8re, \u00e0 Bulle (Fribourg). K. Lienhard AG revient sur trois jours de salon couronn\u00e9s de succ\u00e8s.<\/p>\n<\/p>\n        <div class=\"wp-element-button read-more\">lire la suite<\/div>\n    <\/div>\n<\/a>                                <a href=\"https:\/\/lienhard-ag.ch\/fr\/aqua-suisse\/\" class=\"post-3972 post type-post status-publish format-standard has-post-thumbnail hentry\" data-turbo=\"false\">\n    <div class=\"image-wrapper\">\n        <img loading=\"lazy\" decoding=\"async\" width=\"2560\" height=\"1407\" src=\"https:\/\/lienhard-ag.ch\/wp-content\/uploads\/2025\/10\/aqua-suisse-2025_unterhalt-versorgungsnetzl-scaled.webp\" class=\"attachment-post-thumbnail size-post-thumbnail wp-post-image\" alt=\"\" srcset=\"https:\/\/lienhard-ag.ch\/wp-content\/uploads\/2025\/10\/aqua-suisse-2025_unterhalt-versorgungsnetzl-scaled.webp 2560w, https:\/\/lienhard-ag.ch\/wp-content\/uploads\/2025\/10\/aqua-suisse-2025_unterhalt-versorgungsnetzl-300x165.webp 300w, https:\/\/lienhard-ag.ch\/wp-content\/uploads\/2025\/10\/aqua-suisse-2025_unterhalt-versorgungsnetzl-1024x563.webp 1024w, https:\/\/lienhard-ag.ch\/wp-content\/uploads\/2025\/10\/aqua-suisse-2025_unterhalt-versorgungsnetzl-768x422.webp 768w, https:\/\/lienhard-ag.ch\/wp-content\/uploads\/2025\/10\/aqua-suisse-2025_unterhalt-versorgungsnetzl-1536x844.webp 1536w, https:\/\/lienhard-ag.ch\/wp-content\/uploads\/2025\/10\/aqua-suisse-2025_unterhalt-versorgungsnetzl-2048x1126.webp 2048w, https:\/\/lienhard-ag.ch\/wp-content\/uploads\/2025\/10\/aqua-suisse-2025_unterhalt-versorgungsnetzl-18x10.webp 18w, https:\/\/lienhard-ag.ch\/wp-content\/uploads\/2025\/10\/aqua-suisse-2025_unterhalt-versorgungsnetzl-373x205.webp 373w, https:\/\/lienhard-ag.ch\/wp-content\/uploads\/2025\/10\/aqua-suisse-2025_unterhalt-versorgungsnetzl-514x283.webp 514w\" sizes=\"auto, (max-width: 2560px) 100vw, 2560px\" \/>    <\/div>\n    <div class=\"data-wrapper\">\n        <h3 class=\"title\">Salon Aqua Suisse 2025<\/h3>\n        <p class=\"excerpt\"><p>26 + 27 novembre 2025 \/ Foire de Zurich<\/p>\n<\/p>\n        <div class=\"wp-element-button read-more\">lire la suite<\/div>\n    <\/div>\n<\/a>                                <a href=\"https:\/\/lienhard-ag.ch\/fr\/inspektion-loschwasserversorgung-im-auftrag-der-agv\/\" class=\"post-962 post type-post status-publish format-standard has-post-thumbnail hentry\" data-turbo=\"false\">\n    <div class=\"image-wrapper\">\n        <img loading=\"lazy\" decoding=\"async\" width=\"2016\" height=\"1134\" src=\"https:\/\/lienhard-ag.ch\/wp-content\/uploads\/2024\/02\/hydrantenmessung.jpg\" class=\"attachment-post-thumbnail size-post-thumbnail wp-post-image\" alt=\"\" srcset=\"https:\/\/lienhard-ag.ch\/wp-content\/uploads\/2024\/02\/hydrantenmessung.jpg 2016w, https:\/\/lienhard-ag.ch\/wp-content\/uploads\/2024\/02\/hydrantenmessung-300x169.webp 300w, https:\/\/lienhard-ag.ch\/wp-content\/uploads\/2024\/02\/hydrantenmessung-1024x576.webp 1024w, https:\/\/lienhard-ag.ch\/wp-content\/uploads\/2024\/02\/hydrantenmessung-768x432.webp 768w, https:\/\/lienhard-ag.ch\/wp-content\/uploads\/2024\/02\/hydrantenmessung-1536x864.webp 1536w, https:\/\/lienhard-ag.ch\/wp-content\/uploads\/2024\/02\/hydrantenmessung-18x10.webp 18w, https:\/\/lienhard-ag.ch\/wp-content\/uploads\/2024\/02\/hydrantenmessung-373x210.webp 373w, https:\/\/lienhard-ag.ch\/wp-content\/uploads\/2024\/02\/hydrantenmessung-514x289.webp 514w\" sizes=\"auto, (max-width: 2016px) 100vw, 2016px\" \/>    <\/div>\n    <div class=\"data-wrapper\">\n        <h3 class=\"title\">Inspection de l'approvisionnement en eau d'extinction pour le compte de l'AGV<\/h3>\n        <p class=\"excerpt\"><p>Depuis 2017, nous effectuons les inspections des syst\u00e8mes d'alimentation en eau d'extinction dans le canton d'Argovie pour le compte de l'Assurance immobili\u00e8re argovienne.<\/p>\n<\/p>\n        <div class=\"wp-element-button read-more\">lire la suite<\/div>\n    <\/div>\n<\/a>                        <\/div>\n            <\/turbo-frame>\n<\/div>\n<\/div>\n\n\n\n<div class=\"wp-block-group alignwide has-primary-light-background-color has-background is-layout-constrained wp-block-group-is-layout-constrained\">\n<h2 class=\"wp-block-heading\">Vous avez besoin de notre soutien ?<\/h2>\n\n\n\n<p class=\"is-style-lead\">Contactez-nous sans engagement.<\/p>\n\n\n\n<p>Nos <a href=\"https:\/\/lienhard-ag.ch\/fr\/entreprise\/a-propos-de-nous\/collaborateurs\/\" data-type=\"page\" data-id=\"194\">Sp\u00e9cialistes<\/a> sont \u00e0 votre disposition.<\/p>\n\n\n\n<div class=\"wp-block-buttons is-layout-flex wp-block-buttons-is-layout-flex\">\n<div class=\"wp-block-button\"><a class=\"wp-block-button__link wp-element-button\" href=\"https:\/\/lienhard-ag.ch\/fr\/contact\/\">Contact \/ Demandes<\/a><\/div>\n\n\n\n<div class=\"wp-block-button\"><a class=\"wp-block-button__link wp-element-button\" href=\"https:\/\/lienhard-ag.ch\/fr\/services\/entretien\/service-de-piquet-detection-de-fuites\/\">D\u00e9tection de fuites 24h\/24<\/a><\/div>\n\n\n\n<div class=\"wp-block-button\"><a class=\"wp-block-button__link wp-element-button\" href=\"https:\/\/lienhard-ag.ch\/fr\/services\/commande-de-plans\/\">Commande de donn\u00e9es<\/a><\/div>\n\n\n\n<div class=\"wp-block-button\"><a class=\"wp-block-button__link wp-element-button\" href=\"https:\/\/lienhard-ag.ch\/fr\/services\/demande-de-nettoyage-de-reservoir\/\">Nettoyage du r\u00e9servoir<\/a><\/div>\n\n\n\n<div class=\"wp-block-button\"><a class=\"wp-block-button__link wp-element-button\" href=\"https:\/\/lienhard-ag.ch\/fr\/services\/demande-de-desinfection-de-tuyaux\/\">D\u00e9sinfection des tuyaux<\/a><\/div>\n\n\n\n<div class=\"wp-block-button\"><a class=\"wp-block-button__link wp-element-button\" href=\"https:\/\/lienhard-ag.ch\/fr\/produits\/\">Catalogue de produits<\/a><\/div>\n<\/div>\n<\/div>","protected":false},"excerpt":{"rendered":"<p>Die K. Lienhard AG Ingenieurb\u00fcro Als Versorgungsunternehmen wollen Sie eine tadellose Versorgung gew\u00e4hrleisten. Ihre Infrastruktur muss darum weitsichtig geplant, genau dokumentiert und kontinuierlich unterhalten werden. Das ist unser Metier. Schweizweit. Mit grosser Kompetenz und hoher Qualit\u00e4t unterst\u00fctzen wir Sie professionell. Wir konzipieren, dokumentieren, pflegen und beraten. Als Ihr Partner bringen wir nicht nur ein breites [&hellip;]<\/p>\n","protected":false},"author":1,"featured_media":0,"parent":0,"menu_order":0,"comment_status":"closed","ping_status":"closed","template":"","meta":{"footnotes":""},"class_list":["post-84","page","type-page","status-publish","hentry"],"acf":[],"_links":{"self":[{"href":"https:\/\/lienhard-ag.ch\/fr\/wp-json\/wp\/v2\/pages\/84","targetHints":{"allow":["GET"]}}],"collection":[{"href":"https:\/\/lienhard-ag.ch\/fr\/wp-json\/wp\/v2\/pages"}],"about":[{"href":"https:\/\/lienhard-ag.ch\/fr\/wp-json\/wp\/v2\/types\/page"}],"author":[{"embeddable":true,"href":"https:\/\/lienhard-ag.ch\/fr\/wp-json\/wp\/v2\/users\/1"}],"replies":[{"embeddable":true,"href":"https:\/\/lienhard-ag.ch\/fr\/wp-json\/wp\/v2\/comments?post=84"}],"version-history":[{"count":66,"href":"https:\/\/lienhard-ag.ch\/fr\/wp-json\/wp\/v2\/pages\/84\/revisions"}],"predecessor-version":[{"id":4081,"href":"https:\/\/lienhard-ag.ch\/fr\/wp-json\/wp\/v2\/pages\/84\/revisions\/4081"}],"wp:attachment":[{"href":"https:\/\/lienhard-ag.ch\/fr\/wp-json\/wp\/v2\/media?parent=84"}],"curies":[{"name":"wp","href":"https:\/\/api.w.org\/{rel}","templated":true}]}}