{"id":1072,"date":"2023-10-03T10:08:46","date_gmt":"2023-10-03T08:08:46","guid":{"rendered":"https:\/\/lienhard-ag.dev.hayloft-it.ch\/?post_type=product&#038;p=1072"},"modified":"2024-02-27T19:06:40","modified_gmt":"2024-02-27T18:06:40","slug":"ex-tec-pm-580-550-500","status":"publish","type":"product","link":"https:\/\/lienhard-ag.ch\/fr\/produkt\/ex-tec-pm-580-550-500\/","title":{"rendered":"EX-TEC PM 580 \/ 550 \/ 500"},"content":{"rendered":"<h3><strong>Caract\u00e9ristiques<\/strong><\/h3>\n<ul>\n<li>Soutien intelligent pour les tests fonctionnels guid\u00e9s<\/li>\n<li>\u00e9cran 2,5\" tr\u00e8s lisible dans tous les environnements : brillant, contrast\u00e9, tr\u00e8s net, \u00e9clair\u00e9<\/li>\n<li>Tr\u00e8s facile \u00e0 utiliser : navigation simple via 4 touches et structure de menu claire pour tous les cas d'utilisation<\/li>\n<li>V\u00e9ritable utilisation \u00e0 une main : convient aux droitiers comme aux gauchers<\/li>\n<li>Appareil maniable : le bo\u00eetier maniable tient bien dans la main<\/li>\n<li>Reconnaissance rapide de l'encrassement du filtre gr\u00e2ce \u00e0 la fermeture transparente devant le filtre \u00e0 poussi\u00e8re facile \u00e0 changer<\/li>\n<li>protection par alarme de la pompe en cas de contact avec l'eau du filtre hydrophobe<\/li>\n<li>D\u00e9tecte jusqu'\u00e0 cinq gaz diff\u00e9rents avec un \u00e9quipement maximal<\/li>\n<li>Manipulation pratique gr\u00e2ce \u00e0 la sonde courte et au clip ceinture<\/li>\n<li>Pr\u00e9-alarme et alarme principale sonores et visuelles en cas de concentration dangereuse de gaz<\/li>\n<li>Alimentation \u00e9lectrique flexible : Piles rechargeables Mignon (AA) ou piles<\/li>\n<\/ul>\n<h3><strong>Une ergonomie qui vous facilite le travail<\/strong><\/h3>\n<p>Une fois que vous l'aurez pris en main, vous ne voudrez plus vous s\u00e9parer de cet appareil antid\u00e9flagrant et IP65. Gr\u00e2ce \u00e0 son bo\u00eetier antid\u00e9rapant avec rev\u00eatement en caoutchouc, il tient bien en main. L'\u00e9cran \u00e0 fort contraste marque des points avec une repr\u00e9sentation tr\u00e8s nette et est tr\u00e8s lisible m\u00eame en plein soleil. Toutes les fonctions de l'appareil sont accessibles rapidement gr\u00e2ce au bloc de commande \u00e0 4 touches (2 touches fl\u00e9ch\u00e9es, touche de menu, touche d'entr\u00e9e). La touche marche\/arr\u00eat s\u00e9par\u00e9e n'a pas d'autre fonction.<\/p>","protected":false},"excerpt":{"rendered":"<p>Les appareils portables de mesure de la concentration de gaz pour d\u00e9tecter, mesurer et alerter<\/p>\n<p>Il vous permet de localiser les fuites sur les conduites de gaz librement accessibles, d'\u00e9valuer le risque d'explosion et de d\u00e9terminer les gaz toxiques. Le site <strong>EX-TEC<sup>\u00ae<\/sup> PM 580<\/strong> indique la concentration de monoxyde de carbone dans l'air ambiant et d\u00e9clenche une alarme sonore et visuelle en cas de valeurs trop \u00e9lev\u00e9es.<\/p>","protected":false},"featured_media":1079,"template":"","meta":[],"product_brand":[],"product_cat":[77,31],"product_tag":[],"class_list":{"0":"post-1072","1":"product","2":"type-product","3":"status-publish","4":"has-post-thumbnail","6":"product_cat-gaslecksuche","7":"product_cat-geraete-gas","9":"first","10":"instock","11":"shipping-taxable","12":"purchasable","13":"product-type-simple"},"acf":[],"_links":{"self":[{"href":"https:\/\/lienhard-ag.ch\/fr\/wp-json\/wp\/v2\/product\/1072","targetHints":{"allow":["GET"]}}],"collection":[{"href":"https:\/\/lienhard-ag.ch\/fr\/wp-json\/wp\/v2\/product"}],"about":[{"href":"https:\/\/lienhard-ag.ch\/fr\/wp-json\/wp\/v2\/types\/product"}],"wp:featuredmedia":[{"embeddable":true,"href":"https:\/\/lienhard-ag.ch\/fr\/wp-json\/wp\/v2\/media\/1079"}],"wp:attachment":[{"href":"https:\/\/lienhard-ag.ch\/fr\/wp-json\/wp\/v2\/media?parent=1072"}],"wp:term":[{"taxonomy":"product_brand","embeddable":true,"href":"https:\/\/lienhard-ag.ch\/fr\/wp-json\/wp\/v2\/product_brand?post=1072"},{"taxonomy":"product_cat","embeddable":true,"href":"https:\/\/lienhard-ag.ch\/fr\/wp-json\/wp\/v2\/product_cat?post=1072"},{"taxonomy":"product_tag","embeddable":true,"href":"https:\/\/lienhard-ag.ch\/fr\/wp-json\/wp\/v2\/product_tag?post=1072"}],"curies":[{"name":"wp","href":"https:\/\/api.w.org\/{rel}","templated":true}]}}