{"id":1089,"date":"2023-10-03T17:28:45","date_gmt":"2023-10-03T15:28:45","guid":{"rendered":"https:\/\/lienhard-ag.dev.hayloft-it.ch\/?post_type=product&#038;p=1089"},"modified":"2024-02-27T17:59:28","modified_gmt":"2024-02-27T16:59:28","slug":"ex-tec-snooper-4","status":"publish","type":"product","link":"https:\/\/lienhard-ag.ch\/fr\/produkt\/ex-tec-snooper-4\/","title":{"rendered":"EX-TEC SNOOPER 4"},"content":{"rendered":"<h3>Caract\u00e9ristiques<\/h3>\n<ul>\n<li>Test de l'air ambiant (test \u00e0 domicile)<\/li>\n<li>Grand \u00e9cran LCD r\u00e9tro-\u00e9clair\u00e9<\/li>\n<li>Utilisation facile gr\u00e2ce \u00e0 trois boutons<\/li>\n<li>Autotest \u00e0 la mise en marche<\/li>\n<li>Menu utilisateur<\/li>\n<li>Menu de fonctions pour la configuration individuelle de l'appareil (prot\u00e9g\u00e9 par code PIN)<\/li>\n<li>Base de donn\u00e9es de gaz avec \u00e9talonnage sur le m\u00e9thane et d'autres gaz, par ex. propane, butane, hexane, nonane, hydrog\u00e8ne, k\u00e9ros\u00e8ne<\/li>\n<li>Concentrations de gaz d'essai r\u00e9glables<\/li>\n<li>Sensibilit\u00e9 minimale s\u00e9lectionnable de 1 ... 100 ppm<\/li>\n<li>signal en fonction de la concentration, sonore et visuel<\/li>\n<li>Alimentation par piles ou batteries rechargeables<\/li>\n<li>Protection EX<\/li>\n<\/ul>\n<h3>D\u00e9tecteur de gaz avec ou sans pompe<\/h3>\n<p>Le concept modulaire de l'appareil permet de choisir entre un appareil de base sans pompe (appareil \u00e0 diffusion) et un appareil avec pompe int\u00e9gr\u00e9e.<\/p>","protected":false},"excerpt":{"rendered":"<p>D\u00e9tecteur de gaz pour les installations int\u00e9rieures<\/p>\n<p>Le site\u00a0<strong>EX-TEC<sup>\u00ae<\/sup> SNOOPER 4<\/strong>\u00a0est un d\u00e9tecteur de gaz qui permet de d\u00e9tecter les plus petites fuites sur les conduites d'installation et les points de raccordement.<\/p>","protected":false},"featured_media":1090,"template":"","meta":[],"product_brand":[],"product_cat":[77],"product_tag":[],"class_list":{"0":"post-1089","1":"product","2":"type-product","3":"status-publish","4":"has-post-thumbnail","6":"product_cat-gaslecksuche","8":"first","9":"instock","10":"shipping-taxable","11":"purchasable","12":"product-type-simple"},"acf":[],"_links":{"self":[{"href":"https:\/\/lienhard-ag.ch\/fr\/wp-json\/wp\/v2\/product\/1089","targetHints":{"allow":["GET"]}}],"collection":[{"href":"https:\/\/lienhard-ag.ch\/fr\/wp-json\/wp\/v2\/product"}],"about":[{"href":"https:\/\/lienhard-ag.ch\/fr\/wp-json\/wp\/v2\/types\/product"}],"wp:featuredmedia":[{"embeddable":true,"href":"https:\/\/lienhard-ag.ch\/fr\/wp-json\/wp\/v2\/media\/1090"}],"wp:attachment":[{"href":"https:\/\/lienhard-ag.ch\/fr\/wp-json\/wp\/v2\/media?parent=1089"}],"wp:term":[{"taxonomy":"product_brand","embeddable":true,"href":"https:\/\/lienhard-ag.ch\/fr\/wp-json\/wp\/v2\/product_brand?post=1089"},{"taxonomy":"product_cat","embeddable":true,"href":"https:\/\/lienhard-ag.ch\/fr\/wp-json\/wp\/v2\/product_cat?post=1089"},{"taxonomy":"product_tag","embeddable":true,"href":"https:\/\/lienhard-ag.ch\/fr\/wp-json\/wp\/v2\/product_tag?post=1089"}],"curies":[{"name":"wp","href":"https:\/\/api.w.org\/{rel}","templated":true}]}}