{"id":1099,"date":"2023-10-04T08:36:41","date_gmt":"2023-10-04T06:36:41","guid":{"rendered":"https:\/\/lienhard-ag.dev.hayloft-it.ch\/?post_type=product&#038;p=1099"},"modified":"2024-02-27T17:59:14","modified_gmt":"2024-02-27T16:59:14","slug":"snooper-mini","status":"publish","type":"product","link":"https:\/\/lienhard-ag.ch\/fr\/produkt\/snooper-mini\/","title":{"rendered":"SNOOPER mini"},"content":{"rendered":"<h3>Caract\u00e9ristiques<\/h3>\n<ul>\n<li>Deux variantes d'appareils : <strong>SNOOPER mini<\/strong> &gt; avec col de cygne flexible<br \/>\n(longueur 22 cm) et <strong>SNOOPER mini H<\/strong> &gt; avec sonde manuelle (c\u00e2ble spiral\u00e9, poign\u00e9e, col de cygne flexible)<\/li>\n<li>Appareil disponible pour le m\u00e9thane, le propane et l'hydrog\u00e8ne<\/li>\n<li>Filtre de capteur interchangeable<\/li>\n<li>Temps de chauffe tr\u00e8s court, rapidement pr\u00eat \u00e0 l'emploi<\/li>\n<li>Signal acoustique : d\u00e9pend de la concentration et peut \u00eatre d\u00e9sactiv\u00e9<\/li>\n<li>L'affichage LCD s'allume lors de l'utilisation<\/li>\n<li>Un rapport qualit\u00e9-prix convaincant<\/li>\n<\/ul>","protected":false},"excerpt":{"rendered":"<p>D\u00e9tecteur de gaz maniable avec affichage de la concentration de gaz en ppm<\/p>\n<p>Le site <strong>SNOOPER mini<\/strong> est un d\u00e9tecteur de gaz robuste qui permet de v\u00e9rifier l'\u00e9tanch\u00e9it\u00e9 des conduites de gaz libres. Les fuites sont d\u00e9tect\u00e9es par la d\u00e9tection d'un point de raccordement, par exemple au niveau des raccords, des brides, des raccords viss\u00e9s et des vannes de r\u00e9gulation de gaz. Il est \u00e9galement possible de contr\u00f4ler les entr\u00e9es d'immeubles ainsi que les conduites de gaz cach\u00e9es dans des cavit\u00e9s aux points de sortie d'air.<\/p>","protected":false},"featured_media":1100,"template":"","meta":[],"product_brand":[],"product_cat":[77,31],"product_tag":[],"class_list":{"0":"post-1099","1":"product","2":"type-product","3":"status-publish","4":"has-post-thumbnail","6":"product_cat-gaslecksuche","7":"product_cat-geraete-gas","9":"first","10":"instock","11":"shipping-taxable","12":"purchasable","13":"product-type-simple"},"acf":[],"_links":{"self":[{"href":"https:\/\/lienhard-ag.ch\/fr\/wp-json\/wp\/v2\/product\/1099","targetHints":{"allow":["GET"]}}],"collection":[{"href":"https:\/\/lienhard-ag.ch\/fr\/wp-json\/wp\/v2\/product"}],"about":[{"href":"https:\/\/lienhard-ag.ch\/fr\/wp-json\/wp\/v2\/types\/product"}],"wp:featuredmedia":[{"embeddable":true,"href":"https:\/\/lienhard-ag.ch\/fr\/wp-json\/wp\/v2\/media\/1100"}],"wp:attachment":[{"href":"https:\/\/lienhard-ag.ch\/fr\/wp-json\/wp\/v2\/media?parent=1099"}],"wp:term":[{"taxonomy":"product_brand","embeddable":true,"href":"https:\/\/lienhard-ag.ch\/fr\/wp-json\/wp\/v2\/product_brand?post=1099"},{"taxonomy":"product_cat","embeddable":true,"href":"https:\/\/lienhard-ag.ch\/fr\/wp-json\/wp\/v2\/product_cat?post=1099"},{"taxonomy":"product_tag","embeddable":true,"href":"https:\/\/lienhard-ag.ch\/fr\/wp-json\/wp\/v2\/product_tag?post=1099"}],"curies":[{"name":"wp","href":"https:\/\/api.w.org\/{rel}","templated":true}]}}