{"id":1111,"date":"2023-10-04T09:31:07","date_gmt":"2023-10-04T07:31:07","guid":{"rendered":"https:\/\/lienhard-ag.dev.hayloft-it.ch\/?post_type=product&#038;p=1111"},"modified":"2024-02-27T15:02:56","modified_gmt":"2024-02-27T14:02:56","slug":"variotec-460-gaz-traceur","status":"publish","type":"product","link":"https:\/\/lienhard-ag.ch\/fr\/produkt\/variotec-460-tracergas\/","title":{"rendered":"Gaz traceur VARIOTEC 460"},"content":{"rendered":"<h3>Caract\u00e9ristiques<\/h3>\n<ul>\n<li><strong>Pr\u00e9cis<\/strong><br \/>\nLa sensibilit\u00e9 crois\u00e9e exceptionnellement faible du capteur \u00e0 semi-conducteurs sensible au gaz par rapport \u00e0 l'humidit\u00e9 et au m\u00e9thane garantit des r\u00e9sultats absolument fiables et une r\u00e9solution allant jusqu'\u00e0 0,1 ppm H<sub>2<\/sub>.<\/li>\n<li><strong>Fonctionnel<\/strong><br \/>\nGr\u00e2ce \u00e0 un concept d'utilisation innovant, un grand \u00e9cran et un guidage par menu simple, le travail est rapide et s\u00fbr.<\/li>\n<li><strong>Efficace<\/strong><br \/>\nEn combinaison avec la sonde \u00e0 cloche D80, vous obtenez d'excellents temps de r\u00e9action.<\/li>\n<li><strong>Flexible<\/strong><br \/>\nLa plage de mesure \u00e9tendue du capteur de conductivit\u00e9 thermique jusqu'\u00e0 100 vol.-% H<sub>2<\/sub> permet de r\u00e9aliser sans probl\u00e8me d'autres t\u00e2ches de mesure.<\/li>\n<li><strong>Int\u00e9gr\u00e9<\/strong><br \/>\nEnregistrez vos mesures et transf\u00e9rez les r\u00e9sultats sur votre ordinateur via le port USB.<\/li>\n<li><strong>Mobile<\/strong><br \/>\nLa charge des 4 piles AA s'effectue en seulement 3 heures et l'autonomie est d'au moins 8 heures. Il est \u00e9galement possible d'utiliser des piles.<\/li>\n<\/ul>","protected":false},"excerpt":{"rendered":"<p>Appareil de d\u00e9tection et de mesure de gaz pour l'utilisation de gaz traceur<\/p>\n<p>Le sp\u00e9cialiste de la recherche de fuites \u00e0 l'aide de gaz traceur et d'hydrog\u00e8ne. Leur utilisation est une m\u00e9thode \u00e9prouv\u00e9e pour localiser les points de fuite.<\/p>","protected":false},"featured_media":1118,"template":"","meta":[],"product_brand":[],"product_cat":[77,31,76,38],"product_tag":[],"class_list":{"0":"post-1111","1":"product","2":"type-product","3":"status-publish","4":"has-post-thumbnail","6":"product_cat-gaslecksuche","7":"product_cat-geraete-gas","8":"product_cat-gasmessgeraete","9":"product_cat-tracergas","11":"first","12":"instock","13":"shipping-taxable","14":"purchasable","15":"product-type-simple"},"acf":[],"_links":{"self":[{"href":"https:\/\/lienhard-ag.ch\/fr\/wp-json\/wp\/v2\/product\/1111","targetHints":{"allow":["GET"]}}],"collection":[{"href":"https:\/\/lienhard-ag.ch\/fr\/wp-json\/wp\/v2\/product"}],"about":[{"href":"https:\/\/lienhard-ag.ch\/fr\/wp-json\/wp\/v2\/types\/product"}],"wp:featuredmedia":[{"embeddable":true,"href":"https:\/\/lienhard-ag.ch\/fr\/wp-json\/wp\/v2\/media\/1118"}],"wp:attachment":[{"href":"https:\/\/lienhard-ag.ch\/fr\/wp-json\/wp\/v2\/media?parent=1111"}],"wp:term":[{"taxonomy":"product_brand","embeddable":true,"href":"https:\/\/lienhard-ag.ch\/fr\/wp-json\/wp\/v2\/product_brand?post=1111"},{"taxonomy":"product_cat","embeddable":true,"href":"https:\/\/lienhard-ag.ch\/fr\/wp-json\/wp\/v2\/product_cat?post=1111"},{"taxonomy":"product_tag","embeddable":true,"href":"https:\/\/lienhard-ag.ch\/fr\/wp-json\/wp\/v2\/product_tag?post=1111"}],"curies":[{"name":"wp","href":"https:\/\/api.w.org\/{rel}","templated":true}]}}