{"id":1149,"date":"2023-10-04T16:25:09","date_gmt":"2023-10-04T14:25:09","guid":{"rendered":"https:\/\/lienhard-ag.dev.hayloft-it.ch\/?post_type=product&#038;p=1149"},"modified":"2024-02-27T17:57:37","modified_gmt":"2024-02-27T16:57:37","slug":"portafid-m3-k","status":"publish","type":"product","link":"https:\/\/lienhard-ag.ch\/fr\/produkt\/portafid-m3-k\/","title":{"rendered":"Portafid M3-K"},"content":{"rendered":"<h3>Caract\u00e9ristiques<\/h3>\n<ul>\n<li>allumage automatique lors de la mise en marche\/allumage manuel possible<\/li>\n<li>r\u00e9glage automatique du point z\u00e9ro<\/li>\n<li>comportement d'affichage lin\u00e9aire de 0 \u00e0 10 000 ppm<\/li>\n<li>seuil d'alarme r\u00e9glable<\/li>\n<li>armement automatique de l'alarme<\/li>\n<li>Contr\u00f4le du d\u00e9bit et de la flamme<\/li>\n<li>R\u00e9gulateur de pression \u00e0 2 niveaux avec une grande stabilit\u00e9 de pression<\/li>\n<li>Affichage du temps de fonctionnement restant<\/li>\n<li>Possibilit\u00e9 d'ajustement de 10, 100, 1.000 ou 10.000 ppm CH4<\/li>\n<li>Possibilit\u00e9 de sortie des valeurs mesur\u00e9es via l'interface RS-232C (possibilit\u00e9 de connexion pour PC, GPS et syst\u00e8mes de tra\u00e7age de fuites) (<strong>SEWERIN-<\/strong>logiciel)<\/li>\n<li>\u00e9cran LCD \u00e9clair\u00e9<\/li>\n<li>affichage analogique et num\u00e9rique des mesures<\/li>\n<li>commutation automatique et manuelle de la plage de mesure<\/li>\n<li>Aiguille tra\u00eenante pour indiquer la concentration maximale<\/li>\n<li>Autonomie (batterie) avec pompe en marche 8 heures<\/li>\n<li>Charge compl\u00e8te en 2,5 heures<\/li>\n<\/ul>","protected":false},"excerpt":{"rendered":"<p>D\u00e9tecteur \u00e0 ionisation de flamme pour le contr\u00f4le des conduites de gaz<\/p>\n<p>Le portable<strong>\u00a0D\u00e9tecteur de gaz\u00a0<\/strong><strong>PORTAFID<sup>\u00ae<\/sup> M3-K<\/strong>\u00a0est le support parfait pour le contr\u00f4le en surface des conduites de gaz enterr\u00e9es. Il fonctionne de mani\u00e8re fiable et tr\u00e8s pr\u00e9cise, ne pr\u00e9sente aucune sensibilit\u00e9 transversale \u00e0 l'humidit\u00e9 et r\u00e9agit de mani\u00e8re s\u00e9lective uniquement aux hydrocarbures. Le site\u00a0<strong>PORTAFID<sup>\u00ae<\/sup> M3-K<\/strong> poss\u00e8de une bouteille de gaz combustible de 0,4 l, qui est port\u00e9e s\u00e9par\u00e9ment sur le dos.<\/p>","protected":false},"featured_media":1150,"template":"","meta":[],"product_brand":[],"product_cat":[31,76],"product_tag":[],"class_list":{"0":"post-1149","1":"product","2":"type-product","3":"status-publish","4":"has-post-thumbnail","6":"product_cat-geraete-gas","7":"product_cat-gasmessgeraete","9":"first","10":"instock","11":"shipping-taxable","12":"purchasable","13":"product-type-simple"},"acf":[],"_links":{"self":[{"href":"https:\/\/lienhard-ag.ch\/fr\/wp-json\/wp\/v2\/product\/1149","targetHints":{"allow":["GET"]}}],"collection":[{"href":"https:\/\/lienhard-ag.ch\/fr\/wp-json\/wp\/v2\/product"}],"about":[{"href":"https:\/\/lienhard-ag.ch\/fr\/wp-json\/wp\/v2\/types\/product"}],"wp:featuredmedia":[{"embeddable":true,"href":"https:\/\/lienhard-ag.ch\/fr\/wp-json\/wp\/v2\/media\/1150"}],"wp:attachment":[{"href":"https:\/\/lienhard-ag.ch\/fr\/wp-json\/wp\/v2\/media?parent=1149"}],"wp:term":[{"taxonomy":"product_brand","embeddable":true,"href":"https:\/\/lienhard-ag.ch\/fr\/wp-json\/wp\/v2\/product_brand?post=1149"},{"taxonomy":"product_cat","embeddable":true,"href":"https:\/\/lienhard-ag.ch\/fr\/wp-json\/wp\/v2\/product_cat?post=1149"},{"taxonomy":"product_tag","embeddable":true,"href":"https:\/\/lienhard-ag.ch\/fr\/wp-json\/wp\/v2\/product_tag?post=1149"}],"curies":[{"name":"wp","href":"https:\/\/api.w.org\/{rel}","templated":true}]}}