{"id":1167,"date":"2023-10-04T17:33:24","date_gmt":"2023-10-04T15:33:24","guid":{"rendered":"https:\/\/lienhard-ag.dev.hayloft-it.ch\/?post_type=product&#038;p=1167"},"modified":"2024-02-27T17:58:03","modified_gmt":"2024-02-27T16:58:03","slug":"variotec-480-460-450-400-ex","status":"publish","type":"product","link":"https:\/\/lienhard-ag.ch\/fr\/produkt\/variotec-480-460-450-400-ex\/","title":{"rendered":"VARIOTEC 480 \/ 460 \/ 450 \/ 400 EX"},"content":{"rendered":"<h3>Caract\u00e9ristiques<\/h3>\n<ul>\n<li>Concept de commande innovant avec encodeur rotatif, \"softkeys\" et guidage par menu<\/li>\n<li>Le grand \u00e9cran matriciel r\u00e9tro\u00e9clair\u00e9 affiche toutes les valeurs en un coup d'\u0153il<\/li>\n<li>Charge rapide en 4 h, m\u00eame sans station de charge, d'o\u00f9 une grande disponibilit\u00e9<\/li>\n<li>Alimentation par 4 piles Mignon rechargeables interchangeables ou par des piles primaires<\/li>\n<li>Communication PC via le bus USB<\/li>\n<li>Utilisable sans apprentissage compliqu\u00e9, m\u00eame apr\u00e8s une longue pause d'utilisation<\/li>\n<li>Travail rentable gr\u00e2ce aux faibles co\u00fbts d'acquisition, \u00e0 la grande disponibilit\u00e9, aux faibles co\u00fbts de maintenance, au contr\u00f4le sans papier<\/li>\n<li>Capteur \u00e0 semi-conducteurs rapide et tr\u00e8s sensible pour mesurer des quantit\u00e9s infimes de gaz, de l'ordre du ppm<\/li>\n<li>Deux capteurs EC en option pour l'oxyg\u00e8ne et le monoxyde de carbone<\/li>\n<li>Analyse de l'\u00e9thane pour distinguer le gaz naturel du gaz de carter sans autre accessoire (en option)<\/li>\n<li>Protection EX : T\u00dcV 07 ATEX 553353 X, II2G Ex d e ib IIB T4,<br \/>\nIIC en cas d'utilisation du sac de transport TG8<\/li>\n<li>Fonction de mesure : BVS 09 ATEX G 001 X N1, PFG 08 G 002 X N1<br \/>\n(fonction de mesure uniquement\u00a0<strong>VARIOTEC<sup>\u00ae<\/sup> 480 EX, 450 EX<\/strong>)<\/li>\n<\/ul>\n<h3>\u00c9quipement individuel<\/h3>\n<p>Pour distinguer avec certitude le gaz naturel du gaz de carter, il est possible d'utiliser les variantes de l'appareil suivantes\u00a0<strong>480 EX<\/strong>\u00a0et\u00a0<strong>460 EX<\/strong>\u00a0en option avec un d\u00e9tecteur de\u00a0<strong>Analyse de l'\u00e9thane<\/strong>\u00a0peuvent \u00eatre \u00e9quip\u00e9s.  De plus, tous les appareils peuvent \u00eatre \u00e9quip\u00e9s individuellement de capteurs \u00e9lectrochimiques. La famille se compose de\u00a0<strong>VARIOTEC<sup>\u00ae<\/sup> 480 EX<\/strong>\u00a0s'int\u00e8gre parfaitement dans la gamme de produits SEWERIN, ce qui permet de recourir aux accessoires existants.<\/p>","protected":false},"excerpt":{"rendered":"<p>Appareil de mesure combin\u00e9 pour l'approvisionnement en gaz<\/p>\n<p>Les applications les plus courantes de mesure de gaz peuvent \u00eatre r\u00e9alis\u00e9es avec la famille d'appareils\u00a0<strong>VARIOTEC<sup>\u00ae<\/sup> 4xx EX<\/strong> peuvent \u00eatre effectu\u00e9s. Tous les appareils peuvent en outre \u00eatre \u00e9quip\u00e9s de capteurs \u00e9lectrochimiques individuels.<\/p>\n<p>&nbsp;<\/p>","protected":false},"featured_media":1184,"template":"","meta":[],"product_brand":[],"product_cat":[80,31,76],"product_tag":[],"class_list":{"0":"post-1167","1":"product","2":"type-product","3":"status-publish","4":"has-post-thumbnail","6":"product_cat-gaswarngeraete","7":"product_cat-geraete-gas","8":"product_cat-gasmessgeraete","10":"first","11":"instock","12":"shipping-taxable","13":"purchasable","14":"product-type-simple"},"acf":[],"_links":{"self":[{"href":"https:\/\/lienhard-ag.ch\/fr\/wp-json\/wp\/v2\/product\/1167","targetHints":{"allow":["GET"]}}],"collection":[{"href":"https:\/\/lienhard-ag.ch\/fr\/wp-json\/wp\/v2\/product"}],"about":[{"href":"https:\/\/lienhard-ag.ch\/fr\/wp-json\/wp\/v2\/types\/product"}],"wp:featuredmedia":[{"embeddable":true,"href":"https:\/\/lienhard-ag.ch\/fr\/wp-json\/wp\/v2\/media\/1184"}],"wp:attachment":[{"href":"https:\/\/lienhard-ag.ch\/fr\/wp-json\/wp\/v2\/media?parent=1167"}],"wp:term":[{"taxonomy":"product_brand","embeddable":true,"href":"https:\/\/lienhard-ag.ch\/fr\/wp-json\/wp\/v2\/product_brand?post=1167"},{"taxonomy":"product_cat","embeddable":true,"href":"https:\/\/lienhard-ag.ch\/fr\/wp-json\/wp\/v2\/product_cat?post=1167"},{"taxonomy":"product_tag","embeddable":true,"href":"https:\/\/lienhard-ag.ch\/fr\/wp-json\/wp\/v2\/product_tag?post=1167"}],"curies":[{"name":"wp","href":"https:\/\/api.w.org\/{rel}","templated":true}]}}