{"id":1623,"date":"2024-02-01T14:29:17","date_gmt":"2024-02-01T13:29:17","guid":{"rendered":"https:\/\/lienhard-ag.dev.hayloft-it.ch\/?post_type=product&#038;p=1623"},"modified":"2024-02-09T12:21:19","modified_gmt":"2024-02-09T11:21:19","slug":"secorrphon-ac-200","status":"publish","type":"product","link":"https:\/\/lienhard-ag.ch\/fr\/produkt\/secorrphon-ac-200\/","title":{"rendered":"SeCorrPhon AC 200"},"content":{"rendered":"<h3><strong>Professionnel<\/strong><\/h3>\n<p>L'interface utilisateur du <strong>SeCorrPhon AC 200<\/strong> est clair et bien structur\u00e9. De nombreuses fonctions suppl\u00e9mentaires sont disponibles pour les situations de localisation complexes.<\/p>\n<p>Les microphones pi\u00e9zo\u00e9lectriques de haute qualit\u00e9 avec une r\u00e9ponse en fr\u00e9quence sp\u00e9cialement optimis\u00e9e pour la recherche de fuites et le traitement num\u00e9rique du signal garantissent des propri\u00e9t\u00e9s acoustiques exceptionnelles. Gr\u00e2ce \u00e0 la qualit\u00e9 sonore brillante et \u00e0 la minimisation des bruits parasites, vous pouvez identifier et localiser les fuites en toute s\u00e9curit\u00e9, m\u00eame si l'intensit\u00e9 sonore de la fuite est faible ou si le bruit ambiant est important.<\/p>\n<p>Il suffit d'appuyer sur un bouton pour que le <strong>SeCorrPhon AC 200<\/strong> des filtres adapt\u00e9s aux bruits actuels et s\u00e9lectionne automatiquement les plages de fr\u00e9quences appropri\u00e9es. Vous pouvez \u00e9galement d\u00e9finir manuellement des limites de filtre en fonction de l'audition individuelle et s\u00e9lectionner des plages de fr\u00e9quences qui mettent en \u00e9vidence le bruit de la fuite. Ainsi, vous vous concentrez uniquement sur la fuite, sans bruits parasites.<\/p>\n<p>Vous avez \u00e9galement la possibilit\u00e9 d'enregistrer les bruits de fuite avec le lecteur audio int\u00e9gr\u00e9 et de les comparer entre eux. Cr\u00e9ez ainsi une base de donn\u00e9es de bruits pour mieux \u00e9valuer les bruits de fuite sur place ou utilisez cette fonction \u00e0 des fins de formation ou de d\u00e9monstration.<\/p>\n<h3><strong>Flexible<\/strong><\/h3>\n<p>Tout en un : pr\u00e9-localisation, localisation et corr\u00e9lation. La combinaison habile de ces proc\u00e9d\u00e9s en un seul syst\u00e8me leur donne la certitude de localiser pr\u00e9cis\u00e9ment le point de fuite, quelles que soient les conditions ambiantes.<\/p>\n<p>Le site <strong>SeCorrPhon AC 200<\/strong> est recommand\u00e9 pour tous les utilisateurs qui pratiquent la d\u00e9tection de fuites de mani\u00e8re professionnelle, car il permet de faire face \u00e0 toutes les situations de d\u00e9tection du quotidien. Diff\u00e9rentes sections de tuyaux, mat\u00e9riaux de tuyaux, diam\u00e8tres et longueurs de tuyaux peuvent \u00eatre mesur\u00e9s sans probl\u00e8me.<\/p>\n<p>Lors de la d\u00e9tection acoustique des fuites, l'intensit\u00e9 sonore actuelle est affich\u00e9e sous forme de graphique et de valeur num\u00e9rique sur l'\u00e9cran clair de 5,7 pouces du r\u00e9cepteur. \u00c0 c\u00f4t\u00e9, vous voyez les valeurs pr\u00e9c\u00e9dentes pour une meilleure comparaison ainsi que l'analyse actuelle de la fr\u00e9quence du bruit.<\/p>\n<h3><strong>Intelligent<\/strong><\/h3>\n<p>Le micrologiciel sophistiqu\u00e9 du <strong>SeCorrPhon AC 200<\/strong> permet \u00e0 l'utilisateur d'automatiser presque enti\u00e8rement le d\u00e9roulement des mesures. Une fois les donn\u00e9es de la tuyauterie saisies et la mesure lanc\u00e9e, toutes les autres \u00e9tapes se d\u00e9roulent sans intervention de l'op\u00e9rateur. En arri\u00e8re-plan, les bruits mesur\u00e9s sont toujours analys\u00e9s et les param\u00e8tres de filtrage optimaux sont s\u00e9lectionn\u00e9s.<\/p>\n<p>Le site <strong>SeCorrPhon AC 200<\/strong> guide l'utilisateur \u00e0 travers les diff\u00e9rents cas d'utilisation gr\u00e2ce \u00e0 des instructions d'action. Ainsi, m\u00eame les utilisateurs moins exp\u00e9riment\u00e9s et les utilisateurs occasionnels peuvent utiliser l'appareil de mani\u00e8re fiable.<\/p>\n<p>Le site <strong>SeCorrPhon AC 200<\/strong> optimise les r\u00e9sultats de mesure de mani\u00e8re autonome en s\u00e9lectionnant automatiquement les filtres appropri\u00e9s, sans intervention de l'utilisateur. Il est \u00e9galement possible de d\u00e9finir des filtres manuellement.<\/p>\n<p>L'une des particularit\u00e9s du corr\u00e9lateur est l'affichage convivial des r\u00e9sultats de mesure sur l'\u00e9cran, ax\u00e9 sur les r\u00e9sultats. L'accent est mis sur les informations concr\u00e8tes concernant la position de la fuite - plut\u00f4t que sur des courbes compliqu\u00e9es qui doivent encore \u00eatre interpr\u00e9t\u00e9es. La qualit\u00e9 des calculs affich\u00e9s \u00e0 l'\u00e9cran fournit en permanence \u00e0 l'utilisateur des informations sur la fiabilit\u00e9 de la mesure. Gr\u00e2ce \u00e0 l'affichage orient\u00e9 vers les r\u00e9sultats, l'utilisateur peut imm\u00e9diatement prendre d'autres mesures, par exemple confirmer la localisation par des proc\u00e9d\u00e9s acoustiques.<\/p>","protected":false},"excerpt":{"rendered":"<p>Combinaison d'un corr\u00e9lateur et d'un d\u00e9tecteur acoustique de fuites d'eau<\/p>\n<p>Le site <strong>SeCorrPhon AC 200<\/strong> est un d\u00e9tecteur de fuites multifonctionnel qui offre trois fonctions en une : pr\u00e9-localisation, localisation et corr\u00e9lation. L'habile combinaison de ces proc\u00e9d\u00e9s en un seul syst\u00e8me vous donne la certitude de localiser avec pr\u00e9cision le point de fuite, ind\u00e9pendamment des conditions ambiantes. Quelques manipulations suffisent pour passer rapidement et confortablement d'un cas d'application \u00e0 l'autre.<\/p>","protected":false},"featured_media":1630,"template":"","meta":[],"product_brand":[],"product_cat":[30,35,37],"product_tag":[],"class_list":{"0":"post-1623","1":"product","2":"type-product","3":"status-publish","4":"has-post-thumbnail","6":"product_cat-geraete-wasser","7":"product_cat-akustische-wasserleckortung","8":"product_cat-korrelatoren","10":"first","11":"instock","12":"shipping-taxable","13":"purchasable","14":"product-type-simple"},"acf":[],"_links":{"self":[{"href":"https:\/\/lienhard-ag.ch\/fr\/wp-json\/wp\/v2\/product\/1623","targetHints":{"allow":["GET"]}}],"collection":[{"href":"https:\/\/lienhard-ag.ch\/fr\/wp-json\/wp\/v2\/product"}],"about":[{"href":"https:\/\/lienhard-ag.ch\/fr\/wp-json\/wp\/v2\/types\/product"}],"wp:featuredmedia":[{"embeddable":true,"href":"https:\/\/lienhard-ag.ch\/fr\/wp-json\/wp\/v2\/media\/1630"}],"wp:attachment":[{"href":"https:\/\/lienhard-ag.ch\/fr\/wp-json\/wp\/v2\/media?parent=1623"}],"wp:term":[{"taxonomy":"product_brand","embeddable":true,"href":"https:\/\/lienhard-ag.ch\/fr\/wp-json\/wp\/v2\/product_brand?post=1623"},{"taxonomy":"product_cat","embeddable":true,"href":"https:\/\/lienhard-ag.ch\/fr\/wp-json\/wp\/v2\/product_cat?post=1623"},{"taxonomy":"product_tag","embeddable":true,"href":"https:\/\/lienhard-ag.ch\/fr\/wp-json\/wp\/v2\/product_tag?post=1623"}],"curies":[{"name":"wp","href":"https:\/\/api.w.org\/{rel}","templated":true}]}}