{"id":1650,"date":"2024-02-01T15:11:35","date_gmt":"2024-02-01T14:11:35","guid":{"rendered":"https:\/\/lienhard-ag.dev.hayloft-it.ch\/?post_type=product&#038;p=1650"},"modified":"2024-02-20T11:44:28","modified_gmt":"2024-02-20T10:44:28","slug":"aquaphon-a-150","status":"publish","type":"product","link":"https:\/\/lienhard-ag.ch\/fr\/produkt\/aquaphon-a-150\/","title":{"rendered":"AQUAPHON A 150"},"content":{"rendered":"<h3>Avantages<\/h3>\n<p>Reli\u00e9 \u00e0 des microphones haut de gamme et \u00e0 un casque sans fil, l'appareil convainc par sa brillante qualit\u00e9 de reproduction. L'\u00e9cran permet de visualiser les bruits pour une \u00e9valuation fiable et diff\u00e9renci\u00e9e.<br \/>\nL\u00e9ger, maniable, petit - le r\u00e9cepteur enthousiasme par sa compacit\u00e9 intelligente et son confort maximal. Gr\u00e2ce \u00e0 des filtres r\u00e9glables et \u00e0 un balayage automatique des fr\u00e9quences, il est possible d'adapter individuellement les plages de fr\u00e9quences \u00e0 l'ou\u00efe, de minimiser les influences dues aux bruits parasites et d'optimiser la qualit\u00e9 sonore pour une \u00e9valuation fiable de la situation de fuite.<\/p>\n<h3><strong>Comment profiter de l'AQUAPHON<sup>\u00ae<\/sup> A 150<\/strong><\/h3>\n<ul>\n<li>Extr\u00eamement <strong>bo\u00eetier compact, l\u00e9ger et maniable <\/strong>avec clip ceinture - pour une utilisation confortable, <strong>port sans fatigue <\/strong>et une libert\u00e9 de mouvement maximale<\/li>\n<li>Microphones pi\u00e9zo\u00e9lectriques de haute qualit\u00e9 avec des r\u00e9ponses en fr\u00e9quence sp\u00e9cialement optimis\u00e9es pour la recherche de fuites, facilement interchangeables pour chaque application<\/li>\n<li>Adaptable individuellement \u00e0 l'audition <strong>Gammes de fr\u00e9quences et balayage automatique des fr\u00e9quences <\/strong>pour une r\u00e9duction des bruits parasites et une s\u00e9lection optimale des filtres<\/li>\n<li><strong>Longue disponibilit\u00e9 <\/strong>- m\u00eame sans rechargement - gr\u00e2ce \u00e0 une technologie de batterie puissante<\/li>\n<li>\u00c9cran \u00e9clair\u00e9 avec angle d'inclinaison optimis\u00e9 et affichage \u00e0 changement automatique (rotation de 180\u00b0) pour <strong>bonne lecture, ind\u00e9pendante de la position <\/strong>du destinataire<\/li>\n<\/ul>","protected":false},"excerpt":{"rendered":"<p>Petit et maniable \u00e0 la rencontre d'une technologie microphonique haut de gamme<\/p>\n<p>Le syst\u00e8me <strong>AQUAPHON<sup>\u00ae<\/sup><\/strong> est un syst\u00e8me de d\u00e9tection de fuites d'eau de premi\u00e8re classe. Le r\u00e9cepteur\u00a0<strong>A 150<\/strong> permet, en combinaison avec la technique de microphone d\u00e9j\u00e0 \u00e9tablie et \u00e9prouv\u00e9e sur le march\u00e9 du syst\u00e8me <strong>AQUAPHON<sup>\u00ae<\/sup>\u00a0A 200<\/strong> une pr\u00e9-localisation professionnelle ainsi qu'une localisation pr\u00e9cise des points de fuite.<\/p>","protected":false},"featured_media":1666,"template":"","meta":[],"product_brand":[],"product_cat":[30,35],"product_tag":[],"class_list":{"0":"post-1650","1":"product","2":"type-product","3":"status-publish","4":"has-post-thumbnail","6":"product_cat-geraete-wasser","7":"product_cat-akustische-wasserleckortung","9":"first","10":"instock","11":"shipping-taxable","12":"purchasable","13":"product-type-simple"},"acf":[],"_links":{"self":[{"href":"https:\/\/lienhard-ag.ch\/fr\/wp-json\/wp\/v2\/product\/1650","targetHints":{"allow":["GET"]}}],"collection":[{"href":"https:\/\/lienhard-ag.ch\/fr\/wp-json\/wp\/v2\/product"}],"about":[{"href":"https:\/\/lienhard-ag.ch\/fr\/wp-json\/wp\/v2\/types\/product"}],"wp:featuredmedia":[{"embeddable":true,"href":"https:\/\/lienhard-ag.ch\/fr\/wp-json\/wp\/v2\/media\/1666"}],"wp:attachment":[{"href":"https:\/\/lienhard-ag.ch\/fr\/wp-json\/wp\/v2\/media?parent=1650"}],"wp:term":[{"taxonomy":"product_brand","embeddable":true,"href":"https:\/\/lienhard-ag.ch\/fr\/wp-json\/wp\/v2\/product_brand?post=1650"},{"taxonomy":"product_cat","embeddable":true,"href":"https:\/\/lienhard-ag.ch\/fr\/wp-json\/wp\/v2\/product_cat?post=1650"},{"taxonomy":"product_tag","embeddable":true,"href":"https:\/\/lienhard-ag.ch\/fr\/wp-json\/wp\/v2\/product_tag?post=1650"}],"curies":[{"name":"wp","href":"https:\/\/api.w.org\/{rel}","templated":true}]}}