{"id":1669,"date":"2024-02-01T16:08:02","date_gmt":"2024-02-01T15:08:02","guid":{"rendered":"https:\/\/lienhard-ag.dev.hayloft-it.ch\/?post_type=product&#038;p=1669"},"modified":"2024-02-09T12:21:19","modified_gmt":"2024-02-09T11:21:19","slug":"stethophon-04-2","status":"publish","type":"product","link":"https:\/\/lienhard-ag.ch\/fr\/produkt\/stethophon-04-2\/","title":{"rendered":"St\u00e9thophone 04"},"content":{"rendered":"<p>Outre un casque filaire, la version <strong>SDR<\/strong> avec des \u00e9couteurs sans fil sont disponibles. <strong>S<\/strong>ewerin <strong>D<\/strong>igital <strong>R<\/strong>adio (<strong>SDR<\/strong>) offre une transmission du bruit \u00e9quivalente \u00e0 celle du c\u00e2ble. Le confort de travail est nettement am\u00e9lior\u00e9 gr\u00e2ce \u00e0 l'absence de c\u00e2ble. Le casque et l'appareil se connectent automatiquement \u00e0 la mise en marche gr\u00e2ce \u00e0 la radio bidirectionnelle.<\/p>\n<h4><strong>Caract\u00e9ristiques :<\/strong><\/h4>\n<ul>\n<li>Casque sans fil avec transmission num\u00e9rique du signal (<strong>SDR<\/strong>)<\/li>\n<li>possibilit\u00e9 de brancher un microphone de sol externe<\/li>\n<li>8 niveaux de filtration<\/li>\n<li>Fonction de protection auditive<\/li>\n<li>Affichage num\u00e9rique du niveau sonore minimal (0 ... 1000)<\/li>\n<li>Au moins 8 heures d'autonomie<\/li>\n<li>Poids d'environ 290 g seulement<\/li>\n<\/ul>","protected":false},"excerpt":{"rendered":"<p>Appareil d'\u00e9coute compact pour la recherche de fuites d'eau<\/p>\n<p>Le site <strong>St\u00e9thophone<sup>\u00ae<\/sup> 04<\/strong> est un appareil d'\u00e9coute pour l'enregistrement et l'amplification de toutes sortes de vibrations sonores solidiennes. M\u00eame en cas de bruits faibles, la restitution du son sans distorsion est garantie.<\/p>","protected":false},"featured_media":1679,"template":"","meta":[],"product_brand":[],"product_cat":[30,35],"product_tag":[],"class_list":{"0":"post-1669","1":"product","2":"type-product","3":"status-publish","4":"has-post-thumbnail","6":"product_cat-geraete-wasser","7":"product_cat-akustische-wasserleckortung","9":"first","10":"instock","11":"shipping-taxable","12":"purchasable","13":"product-type-simple"},"acf":[],"_links":{"self":[{"href":"https:\/\/lienhard-ag.ch\/fr\/wp-json\/wp\/v2\/product\/1669","targetHints":{"allow":["GET"]}}],"collection":[{"href":"https:\/\/lienhard-ag.ch\/fr\/wp-json\/wp\/v2\/product"}],"about":[{"href":"https:\/\/lienhard-ag.ch\/fr\/wp-json\/wp\/v2\/types\/product"}],"wp:featuredmedia":[{"embeddable":true,"href":"https:\/\/lienhard-ag.ch\/fr\/wp-json\/wp\/v2\/media\/1679"}],"wp:attachment":[{"href":"https:\/\/lienhard-ag.ch\/fr\/wp-json\/wp\/v2\/media?parent=1669"}],"wp:term":[{"taxonomy":"product_brand","embeddable":true,"href":"https:\/\/lienhard-ag.ch\/fr\/wp-json\/wp\/v2\/product_brand?post=1669"},{"taxonomy":"product_cat","embeddable":true,"href":"https:\/\/lienhard-ag.ch\/fr\/wp-json\/wp\/v2\/product_cat?post=1669"},{"taxonomy":"product_tag","embeddable":true,"href":"https:\/\/lienhard-ag.ch\/fr\/wp-json\/wp\/v2\/product_tag?post=1669"}],"curies":[{"name":"wp","href":"https:\/\/api.w.org\/{rel}","templated":true}]}}