{"id":1685,"date":"2024-02-01T16:24:56","date_gmt":"2024-02-01T15:24:56","guid":{"rendered":"https:\/\/lienhard-ag.dev.hayloft-it.ch\/?post_type=product&#038;p=1685"},"modified":"2024-02-09T12:21:19","modified_gmt":"2024-02-09T11:21:19","slug":"aquaphon-a-50","status":"publish","type":"product","link":"https:\/\/lienhard-ag.ch\/fr\/produkt\/aquaphon-a-50\/","title":{"rendered":"AQUAPHON A 50"},"content":{"rendered":"<p>Connect\u00e9 \u00e0 un microphone et \u00e0 des \u00e9couteurs, l'appareil convainc par sa haute qualit\u00e9 de restitution. L'\u00e9cran permet de visualiser les bruits pour des \u00e9valuations fiables et diff\u00e9renci\u00e9es. Avec une batterie compl\u00e8tement charg\u00e9e, le r\u00e9cepteur A 50 est pr\u00eat \u00e0 fonctionner pendant toute une semaine. L\u00e9ger, maniable, petit - le r\u00e9cepteur enthousiasme par sa compacit\u00e9 intelligente et son confort maximal. En utilisant le A 50 avec le module radio SDR (<strong>S<\/strong>ewerin <strong>D<\/strong>igital <strong>R<\/strong>adio) avec le casque sans fil F8, aucun c\u00e2ble ne vient perturber la qualit\u00e9 sonore et limiter la libert\u00e9 de mouvement. Gr\u00e2ce aux filtres r\u00e9glables, les plages de fr\u00e9quences peuvent \u00eatre adapt\u00e9es individuellement \u00e0 l'ou\u00efe et les influences dues aux bruits parasites sont minimis\u00e9es. Le syst\u00e8me AQUAPHON<sup>\u00ae<\/sup> avec le r\u00e9cepteur A 50 est une entr\u00e9e en mati\u00e8re avantageuse dans la d\u00e9tection \u00e9lectroacoustique professionnelle de fuites d'eau.<\/p>\n<h3><strong>Comment profiter de l'AQUAPHON<sup>\u00ae<\/sup> A 50<\/strong><\/h3>\n<ul>\n<li>En particulier <strong>solution efficace<\/strong> pour la d\u00e9tection \u00e9lectroacoustique de fuites d'eau<\/li>\n<li><strong>Longue disponibilit\u00e9<\/strong> - m\u00eame sans rechargement - gr\u00e2ce \u00e0 une technologie de batterie puissante<\/li>\n<li>Extr\u00eamement <strong>bo\u00eetier compact, l\u00e9ger et maniable<\/strong> avec clip ceinture - pour une utilisation confortable, <strong>port sans fatigue<\/strong> et une libert\u00e9 de mouvement maximale ; <strong>pr\u00eat \u00e0 l'emploi \u00e0 tout moment<\/strong><\/li>\n<li>Filtres r\u00e9glables : \u00e0 l'oreille <strong>plages de fr\u00e9quences personnalisables<\/strong> pour une r\u00e9duction des bruits parasites<\/li>\n<li>\u00c9cran \u00e9clair\u00e9 avec angle d'inclinaison optimis\u00e9 et affichage \u00e0 changement automatique (rotation de 180\u00b0) pour <strong>bonne lecture, ind\u00e9pendante de la position<\/strong> du destinataire<\/li>\n<li>Deux variantes de produits disponibles : avec ou sans module radio SDR<\/li>\n<li>Visualisation suppl\u00e9mentaire des bruits sur l'\u00e9cran pour <strong>\u00e9valuation fiable <\/strong>des bruits de fuite<\/li>\n<\/ul>","protected":false},"excerpt":{"rendered":"<p>L'entr\u00e9e en mati\u00e8re avantageuse dans la d\u00e9tection acoustique professionnelle des fuites d'eau<\/p>\n<p>Le site <strong>Syst\u00e8me AQUAPHON<sup>\u00ae<\/sup><\/strong> sert \u00e0 la d\u00e9tection professionnelle \u00e9lectroacoustique de fuites d'eau. Le <strong>R\u00e9cepteur A 50<\/strong> permet, avec diff\u00e9rents microphones, une pr\u00e9-localisation ainsi que la localisation de points de fuite.<\/p>","protected":false},"featured_media":1693,"template":"","meta":[],"product_brand":[],"product_cat":[30,35],"product_tag":[],"class_list":{"0":"post-1685","1":"product","2":"type-product","3":"status-publish","4":"has-post-thumbnail","6":"product_cat-geraete-wasser","7":"product_cat-akustische-wasserleckortung","9":"first","10":"instock","11":"shipping-taxable","12":"purchasable","13":"product-type-simple"},"acf":[],"_links":{"self":[{"href":"https:\/\/lienhard-ag.ch\/fr\/wp-json\/wp\/v2\/product\/1685","targetHints":{"allow":["GET"]}}],"collection":[{"href":"https:\/\/lienhard-ag.ch\/fr\/wp-json\/wp\/v2\/product"}],"about":[{"href":"https:\/\/lienhard-ag.ch\/fr\/wp-json\/wp\/v2\/types\/product"}],"wp:featuredmedia":[{"embeddable":true,"href":"https:\/\/lienhard-ag.ch\/fr\/wp-json\/wp\/v2\/media\/1693"}],"wp:attachment":[{"href":"https:\/\/lienhard-ag.ch\/fr\/wp-json\/wp\/v2\/media?parent=1685"}],"wp:term":[{"taxonomy":"product_brand","embeddable":true,"href":"https:\/\/lienhard-ag.ch\/fr\/wp-json\/wp\/v2\/product_brand?post=1685"},{"taxonomy":"product_cat","embeddable":true,"href":"https:\/\/lienhard-ag.ch\/fr\/wp-json\/wp\/v2\/product_cat?post=1685"},{"taxonomy":"product_tag","embeddable":true,"href":"https:\/\/lienhard-ag.ch\/fr\/wp-json\/wp\/v2\/product_tag?post=1685"}],"curies":[{"name":"wp","href":"https:\/\/api.w.org\/{rel}","templated":true}]}}