{"id":1720,"date":"2024-02-01T16:56:20","date_gmt":"2024-02-01T15:56:20","guid":{"rendered":"https:\/\/lienhard-ag.dev.hayloft-it.ch\/?post_type=product&#038;p=1720"},"modified":"2024-02-09T12:21:17","modified_gmt":"2024-02-09T11:21:17","slug":"sepem-351","status":"publish","type":"product","link":"https:\/\/lienhard-ag.ch\/fr\/produkt\/sepem-351\/","title":{"rendered":"SePem 351"},"content":{"rendered":"<p>Donn\u00e9es de mesure via LoRaWAN<sup>\u00ae<\/sup> transf\u00e9r\u00e9<\/p>\n<p>L'enregistreur de bruits SePem<sup>\u00ae<\/sup> 351 surveille vos r\u00e9seaux de canalisations d'eau potable.<br \/>\nDans le but de r\u00e9duire les pertes d'eau, il transmet les donn\u00e9es de mesure via LoRaWAN<sup>\u00ae<\/sup>.<\/p>\n<p>L'enregistreur SePem<sup>\u00ae<\/sup> 351 est sp\u00e9cialement con\u00e7u pour une utilisation stationnaire. Il mesure les bruits dans le r\u00e9seau de canalisations \u00e0 l'heure programm\u00e9e. Apr\u00e8s la mesure, les donn\u00e9es enregistr\u00e9es sont analys\u00e9es et pr\u00e9par\u00e9es pour la transmission. Pour que les donn\u00e9es de mesure puissent ensuite \u00eatre envoy\u00e9es au centre de contr\u00f4le d'une entreprise de distribution d'eau, l'enregistreur doit \u00eatre connect\u00e9 \u00e0 un r\u00e9seau LoRaWAN<sup>\u00ae<\/sup> r\u00e9seau doit \u00eatre enregistr\u00e9. Un syst\u00e8me d'information r\u00e9seau est n\u00e9cessaire pour visualiser les valeurs de mesure.<\/p>\n<p>Les nouvelles fuites peuvent \u00eatre d\u00e9tect\u00e9es en l'espace de quelques heures, car les valeurs de mesure de chaque SePem<sup>\u00ae<\/sup> 351 transmis quotidiennement. L'utilisation des r\u00e9seaux LoRaWAN existants<sup>\u00ae<\/sup> r\u00e9seaux permet une connexion optimale aux technologies mises en \u0153uvre.<\/p>\n<p>SePem<sup>\u00ae<\/sup> 351 est destin\u00e9 \u00e0 \u00eatre utilis\u00e9 dans le r\u00e9seau de distribution.<\/p>\n<p>Avec la variante de produit SePem<sup>\u00ae<\/sup> 351 HY, les conduites de transport sont surveill\u00e9es de mani\u00e8re acoustique.<\/p>\n<p>Lors de l'int\u00e9gration de la SePem<sup>\u00ae<\/sup> 351 dans les syst\u00e8mes d'information sur les r\u00e9seaux install\u00e9s, nous vous assistons volontiers.<br \/>\nLoRaWAN<sup>\u00ae<\/sup> est une marque d\u00e9pos\u00e9e sous licence de la LoRa Alliance<sup>\u00ae<\/sup> est utilis\u00e9.<\/p>","protected":false},"excerpt":{"rendered":"<p>Surveillance stationnaire des r\u00e9seaux de canalisations d'eau potable<\/p>\n<p>L'enregistreur de bruits SePem<sup>\u00ae<\/sup> 351 surveille vos r\u00e9seaux de canalisations d'eau potable.<br \/>\nDans le but de r\u00e9duire les pertes d'eau, il transmet les donn\u00e9es de mesure via LoRaWAN<sup>\u00ae<\/sup>.<\/p>","protected":false},"featured_media":1730,"template":"","meta":[],"product_brand":[],"product_cat":[30,36],"product_tag":[],"class_list":{"0":"post-1720","1":"product","2":"type-product","3":"status-publish","4":"has-post-thumbnail","6":"product_cat-geraete-wasser","7":"product_cat-wassernetzueberwachung","9":"first","10":"instock","11":"shipping-taxable","12":"purchasable","13":"product-type-simple"},"acf":[],"_links":{"self":[{"href":"https:\/\/lienhard-ag.ch\/fr\/wp-json\/wp\/v2\/product\/1720","targetHints":{"allow":["GET"]}}],"collection":[{"href":"https:\/\/lienhard-ag.ch\/fr\/wp-json\/wp\/v2\/product"}],"about":[{"href":"https:\/\/lienhard-ag.ch\/fr\/wp-json\/wp\/v2\/types\/product"}],"wp:featuredmedia":[{"embeddable":true,"href":"https:\/\/lienhard-ag.ch\/fr\/wp-json\/wp\/v2\/media\/1730"}],"wp:attachment":[{"href":"https:\/\/lienhard-ag.ch\/fr\/wp-json\/wp\/v2\/media?parent=1720"}],"wp:term":[{"taxonomy":"product_brand","embeddable":true,"href":"https:\/\/lienhard-ag.ch\/fr\/wp-json\/wp\/v2\/product_brand?post=1720"},{"taxonomy":"product_cat","embeddable":true,"href":"https:\/\/lienhard-ag.ch\/fr\/wp-json\/wp\/v2\/product_cat?post=1720"},{"taxonomy":"product_tag","embeddable":true,"href":"https:\/\/lienhard-ag.ch\/fr\/wp-json\/wp\/v2\/product_tag?post=1720"}],"curies":[{"name":"wp","href":"https:\/\/api.w.org\/{rel}","templated":true}]}}