{"id":1731,"date":"2024-02-01T17:11:55","date_gmt":"2024-02-01T16:11:55","guid":{"rendered":"https:\/\/lienhard-ag.dev.hayloft-it.ch\/?post_type=product&#038;p=1731"},"modified":"2024-02-09T12:21:19","modified_gmt":"2024-02-09T11:21:19","slug":"sepem-100-150","status":"publish","type":"product","link":"https:\/\/lienhard-ag.ch\/fr\/produkt\/sepem-100-150\/","title":{"rendered":"SePem 100 \/ 150"},"content":{"rendered":"<h3><strong>D\u00e9tection de fuites avec syst\u00e8me<\/strong><\/h3>\n<p>Le syst\u00e8me SePem\u00ae se compose du r\u00e9cepteur SePem\u00ae 01 Master ainsi que d'un groupe d'enregistreurs de bruits de taille quelconque, le SePem\u00ae 100 \u00e9tant privil\u00e9gi\u00e9 pour une utilisation mobile et le SePem\u00ae 150 pour une utilisation permanente. Ils se fixent magn\u00e9tiquement sur les tiges de cl\u00e9 des vannes, ou sur les bouches d'incendie ou autres robinets du r\u00e9seau de canalisations. Le microphone int\u00e9gr\u00e9 de l'enregistreur transforme le bruit de structure de la conduite en un signal sonore. Celui-ci est enregistr\u00e9 de mani\u00e8re cyclique pendant les p\u00e9riodes de faible consommation - g\u00e9n\u00e9ralement la nuit entre 2h00 et 4h00 environ, lorsqu'il n'y a pas ou peu de bruits parasites dans l'environnement. Sur une canalisation sans fuite, le niveau sonore mesur\u00e9 est proche de z\u00e9ro pendant cette p\u00e9riode. S'il y a une fuite dans la canalisation, l'enregistreur de bruits mesure des valeurs qui sont nettement diff\u00e9rentes de z\u00e9ro et d\u00e9tecte ainsi l'existence de la fuite.<\/p>\n<h3><strong>SePem\u00ae 100 : enregistreur de donn\u00e9es pour une utilisation mobile<\/strong><\/h3>\n<p>Les enregistreurs de donn\u00e9es SePem\u00ae 100 avec antenne int\u00e9gr\u00e9e sont parfaitement adapt\u00e9s \u00e0 une utilisation mobile dans le r\u00e9seau de conduites d'eau. Ils sont plac\u00e9s sur des armatures aux points de mesure d'une section d\u00e9finie du r\u00e9seau et enregistrent le niveau pendant la nuit, pendant une p\u00e9riode programmable - g\u00e9n\u00e9ralement une demi-heure. Le lendemain, les enregistreurs sont collect\u00e9s. Les donn\u00e9es de mesure sont alors transmises par radio au ma\u00eetre SePem\u00ae 01. Les valeurs de mesure anormalement \u00e9lev\u00e9es, qui indiquent une fuite, sont imm\u00e9diatement signal\u00e9es par un signal sonore. Cette m\u00e9thode permet de d\u00e9tecter avec certitude les fuites existantes. Ensuite, les enregistreurs de donn\u00e9es sont utilis\u00e9s successivement dans d'autres sections du r\u00e9seau, jusqu'\u00e0 ce que l'ensemble du r\u00e9seau soit contr\u00f4l\u00e9.<strong>\u00a0<\/strong><\/p>\n<h3><strong>SePem\u00ae 150 : la s\u00e9curit\u00e9 gr\u00e2ce \u00e0 une surveillance permanente<\/strong><\/h3>\n<p>Les enregistreurs de donn\u00e9es SePem\u00ae 150 sont con\u00e7us pour la surveillance stationnaire des r\u00e9seaux d'approvisionnement en eau. Ils disposent d'une antenne externe et sont install\u00e9s de mani\u00e8re fixe sur des robinets. Les SePem\u00ae 150 enregistrent les niveaux minimums chaque nuit pendant une p\u00e9riode programmable, par exemple une demi-heure. Les sites sont parcourus p\u00e9riodiquement, par exemple tous les jours ou toutes les semaines, les enregistreurs de bruit envoyant leurs t\u00e9l\u00e9grammes de donn\u00e9es au ma\u00eetre SePem\u00ae 01. Contrairement \u00e0 l'utilisation mobile, ce ne sont pas les niveaux absolus de deux points de mesure qui sont compar\u00e9s, mais la variation relative du niveau \u00e0 un point de mesure permet de d\u00e9tecter tr\u00e8s rapidement l'apparition d'une nouvelle fuite.<\/p>\n<h3><strong>Une technique robuste sur laquelle vous pouvez compter<\/strong><\/h3>\n<ul>\n<li>Les enregistreurs de donn\u00e9es ont une classe de protection \u00e9lev\u00e9e IP68. Le bo\u00eetier est compos\u00e9 d'acier inoxydable et d'un plastique sp\u00e9cial qui a fait ses preuves, comme celui utilis\u00e9 par exemple pour les bo\u00eetiers des pompes utilis\u00e9es dans le traitement des eaux us\u00e9es. Cela rend les SePem\u00ae 100 et SePem\u00ae 150 absolument \u00e9tanches \u00e0 l'eau et \u00e0 la poussi\u00e8re, r\u00e9sistants \u00e0 toute corrosion ou autre sollicitation et utilisables dans tous les environnements.<\/li>\n<li>Avec une dur\u00e9e de vie des piles de plusieurs ann\u00e9es, les SePem\u00ae 100 et SePem\u00ae 150 restent op\u00e9rationnels longtemps et sont pr\u00eats pour toutes les t\u00e2ches.<\/li>\n<\/ul>\n<h3><strong>Fiable et \u00e9conomique<\/strong><\/h3>\n<ul>\n<li>Les enregistreurs de donn\u00e9es SePem\u00ae 100 et SePem\u00ae 150 sont \u00e9quip\u00e9s de microphones pi\u00e9zo\u00e9lectriques tr\u00e8s sensibles, sp\u00e9cialement optimis\u00e9s pour la recherche de fuites et qui enregistrent les bruits sur de tr\u00e8s longues distances.<\/li>\n<li>La radio bidirectionnelle permet de lire facilement les donn\u00e9es. Avec les enregistreurs SePem\u00ae 150 install\u00e9s en permanence, il n'est pas n\u00e9cessaire d'ouvrir les bouchons, il suffit de passer dans la voiture avec le SePem\u00ae 01 Master pour enregistrer les donn\u00e9es.<\/li>\n<li>Le t\u00e9l\u00e9gramme transmis contient, outre le niveau minimal, la largeur et la fr\u00e9quence du bruit et est clairement affich\u00e9 sur l'\u00e9cran du SePem\u00ae 01 Master. Vous disposez ainsi de possibilit\u00e9s suppl\u00e9mentaires pour v\u00e9rifier les r\u00e9sultats de mesure, par exemple en excluant les bruits parasites tels que la pluie, la circulation routi\u00e8re, les lignes \u00e9lectriques, etc.<\/li>\n<li>En appuyant sur un bouton, il est possible, pendant la patrouille, d'appeler \u00e0 partir de chaque enregistreur SePem\u00ae 150, en plus du t\u00e9l\u00e9gramme de donn\u00e9es, un ensemble complet de donn\u00e9es qui contient alors \u00e9galement la courbe de mesure de la derni\u00e8re mesure. Pour obtenir ces donn\u00e9es compl\u00e8tes, il n'est pas non plus n\u00e9cessaire d'ouvrir le capuchon de la route. Un bref arr\u00eat \u00e0 port\u00e9e radio du SePem\u00ae 150 suffit.<\/li>\n<\/ul>\n<h3><strong>Confortable \u00e0 utiliser<\/strong><\/h3>\n<ul>\n<li>La mesure en ligne vous permet d'effectuer sur place des mesures actuelles qui sont affich\u00e9es sur le SePem\u00ae 01 Master. Vous pouvez ainsi v\u00e9rifier l'ad\u00e9quation des points de mesure ou d\u00e9terminer les distances de montage appropri\u00e9es avant la mesure proprement dite de nuit, pendant la pose de jour. Vous pouvez \u00e9galement v\u00e9rifier directement sur place la plausibilit\u00e9 des donn\u00e9es de mesure recueillies pendant la nuit,<\/li>\n<li>Les heures de mesure et les p\u00e9riodes d'activit\u00e9 radio sont librement programmables.<\/li>\n<li>Gr\u00e2ce \u00e0 son menu simple et intuitif, le SePem\u00ae 01 Master favorise des r\u00e9sultats rapides et fiables et peut \u00eatre utilis\u00e9 de mani\u00e8re fiable m\u00eame par des utilisateurs moins exp\u00e9riment\u00e9s.<\/li>\n<\/ul>","protected":false},"excerpt":{"rendered":"<p>Enregistreur de bruit pour la surveillance des r\u00e9seaux d'eau<\/p>\n<p>Les fuites dans les r\u00e9seaux de canalisations d'eau peuvent entra\u00eener des pertes d'eau consid\u00e9rables. En surveillant syst\u00e9matiquement le r\u00e9seau avec des enregistreurs de donn\u00e9es SePem\u00ae, vous identifiez de mani\u00e8re fiable les fuites existantes et d\u00e9tectez \u00e0 temps les nouvelles qui apparaissent.<\/p>","protected":false},"featured_media":1744,"template":"","meta":[],"product_brand":[],"product_cat":[30,36],"product_tag":[],"class_list":{"0":"post-1731","1":"product","2":"type-product","3":"status-publish","4":"has-post-thumbnail","6":"product_cat-geraete-wasser","7":"product_cat-wassernetzueberwachung","9":"first","10":"instock","11":"shipping-taxable","12":"purchasable","13":"product-type-simple"},"acf":[],"_links":{"self":[{"href":"https:\/\/lienhard-ag.ch\/fr\/wp-json\/wp\/v2\/product\/1731","targetHints":{"allow":["GET"]}}],"collection":[{"href":"https:\/\/lienhard-ag.ch\/fr\/wp-json\/wp\/v2\/product"}],"about":[{"href":"https:\/\/lienhard-ag.ch\/fr\/wp-json\/wp\/v2\/types\/product"}],"wp:featuredmedia":[{"embeddable":true,"href":"https:\/\/lienhard-ag.ch\/fr\/wp-json\/wp\/v2\/media\/1744"}],"wp:attachment":[{"href":"https:\/\/lienhard-ag.ch\/fr\/wp-json\/wp\/v2\/media?parent=1731"}],"wp:term":[{"taxonomy":"product_brand","embeddable":true,"href":"https:\/\/lienhard-ag.ch\/fr\/wp-json\/wp\/v2\/product_brand?post=1731"},{"taxonomy":"product_cat","embeddable":true,"href":"https:\/\/lienhard-ag.ch\/fr\/wp-json\/wp\/v2\/product_cat?post=1731"},{"taxonomy":"product_tag","embeddable":true,"href":"https:\/\/lienhard-ag.ch\/fr\/wp-json\/wp\/v2\/product_tag?post=1731"}],"curies":[{"name":"wp","href":"https:\/\/api.w.org\/{rel}","templated":true}]}}