{"id":1755,"date":"2024-02-01T17:36:49","date_gmt":"2024-02-01T16:36:49","guid":{"rendered":"https:\/\/lienhard-ag.dev.hayloft-it.ch\/?post_type=product&#038;p=1755"},"modified":"2024-02-09T12:21:19","modified_gmt":"2024-02-09T11:21:19","slug":"secorr-c-200","status":"publish","type":"product","link":"https:\/\/lienhard-ag.ch\/fr\/produkt\/secorr-c-200\/","title":{"rendered":"SeCorr C 200"},"content":{"rendered":"<h3><strong>Flexible<\/strong><\/h3>\n<p>Le site\u00a0<strong>SeCorr<sup>\u00ae<\/sup>\u00a0C 200<\/strong>\u00a0est recommand\u00e9 pour tous les utilisateurs qui pratiquent la d\u00e9tection de fuites de mani\u00e8re professionnelle, car il permet de faire face \u00e0 toutes les situations de d\u00e9tection du quotidien. Diff\u00e9rentes sections de tuyaux, mat\u00e9riaux de tuyaux, diam\u00e8tres et longueurs de tuyaux peuvent \u00eatre mesur\u00e9s sans probl\u00e8me.<\/p>\n<h3><strong>Intelligent<\/strong><\/h3>\n<p><strong>\u00a0<\/strong>Le micrologiciel sophistiqu\u00e9 du\u00a0<strong>SeCorr<sup>\u00ae<\/sup>\u00a0C 200<\/strong>\u00a0permet \u00e0 l'utilisateur d'automatiser presque enti\u00e8rement le d\u00e9roulement des mesures. Une fois les donn\u00e9es de la tuyauterie saisies et la mesure lanc\u00e9e, toutes les autres \u00e9tapes se d\u00e9roulent sans intervention de l'op\u00e9rateur. En arri\u00e8re-plan, les bruits mesur\u00e9s sont toujours analys\u00e9s et les param\u00e8tres de filtrage optimaux sont s\u00e9lectionn\u00e9s.<\/p>","protected":false},"excerpt":{"rendered":"<p>D\u00e9tection de fuites d'eau par corr\u00e9lation<\/p>\n<p>Le site\u00a0<strong>SeCorr<sup>\u00ae<\/sup>\u00a0C 200<\/strong>\u00a0est un corr\u00e9lateur portable moderne \u00e0 haut rendement qui permet une localisation fiable, rapide, pr\u00e9cise et excavable des fuites sur les canalisations enterr\u00e9es<\/p>","protected":false},"featured_media":1762,"template":"","meta":[],"product_brand":[],"product_cat":[30,37],"product_tag":[],"class_list":{"0":"post-1755","1":"product","2":"type-product","3":"status-publish","4":"has-post-thumbnail","6":"product_cat-geraete-wasser","7":"product_cat-korrelatoren","9":"first","10":"instock","11":"shipping-taxable","12":"purchasable","13":"product-type-simple"},"acf":[],"_links":{"self":[{"href":"https:\/\/lienhard-ag.ch\/fr\/wp-json\/wp\/v2\/product\/1755","targetHints":{"allow":["GET"]}}],"collection":[{"href":"https:\/\/lienhard-ag.ch\/fr\/wp-json\/wp\/v2\/product"}],"about":[{"href":"https:\/\/lienhard-ag.ch\/fr\/wp-json\/wp\/v2\/types\/product"}],"wp:featuredmedia":[{"embeddable":true,"href":"https:\/\/lienhard-ag.ch\/fr\/wp-json\/wp\/v2\/media\/1762"}],"wp:attachment":[{"href":"https:\/\/lienhard-ag.ch\/fr\/wp-json\/wp\/v2\/media?parent=1755"}],"wp:term":[{"taxonomy":"product_brand","embeddable":true,"href":"https:\/\/lienhard-ag.ch\/fr\/wp-json\/wp\/v2\/product_brand?post=1755"},{"taxonomy":"product_cat","embeddable":true,"href":"https:\/\/lienhard-ag.ch\/fr\/wp-json\/wp\/v2\/product_cat?post=1755"},{"taxonomy":"product_tag","embeddable":true,"href":"https:\/\/lienhard-ag.ch\/fr\/wp-json\/wp\/v2\/product_tag?post=1755"}],"curies":[{"name":"wp","href":"https:\/\/api.w.org\/{rel}","templated":true}]}}