{"id":1789,"date":"2024-02-02T10:39:03","date_gmt":"2024-02-02T09:39:03","guid":{"rendered":"https:\/\/lienhard-ag.dev.hayloft-it.ch\/?post_type=product&#038;p=1789"},"modified":"2024-02-27T17:58:19","modified_gmt":"2024-02-27T16:58:19","slug":"rouleau-de-gaz-laser-lgp-800","status":"publish","type":"product","link":"https:\/\/lienhard-ag.ch\/fr\/produkt\/lasergaspatroller-lgp-800\/","title":{"rendered":"Patrouilleur LaserGas LGP 800"},"content":{"rendered":"<p>Le site\u00a0<strong>LGP 800<\/strong>\u00a0est g\u00e9r\u00e9 par le syst\u00e8me logiciel\u00a0<strong>SeCuRi<sup>\u00ae<\/sup> SAT\u00a0<\/strong>command\u00e9e.<br \/>\n<strong>SeCuRi<sup>\u00ae<\/sup><\/strong> <strong>SAT<\/strong>\u00a0est le syst\u00e8me de documentation le plus sophistiqu\u00e9 au monde pour le contr\u00f4le des r\u00e9seaux de canalisations.<\/p>\n<h3><strong>Le principe<\/strong><\/h3>\n<p>Gaz naturel (m\u00e9thane CH<sub>4<\/sub>) est un gaz l\u00e9ger qui s'\u00e9chappe d'une fuite sur le gazoduc et se diffuse \u00e0 travers le sol jusqu'\u00e0 la surface de la route. Pendant le trajet sur la conduite de gaz, le\u00a0<strong>LaserGasPatroller<\/strong>\u00a0un \u00e9chantillon est aspir\u00e9, plac\u00e9 dans le\u00a0<strong>LGP 800<\/strong>-et \u00e9valu\u00e9 par le syst\u00e8me de mesure. Les fuites \u00e0 l'int\u00e9rieur de la tr\u00e9mie d'\u00e9pandage sont d\u00e9tect\u00e9es et trait\u00e9es par le syst\u00e8me de contr\u00f4le.\u00a0<strong>SeCuRi<sup>\u00ae<\/sup><\/strong>\u00a0<strong>SAT<\/strong>-Les donn\u00e9es sont automatiquement saisies par le logiciel de gestion des donn\u00e9es.<\/p>\n<h3><strong>L'unit\u00e9 de mesure\u00a0<\/strong><strong>LGP 800<\/strong><\/h3>\n<p>L'unit\u00e9 de mesure\u00a0<strong>LGP 800<\/strong>\u00a0est install\u00e9e dans un tr\u00e8s petit bo\u00eetier m\u00e9tallique de 19\u2033. Gr\u00e2ce \u00e0 ses dimensions r\u00e9duites, l'unit\u00e9 de mesure peut \u00eatre mont\u00e9e \u00e0 l'endroit souhait\u00e9 dans le v\u00e9hicule. Tous les composants ont \u00e9t\u00e9 test\u00e9s dans des conditions difficiles, notamment en ce qui concerne les vibrations qui se produisent lors de l'utilisation quotidienne.<\/p>\n<p>Le principe de d\u00e9tection du\u00a0<strong>LGP 800<\/strong>\u00a0est bas\u00e9e sur le principe de la \"Tunable Diode Laser Spectroscopy\" (TDLS), que l'on peut traduire par \"spectroscopie au moyen de diodes laser accordables\". Ce proc\u00e9d\u00e9 d\u00e9termine la concentration \u00e0 partir d'une absorption mesur\u00e9e du gaz \u00e0 analyser, par exemple le m\u00e9thane. Une diode laser sert de source de rayonnement, c'est pourquoi la TDLS est class\u00e9e parmi les proc\u00e9d\u00e9s de spectroscopie laser. La cellule de mesure laser mesure donc exclusivement le m\u00e9thane. Une sensibilit\u00e9 crois\u00e9e \u00e0 d'autres gaz n'est pas connue. Le site\u00a0<strong>LGP 800<\/strong>\u00a0est \u00e9galement optimis\u00e9 en termes de consommation d'\u00e9nergie. Avec une consommation de courant de 20 A maximum, le syst\u00e8me peut \u00eatre aliment\u00e9 par la batterie normale d'une voiture. C'est pourquoi les v\u00e9hicules \u00e9lectriques peuvent \u00e9galement \u00eatre utilis\u00e9s.<\/p>\n<p>Trois sorties externes garantissent que, via les\u00a0<strong>SeCuRi<sup>\u00ae<\/sup><\/strong>\u00a0<strong>SAT<\/strong>-Il est \u00e9galement possible d'activer un gyrophare ou une sir\u00e8ne, par exemple, \u00e0 l'aide d'un logiciel de gestion de la s\u00e9curit\u00e9.<\/p>","protected":false},"excerpt":{"rendered":"<p>Solution embarqu\u00e9e pour le contr\u00f4le des conduites de gaz enterr\u00e9es<\/p>\n<p>Le site\u00a0<strong>LaserGasPatroller<\/strong>\u00a0est une solution embarqu\u00e9e pour le contr\u00f4le \u00e9conomique des conduites de gaz enterr\u00e9es. Les fuites de gaz sont d\u00e9tect\u00e9es par le syst\u00e8me de mesure laser lors du passage sur les conduites de gaz.\u00a0<strong>LGP 800<\/strong>\u00a0d\u00e9tect\u00e9.<\/p>","protected":false},"featured_media":1790,"template":"","meta":[],"product_brand":[],"product_cat":[31,76],"product_tag":[],"class_list":{"0":"post-1789","1":"product","2":"type-product","3":"status-publish","4":"has-post-thumbnail","6":"product_cat-geraete-gas","7":"product_cat-gasmessgeraete","9":"first","10":"instock","11":"shipping-taxable","12":"purchasable","13":"product-type-simple"},"acf":[],"_links":{"self":[{"href":"https:\/\/lienhard-ag.ch\/fr\/wp-json\/wp\/v2\/product\/1789","targetHints":{"allow":["GET"]}}],"collection":[{"href":"https:\/\/lienhard-ag.ch\/fr\/wp-json\/wp\/v2\/product"}],"about":[{"href":"https:\/\/lienhard-ag.ch\/fr\/wp-json\/wp\/v2\/types\/product"}],"wp:featuredmedia":[{"embeddable":true,"href":"https:\/\/lienhard-ag.ch\/fr\/wp-json\/wp\/v2\/media\/1790"}],"wp:attachment":[{"href":"https:\/\/lienhard-ag.ch\/fr\/wp-json\/wp\/v2\/media?parent=1789"}],"wp:term":[{"taxonomy":"product_brand","embeddable":true,"href":"https:\/\/lienhard-ag.ch\/fr\/wp-json\/wp\/v2\/product_brand?post=1789"},{"taxonomy":"product_cat","embeddable":true,"href":"https:\/\/lienhard-ag.ch\/fr\/wp-json\/wp\/v2\/product_cat?post=1789"},{"taxonomy":"product_tag","embeddable":true,"href":"https:\/\/lienhard-ag.ch\/fr\/wp-json\/wp\/v2\/product_tag?post=1789"}],"curies":[{"name":"wp","href":"https:\/\/api.w.org\/{rel}","templated":true}]}}