{"id":1792,"date":"2024-02-02T10:57:51","date_gmt":"2024-02-02T09:57:51","guid":{"rendered":"https:\/\/lienhard-ag.dev.hayloft-it.ch\/?post_type=product&#038;p=1792"},"modified":"2024-02-27T19:06:12","modified_gmt":"2024-02-27T18:06:12","slug":"ex-tec-pm-400","status":"publish","type":"product","link":"https:\/\/lienhard-ag.ch\/fr\/produkt\/ex-tec-pm-400\/","title":{"rendered":"EX-TEC PM 400"},"content":{"rendered":"<h3><strong>D\u00e9tecteur de gaz mobile avec un grand confort d'utilisation<\/strong><\/h3>\n<p>L'appareil compact est disponible avec diff\u00e9rents capteurs et l'\u00e9quipement de base permet d\u00e9j\u00e0 de surveiller les gaz inflammables.<\/p>\n<p>Gr\u00e2ce \u00e0 la grande vari\u00e9t\u00e9 de gaz d\u00e9tectables, vous pouvez <strong>EX-TEC<sup>\u00ae<\/sup> PM 400<\/strong> de mani\u00e8re flexible - m\u00eame pour des applications inhabituelles. Ainsi, le <strong>EX-TEC<sup>\u00ae<\/sup> PM 400<\/strong> en cas de fuites dans les installations de gaz et de chauffage ou dans les syst\u00e8mes de soudage \u00e0 l'ac\u00e9tyl\u00e8ne. En outre, l'appareil permet l'\u00e9talonnage de s\u00e9curit\u00e9 au nonane. Une autre possibilit\u00e9 d'utilisation est le contr\u00f4le de l'absence de gaz dans les r\u00e9servoirs de k\u00e9ros\u00e8ne.<\/p>\n<h3><strong>Une ergonomie qui vous facilite le travail<\/strong><\/h3>\n<p>Une fois que vous avez commenc\u00e9 \u00e0 utiliser le <strong>EX-TEC<sup>\u00ae<\/sup> PM 400<\/strong> vous ne voudrez plus vous en s\u00e9parer. L'appareil, qui tient bien en main, est dot\u00e9 d'un rev\u00eatement en caoutchouc sur le bo\u00eetier. Gr\u00e2ce \u00e0 son \u00e9cran \u00e0 fort contraste et \u00e0 l'affichage tr\u00e8s net, il reste bien lisible m\u00eame en plein soleil. Le bloc de commande pratique \u00e0 4 touches (2 touches fl\u00e9ch\u00e9es, touche de menu, touche d'entr\u00e9e) permet d'acc\u00e9der \u00e0 toutes les fonctions de l'appareil. Autre point positif pour le confort d'utilisation : la touche marche\/arr\u00eat s\u00e9par\u00e9e n'est affect\u00e9e \u00e0 aucune autre fonction.<\/p>\n<p>Le site <strong>EX-TEC<sup>\u00ae<\/sup> PM 400<\/strong> peut d\u00e9tecter jusqu'\u00e0 quatre types de gaz diff\u00e9rents dans sa version compl\u00e8te. Les capteurs optionnels sont install\u00e9s en usine avant la livraison. Une fonction de s\u00e9lection permet de d\u00e9finir l'\u00e9talonnage pour diff\u00e9rents gaz combustibles.<\/p>","protected":false},"excerpt":{"rendered":"<p>D\u00e9tecteur de gaz pour une surveillance fiable des gaz inflammables et toxiques - avec certification Nonan<\/p>\n<p>Les installateurs, les collaborateurs des entreprises de distribution, les exploitants de r\u00e9seaux, les pompiers et autres personnels sp\u00e9cialis\u00e9s ont travaill\u00e9 avec le <strong>EX-TEC<sup>\u00ae<\/sup> PM 400<\/strong> un d\u00e9tecteur de gaz mobile \u00e0 port\u00e9e de main, qui avertit de mani\u00e8re fiable des concentrations de gaz dangereuses.<\/p>","protected":false},"featured_media":1797,"template":"","meta":[],"product_brand":[],"product_cat":[31,80],"product_tag":[],"class_list":{"0":"post-1792","1":"product","2":"type-product","3":"status-publish","4":"has-post-thumbnail","6":"product_cat-geraete-gas","7":"product_cat-gaswarngeraete","9":"first","10":"instock","11":"shipping-taxable","12":"purchasable","13":"product-type-simple"},"acf":[],"_links":{"self":[{"href":"https:\/\/lienhard-ag.ch\/fr\/wp-json\/wp\/v2\/product\/1792","targetHints":{"allow":["GET"]}}],"collection":[{"href":"https:\/\/lienhard-ag.ch\/fr\/wp-json\/wp\/v2\/product"}],"about":[{"href":"https:\/\/lienhard-ag.ch\/fr\/wp-json\/wp\/v2\/types\/product"}],"wp:featuredmedia":[{"embeddable":true,"href":"https:\/\/lienhard-ag.ch\/fr\/wp-json\/wp\/v2\/media\/1797"}],"wp:attachment":[{"href":"https:\/\/lienhard-ag.ch\/fr\/wp-json\/wp\/v2\/media?parent=1792"}],"wp:term":[{"taxonomy":"product_brand","embeddable":true,"href":"https:\/\/lienhard-ag.ch\/fr\/wp-json\/wp\/v2\/product_brand?post=1792"},{"taxonomy":"product_cat","embeddable":true,"href":"https:\/\/lienhard-ag.ch\/fr\/wp-json\/wp\/v2\/product_cat?post=1792"},{"taxonomy":"product_tag","embeddable":true,"href":"https:\/\/lienhard-ag.ch\/fr\/wp-json\/wp\/v2\/product_tag?post=1792"}],"curies":[{"name":"wp","href":"https:\/\/api.w.org\/{rel}","templated":true}]}}