{"id":1812,"date":"2024-02-02T11:20:51","date_gmt":"2024-02-02T10:20:51","guid":{"rendered":"https:\/\/lienhard-ag.dev.hayloft-it.ch\/?post_type=product&#038;p=1812"},"modified":"2024-04-19T15:52:35","modified_gmt":"2024-04-19T13:52:35","slug":"multitec-560","status":"publish","type":"product","link":"https:\/\/lienhard-ag.ch\/fr\/produkt\/multitec-560\/","title":{"rendered":"Multitec 560"},"content":{"rendered":"<p>L'utilisateur est assist\u00e9 de mani\u00e8re optimale dans son travail gr\u00e2ce \u00e0 un guidage intelligent de l'utilisateur. Par exemple, en cas de concentrations de gaz critiques, l'appareil emp\u00eache le passage d'une plage de mesure \u00e0 l'autre. Cela assure un maximum de s\u00e9curit\u00e9 - pour l'homme et le mat\u00e9riel.<\/p>\n<h3><strong>Domaines d'application<\/strong><\/h3>\n<p>Le site\u00a0<strong>Multitec<sup>\u00ae<\/sup> 560<\/strong>\u00a0convient au contr\u00f4le pr\u00e9ventif de l'atmosph\u00e8re dans la zone de travail (par ex. fosses de machines, r\u00e9servoirs d'ensilage, constructions de puits). Les gaz explosifs et toxiques sont d\u00e9tect\u00e9s de mani\u00e8re fiable, ce qui permet de travailler en toute s\u00e9curit\u00e9 \u00e0 tout moment.<\/p>\n<p>Pour une production de biogaz \u00e0 but lucratif, il est essentiel de saisir et d'analyser la composition du gaz et de l'utiliser pour optimiser les processus. Le site\u00a0<strong>Multitec<sup>\u00ae<\/sup> 560<\/strong>\u00a0est parfaitement adapt\u00e9 \u00e0 cette t\u00e2che, car l'appareil utilise une technique de mesure infrarouge de haute qualit\u00e9.<\/p>\n<h3><strong>Caract\u00e9ristiques<\/strong><\/h3>\n<ul>\n<li>Concept d'utilisation innovant avec bouton de menu, guidage par menu et touches de fonction<\/li>\n<li>Grand \u00e9cran transflectif, c'est-\u00e0-dire semi-transparent ; tr\u00e8s bonne lisibilit\u00e9, m\u00eame en plein soleil<\/li>\n<li>Capteurs infrarouges s\u00e9lectifs pour le m\u00e9thane et le dioxyde de carbone<\/li>\n<li>Capteurs \u00e9lectrochimiques \u00e0 longue dur\u00e9e de vie pour l'oxyg\u00e8ne et les gaz toxiques<\/li>\n<li>Protection EX : II2G Ex d e ib IIB T4 Gb ou II2G Ex d e ib IIC T4 Gb avec sac de transport TG8<\/li>\n<li>Attestation d'examen CE de type : T\u00dcV 07 ATEX 553353 X<\/li>\n<li>Fonction de mesure : BVS 09 ATEX G 001 X, PFG 08 G 002 X (valable pour le cas d'application Avertir ExTox pour CH4, CO2, O2, CO, H2S)<\/li>\n<li>Dur\u00e9e d'utilisation d'au moins 8 heures, charge rapide 4 heures<\/li>\n<\/ul>","protected":false},"excerpt":{"rendered":"<p>D\u00e9tecteur et mesureur de gaz combin\u00e9s pour la surveillance des processus et la s\u00e9curit\u00e9 personnelle dans les d\u00e9charges, les stations d'\u00e9puration et les installations de biogaz<\/p>\n<p>Le site\u00a0<strong>Multitec<sup>\u00ae<\/sup> 560<\/strong>\u00a0est un appareil combin\u00e9 de d\u00e9tection de gaz et de mesure de gaz. Lorsqu'il est utilis\u00e9 comme d\u00e9tecteur de gaz, il d\u00e9tecte automatiquement et en toute s\u00e9curit\u00e9 les gaz dangereux et toxiques pour l'homme. Lorsqu'il est utilis\u00e9 comme d\u00e9tecteur de gaz, la composition gazeuse des gaz de processus biologiques est d\u00e9termin\u00e9e et document\u00e9e.<\/p>","protected":false},"featured_media":1821,"template":"","meta":[],"product_brand":[],"product_cat":[80,79],"product_tag":[],"class_list":{"0":"post-1812","1":"product","2":"type-product","3":"status-publish","4":"has-post-thumbnail","6":"product_cat-gaswarngeraete","7":"product_cat-deponie-und-biogas","9":"first","10":"instock","11":"shipping-taxable","12":"purchasable","13":"product-type-simple"},"acf":[],"_links":{"self":[{"href":"https:\/\/lienhard-ag.ch\/fr\/wp-json\/wp\/v2\/product\/1812","targetHints":{"allow":["GET"]}}],"collection":[{"href":"https:\/\/lienhard-ag.ch\/fr\/wp-json\/wp\/v2\/product"}],"about":[{"href":"https:\/\/lienhard-ag.ch\/fr\/wp-json\/wp\/v2\/types\/product"}],"wp:featuredmedia":[{"embeddable":true,"href":"https:\/\/lienhard-ag.ch\/fr\/wp-json\/wp\/v2\/media\/1821"}],"wp:attachment":[{"href":"https:\/\/lienhard-ag.ch\/fr\/wp-json\/wp\/v2\/media?parent=1812"}],"wp:term":[{"taxonomy":"product_brand","embeddable":true,"href":"https:\/\/lienhard-ag.ch\/fr\/wp-json\/wp\/v2\/product_brand?post=1812"},{"taxonomy":"product_cat","embeddable":true,"href":"https:\/\/lienhard-ag.ch\/fr\/wp-json\/wp\/v2\/product_cat?post=1812"},{"taxonomy":"product_tag","embeddable":true,"href":"https:\/\/lienhard-ag.ch\/fr\/wp-json\/wp\/v2\/product_tag?post=1812"}],"curies":[{"name":"wp","href":"https:\/\/api.w.org\/{rel}","templated":true}]}}