{"id":1833,"date":"2024-02-02T11:35:32","date_gmt":"2024-02-02T10:35:32","guid":{"rendered":"https:\/\/lienhard-ag.dev.hayloft-it.ch\/?post_type=product&#038;p=1833"},"modified":"2024-02-09T12:21:23","modified_gmt":"2024-02-09T11:21:23","slug":"multitec-540","status":"publish","type":"product","link":"https:\/\/lienhard-ag.ch\/fr\/produkt\/multitec-540\/","title":{"rendered":"Multitec 540"},"content":{"rendered":"<h3><strong>Caract\u00e9ristiques de l'appareil<\/strong><\/h3>\n<p>L'utilisation de la technique de mesure infrarouge pour le m\u00e9thane et le dioxyde de carbone exclut toute falsification des valeurs de mesure par des influences crois\u00e9es d'autres gaz. Il est donc parfaitement adapt\u00e9 \u00e0 une utilisation dans les d\u00e9charges, dans les usines de traitement des eaux us\u00e9es et dans les installations de biogaz.<\/p>\n<p>Toutes les valeurs sont affich\u00e9es en parall\u00e8le sur le grand \u00e9cran et peuvent \u00eatre lues rapidement en un coup d'\u0153il. Les donn\u00e9es de mesure sont enregistr\u00e9es dans des protocoles et sont facilement transf\u00e9r\u00e9es vers le PC via le port USB.<\/p>\n<h3><strong>Caract\u00e9ristiques<\/strong><\/h3>\n<ul>\n<li>Guidage intuitif de l'utilisateur avec bouton de menu, guide de menu et touches de fonction<\/li>\n<li>Grand \u00e9cran transflectif, tr\u00e8s bonne lisibilit\u00e9 en plein soleil<\/li>\n<li>Capteurs infrarouges s\u00e9lectifs pour les hydrocarbures et le dioxyde de carbone<\/li>\n<li>Capteurs \u00e9lectrochimiques \u00e0 longue dur\u00e9e de vie pour l'oxyg\u00e8ne et les gaz toxiques<\/li>\n<li>Alimentation par quatre piles AA interchangeables ou par des piles primaires<\/li>\n<li>Autonomie d'au moins 7 heures, charge rapide en 4 heures<\/li>\n<li>Protection EX : T\u00dcV 07 ATEX 553353 X<\/li>\n<li>II2G Ex d e ib IIB T4 Gb, IIC avec sac de transport TG8<\/li>\n<li>Communication PC via l'interface USB<\/li>\n<li>arceau \u00e0 porter et \u00e0 poser<\/li>\n<li>Faible poids (1.000 g) pour un confort optimal<\/li>\n<\/ul>","protected":false},"excerpt":{"rendered":"<p>D\u00e9tecteur multi-gaz avec capteurs infrarouges - Optimis\u00e9 pour le biogaz et le gaz de d\u00e9charge<\/p>\n<p>Le site\u00a0<strong>Multitec<sup>\u00ae<\/sup>\u00a0540<\/strong>\u00a0est un instrument de mesure des gaz destin\u00e9 \u00e0 l'analyse des m\u00e9langes de gaz produits lors des processus biologiques. Il mesure simultan\u00e9ment la concentration de jusqu'\u00e0 cinq gaz. L'appareil est \u00e9quip\u00e9 de capteurs infrarouges pour la mesure du m\u00e9thane et du dioxyde de carbone. Il peut en outre \u00eatre \u00e9quip\u00e9 de capteurs \u00e9lectrochimiques.<\/p>","protected":false},"featured_media":1843,"template":"","meta":[],"product_brand":[],"product_cat":[31,79],"product_tag":[],"class_list":{"0":"post-1833","1":"product","2":"type-product","3":"status-publish","4":"has-post-thumbnail","6":"product_cat-geraete-gas","7":"product_cat-deponie-und-biogas","9":"first","10":"instock","11":"shipping-taxable","12":"purchasable","13":"product-type-simple"},"acf":[],"_links":{"self":[{"href":"https:\/\/lienhard-ag.ch\/fr\/wp-json\/wp\/v2\/product\/1833","targetHints":{"allow":["GET"]}}],"collection":[{"href":"https:\/\/lienhard-ag.ch\/fr\/wp-json\/wp\/v2\/product"}],"about":[{"href":"https:\/\/lienhard-ag.ch\/fr\/wp-json\/wp\/v2\/types\/product"}],"wp:featuredmedia":[{"embeddable":true,"href":"https:\/\/lienhard-ag.ch\/fr\/wp-json\/wp\/v2\/media\/1843"}],"wp:attachment":[{"href":"https:\/\/lienhard-ag.ch\/fr\/wp-json\/wp\/v2\/media?parent=1833"}],"wp:term":[{"taxonomy":"product_brand","embeddable":true,"href":"https:\/\/lienhard-ag.ch\/fr\/wp-json\/wp\/v2\/product_brand?post=1833"},{"taxonomy":"product_cat","embeddable":true,"href":"https:\/\/lienhard-ag.ch\/fr\/wp-json\/wp\/v2\/product_cat?post=1833"},{"taxonomy":"product_tag","embeddable":true,"href":"https:\/\/lienhard-ag.ch\/fr\/wp-json\/wp\/v2\/product_tag?post=1833"}],"curies":[{"name":"wp","href":"https:\/\/api.w.org\/{rel}","templated":true}]}}