{"id":1849,"date":"2024-02-02T11:41:57","date_gmt":"2024-02-02T10:41:57","guid":{"rendered":"https:\/\/lienhard-ag.dev.hayloft-it.ch\/?post_type=product&#038;p=1849"},"modified":"2024-02-09T12:21:23","modified_gmt":"2024-02-09T11:21:23","slug":"multitec-545","status":"publish","type":"product","link":"https:\/\/lienhard-ag.ch\/fr\/produkt\/multitec-545\/","title":{"rendered":"Multitec 545"},"content":{"rendered":"<p>Gr\u00e2ce \u00e0 l'utilisation de la technique de mesure infrarouge pour le m\u00e9thane et le dioxyde de carbone, les valeurs mesur\u00e9es ne sont pas fauss\u00e9es par les influences crois\u00e9es d'autres gaz. Toutes les valeurs sont affich\u00e9es simultan\u00e9ment sur le grand \u00e9cran, ce qui permet de les lire rapidement d'un seul coup d'\u0153il.<\/p>\n<p>Les donn\u00e9es de mesure enregistr\u00e9es dans des protocoles peuvent \u00eatre facilement transf\u00e9r\u00e9es vers un PC via le port USB.<\/p>\n<h3>Caract\u00e9ristiques<\/h3>\n<ul>\n<li>concept d'utilisation innovant avec bouton de menu, guidage par menu et touches de fonction<\/li>\n<li>grand \u00e9cran matriciel avec r\u00e9tro\u00e9clairage<\/li>\n<li>capteurs infrarouges s\u00e9lectifs pour les hydrocarbures et le dioxyde de carbone<\/li>\n<li>Capteur EC pour le sulfure d'hydrog\u00e8ne avec une grande plage de mesure (5.000 ppm)<\/li>\n<li>Charge rapide en 3 h<\/li>\n<li>Alimentation par quatre piles Mignon rechargeables interchangeables ou par des piles primaires<\/li>\n<li>Protection EX ATEX 100a IIB, IIC avec \u00e9tui en cuir<\/li>\n<li>Communication PC via l'interface USB<\/li>\n<li>arceau \u00e0 porter et \u00e0 poser<\/li>\n<\/ul>","protected":false},"excerpt":{"rendered":"<p>D\u00e9tecteur multigaz avec capteurs infrarouges et plage de mesure \u00e9tendue pour le sulfure d'hydrog\u00e8ne<\/p>\n<p>Le site\u00a0<strong>Multitec<sup>\u00ae<\/sup> 545<\/strong>\u00a0offre la possibilit\u00e9 de mesurer jusqu'\u00e0 cinq gaz simultan\u00e9ment. Les concentrations tr\u00e8s \u00e9lev\u00e9es de H<sub>2<\/sub>S posent des exigences particuli\u00e8res \u00e0 l'appareil de mesure. Le site\u00a0<strong>Multitec<sup>\u00ae<\/sup> 545<\/strong>\u00a0est tr\u00e8s appr\u00e9ci\u00e9 pour sa robustesse et son grand H<sub>2<\/sub>S convient parfaitement \u00e0 cette utilisation.<\/p>","protected":false},"featured_media":1858,"template":"","meta":[],"product_brand":[],"product_cat":[31,79],"product_tag":[],"class_list":{"0":"post-1849","1":"product","2":"type-product","3":"status-publish","4":"has-post-thumbnail","6":"product_cat-geraete-gas","7":"product_cat-deponie-und-biogas","9":"first","10":"instock","11":"shipping-taxable","12":"purchasable","13":"product-type-simple"},"acf":[],"_links":{"self":[{"href":"https:\/\/lienhard-ag.ch\/fr\/wp-json\/wp\/v2\/product\/1849","targetHints":{"allow":["GET"]}}],"collection":[{"href":"https:\/\/lienhard-ag.ch\/fr\/wp-json\/wp\/v2\/product"}],"about":[{"href":"https:\/\/lienhard-ag.ch\/fr\/wp-json\/wp\/v2\/types\/product"}],"wp:featuredmedia":[{"embeddable":true,"href":"https:\/\/lienhard-ag.ch\/fr\/wp-json\/wp\/v2\/media\/1858"}],"wp:attachment":[{"href":"https:\/\/lienhard-ag.ch\/fr\/wp-json\/wp\/v2\/media?parent=1849"}],"wp:term":[{"taxonomy":"product_brand","embeddable":true,"href":"https:\/\/lienhard-ag.ch\/fr\/wp-json\/wp\/v2\/product_brand?post=1849"},{"taxonomy":"product_cat","embeddable":true,"href":"https:\/\/lienhard-ag.ch\/fr\/wp-json\/wp\/v2\/product_cat?post=1849"},{"taxonomy":"product_tag","embeddable":true,"href":"https:\/\/lienhard-ag.ch\/fr\/wp-json\/wp\/v2\/product_tag?post=1849"}],"curies":[{"name":"wp","href":"https:\/\/api.w.org\/{rel}","templated":true}]}}