{"id":1873,"date":"2024-02-02T13:44:52","date_gmt":"2024-02-02T12:44:52","guid":{"rendered":"https:\/\/lienhard-ag.dev.hayloft-it.ch\/?post_type=product&#038;p=1873"},"modified":"2024-02-28T08:32:01","modified_gmt":"2024-02-28T07:32:01","slug":"institutions-de-controle-spe","status":"publish","type":"product","link":"https:\/\/lienhard-ag.ch\/fr\/produkt\/pruefeinrichtungen-spe\/","title":{"rendered":"Dispositif de contr\u00f4le SPE ppm"},"content":{"rendered":"<ul>\n<li>Contr\u00f4le et ajustement de la sensibilit\u00e9 de l'affichage avec 10 ppm de CH4<\/li>\n<li>avec conditionneur int\u00e9gr\u00e9 pour humidifier le gaz d'essai<\/li>\n<li>Manom\u00e8tre (0 - 16 bar) pour indiquer la pression de la prise de gaz d'essai<\/li>\n<li>D\u00e9bitm\u00e8tre (0 - 80 l\/h)<\/li>\n<\/ul>","protected":false},"excerpt":{"rendered":"<p>pour le contr\u00f4le et l'ajustage des appareils de mesure SEWERIN<\/p>\n<p>La technique de contr\u00f4le occupe une place de plus en plus importante dans le cadre de la s\u00e9curit\u00e9 d'exploitation. La fiche de travail DVGW G 465-4 d\u00e9crit les contr\u00f4les n\u00e9cessaires pour les diff\u00e9rentes classes d'appareils.<\/p>","protected":false},"featured_media":2054,"template":"","meta":[],"product_brand":[],"product_cat":[31,81],"product_tag":[],"class_list":{"0":"post-1873","1":"product","2":"type-product","3":"status-publish","4":"has-post-thumbnail","6":"product_cat-geraete-gas","7":"product_cat-pruefeinrichtungen","9":"first","10":"instock","11":"shipping-taxable","12":"purchasable","13":"product-type-simple"},"acf":[],"_links":{"self":[{"href":"https:\/\/lienhard-ag.ch\/fr\/wp-json\/wp\/v2\/product\/1873","targetHints":{"allow":["GET"]}}],"collection":[{"href":"https:\/\/lienhard-ag.ch\/fr\/wp-json\/wp\/v2\/product"}],"about":[{"href":"https:\/\/lienhard-ag.ch\/fr\/wp-json\/wp\/v2\/types\/product"}],"wp:featuredmedia":[{"embeddable":true,"href":"https:\/\/lienhard-ag.ch\/fr\/wp-json\/wp\/v2\/media\/2054"}],"wp:attachment":[{"href":"https:\/\/lienhard-ag.ch\/fr\/wp-json\/wp\/v2\/media?parent=1873"}],"wp:term":[{"taxonomy":"product_brand","embeddable":true,"href":"https:\/\/lienhard-ag.ch\/fr\/wp-json\/wp\/v2\/product_brand?post=1873"},{"taxonomy":"product_cat","embeddable":true,"href":"https:\/\/lienhard-ag.ch\/fr\/wp-json\/wp\/v2\/product_cat?post=1873"},{"taxonomy":"product_tag","embeddable":true,"href":"https:\/\/lienhard-ag.ch\/fr\/wp-json\/wp\/v2\/product_tag?post=1873"}],"curies":[{"name":"wp","href":"https:\/\/api.w.org\/{rel}","templated":true}]}}