{"id":1884,"date":"2024-02-02T14:01:34","date_gmt":"2024-02-02T13:01:34","guid":{"rendered":"https:\/\/lienhard-ag.dev.hayloft-it.ch\/?post_type=product&#038;p=1884"},"modified":"2024-04-16T08:13:35","modified_gmt":"2024-04-16T06:13:35","slug":"ut-9200-9100-930","status":"publish","type":"product","link":"https:\/\/lienhard-ag.ch\/fr\/produkt\/ut-9200-9100-930\/","title":{"rendered":"UT 9200 - 9100 - 930"},"content":{"rendered":"<h3><strong>La prochaine dimension dans la localisation de lignes<\/strong><\/h3>\n<p>Lors de la localisation de canalisations et de c\u00e2bles enterr\u00e9s, la pr\u00e9cision est essentielle. Plus la mesure est pr\u00e9cise, plus le risque d'erreur de fouille est faible. Les syst\u00e8mes performants, faciles \u00e0 manipuler et \u00e0 utiliser, sont tout aussi importants pour un travail rapide et efficace. La fiabilit\u00e9, la polyvalence et un design robuste sont de bonnes conditions pour pouvoir effectuer des mesures en toute s\u00e9curit\u00e9, m\u00eame dans des conditions difficiles et dans des environnements inaccessibles.<\/p>\n<h3><strong>Une technologie de pointe pour des performances de pointe<\/strong><\/h3>\n<p>Les syst\u00e8mes se distinguent par une multitude de fr\u00e9quences, une dur\u00e9e de vie extr\u00eamement longue des batteries, une facilit\u00e9 d'utilisation d\u00e9concertante et, surtout, des fonctionnalit\u00e9s polyvalentes - de quoi relever tous les d\u00e9fis de l'entreprise.<\/p>\n<p>Les b\u00e9n\u00e9ficiaires <strong>UT 9200 R<\/strong> et <strong>UT 9100 R<\/strong> sont mieux r\u00e9alis\u00e9s avec le g\u00e9n\u00e9rateur <strong>UT 9012 TX<\/strong> l'\u00e9metteur le plus puissant de sa cat\u00e9gorie avec une puissance de sortie de 12 watts.<\/p>\n<p>Le destinataire<strong> UT 930 R<\/strong> offre sept fr\u00e9quences diff\u00e9rentes et est utilis\u00e9 avec l'\u00e9metteur de 5 watts <strong>UT 935 TX<\/strong> combin\u00e9s.<\/p>\n<p>Les possibilit\u00e9s offertes par les syst\u00e8mes sont formidables : trouvez imm\u00e9diatement la fr\u00e9quence optimale, raccordez deux lignes en m\u00eame temps ou localisez de tr\u00e8s longs tron\u00e7ons de lignes. Localisez avec pr\u00e9cision dans des environnements difficiles et par tous les temps ou d\u00e9terminez de mani\u00e8re fiable la profondeur des lignes. Au niveau du r\u00e9cepteur <strong>UT 9200 R<\/strong> Gr\u00e2ce au module GNSS int\u00e9gr\u00e9, il est possible d'associer les donn\u00e9es de localisation aux donn\u00e9es de position et de les transmettre via l'application. <strong>UT 9200 Com<\/strong> lire - travailler avec <strong>rapide, pr\u00e9cis et \u00e9conomique !<\/strong><\/p>","protected":false},"excerpt":{"rendered":"<p>Localiser les lignes en toute s\u00e9curit\u00e9.<\/p>\n<p>Avec le <strong>UT 9200<\/strong>, <strong>UT 9100<\/strong> et <strong>UT 930<\/strong> nous disposons de syst\u00e8mes qui sont \u00e0 la hauteur de chaque t\u00e2che de localisation.<\/p>","protected":false},"featured_media":1897,"template":"","meta":[],"product_brand":[],"product_cat":[32,82],"product_tag":[],"class_list":{"0":"post-1884","1":"product","2":"type-product","3":"status-publish","4":"has-post-thumbnail","6":"product_cat-ortung","7":"product_cat-leitungsortung","9":"first","10":"instock","11":"shipping-taxable","12":"purchasable","13":"product-type-simple"},"acf":[],"_links":{"self":[{"href":"https:\/\/lienhard-ag.ch\/fr\/wp-json\/wp\/v2\/product\/1884","targetHints":{"allow":["GET"]}}],"collection":[{"href":"https:\/\/lienhard-ag.ch\/fr\/wp-json\/wp\/v2\/product"}],"about":[{"href":"https:\/\/lienhard-ag.ch\/fr\/wp-json\/wp\/v2\/types\/product"}],"wp:featuredmedia":[{"embeddable":true,"href":"https:\/\/lienhard-ag.ch\/fr\/wp-json\/wp\/v2\/media\/1897"}],"wp:attachment":[{"href":"https:\/\/lienhard-ag.ch\/fr\/wp-json\/wp\/v2\/media?parent=1884"}],"wp:term":[{"taxonomy":"product_brand","embeddable":true,"href":"https:\/\/lienhard-ag.ch\/fr\/wp-json\/wp\/v2\/product_brand?post=1884"},{"taxonomy":"product_cat","embeddable":true,"href":"https:\/\/lienhard-ag.ch\/fr\/wp-json\/wp\/v2\/product_cat?post=1884"},{"taxonomy":"product_tag","embeddable":true,"href":"https:\/\/lienhard-ag.ch\/fr\/wp-json\/wp\/v2\/product_tag?post=1884"}],"curies":[{"name":"wp","href":"https:\/\/api.w.org\/{rel}","templated":true}]}}