{"id":1900,"date":"2024-02-02T14:29:23","date_gmt":"2024-02-02T13:29:23","guid":{"rendered":"https:\/\/lienhard-ag.dev.hayloft-it.ch\/?post_type=product&#038;p=1900"},"modified":"2024-02-15T08:27:40","modified_gmt":"2024-02-15T07:27:40","slug":"generateur-ferrophon-fg-150-et-fg-150-c","status":"publish","type":"product","link":"https:\/\/lienhard-ag.ch\/fr\/produkt\/ferrophon-generator-fg-150-und-fg-150-c\/","title":{"rendered":"G\u00e9n\u00e9rateur FERROPHON FG 150 C"},"content":{"rendered":"<ul>\n<li>batterie fixe<\/li>\n<li>T\u00e9l\u00e9commande pour les fonctions du COMBIPHON<\/li>\n<li>Piquet de terre<\/li>\n<li>y compris jeu de c\u00e2bles FG 150, comprenant : C\u00e2ble de raccordement en Y g\u00e9n\u00e9rateur &amp; c\u00e2ble de contr\u00f4le et de mesure 1 m type SLK425-E<\/li>\n<li>Fonction FERROPHONE : pour \u00e9mettre des lignes, puissance d'\u00e9mission : max. 50 W, fr\u00e9quences d'\u00e9mission (disponibles : 15 fr\u00e9quences, 200 Hz - 116 kHz, programmation libre : 5 places)<\/li>\n<li>Fonction COMBIPHON : pour la localisation acoustique des lignes, unit\u00e9 de commande centrale pour les composants COMBIPHON heurtoir et butoir<\/li>\n<\/ul>","protected":false},"excerpt":{"rendered":"<p>Localisation \u00e9lectromagn\u00e9tique de conduites m\u00e9talliques ET localisation acoustique de conduites en plastique<\/p>\n<p>Chaque fois que des lignes doivent \u00eatre localis\u00e9es, les g\u00e9n\u00e9rateurs du syst\u00e8me <strong>FERROPHON<\/strong> une aide irrempla\u00e7able.<\/p>","protected":false},"featured_media":2091,"template":"","meta":[],"product_brand":[],"product_cat":[141],"product_tag":[],"class_list":{"0":"post-1900","1":"product","2":"type-product","3":"status-publish","4":"has-post-thumbnail","6":"product_cat-zubehoer","8":"first","9":"instock","10":"shipping-taxable","11":"purchasable","12":"product-type-simple"},"acf":[],"_links":{"self":[{"href":"https:\/\/lienhard-ag.ch\/fr\/wp-json\/wp\/v2\/product\/1900","targetHints":{"allow":["GET"]}}],"collection":[{"href":"https:\/\/lienhard-ag.ch\/fr\/wp-json\/wp\/v2\/product"}],"about":[{"href":"https:\/\/lienhard-ag.ch\/fr\/wp-json\/wp\/v2\/types\/product"}],"wp:featuredmedia":[{"embeddable":true,"href":"https:\/\/lienhard-ag.ch\/fr\/wp-json\/wp\/v2\/media\/2091"}],"wp:attachment":[{"href":"https:\/\/lienhard-ag.ch\/fr\/wp-json\/wp\/v2\/media?parent=1900"}],"wp:term":[{"taxonomy":"product_brand","embeddable":true,"href":"https:\/\/lienhard-ag.ch\/fr\/wp-json\/wp\/v2\/product_brand?post=1900"},{"taxonomy":"product_cat","embeddable":true,"href":"https:\/\/lienhard-ag.ch\/fr\/wp-json\/wp\/v2\/product_cat?post=1900"},{"taxonomy":"product_tag","embeddable":true,"href":"https:\/\/lienhard-ag.ch\/fr\/wp-json\/wp\/v2\/product_tag?post=1900"}],"curies":[{"name":"wp","href":"https:\/\/api.w.org\/{rel}","templated":true}]}}