{"id":1952,"date":"2024-02-02T15:50:13","date_gmt":"2024-02-02T14:50:13","guid":{"rendered":"https:\/\/lienhard-ag.dev.hayloft-it.ch\/?post_type=product&#038;p=1952"},"modified":"2024-04-19T15:34:20","modified_gmt":"2024-04-19T13:34:20","slug":"mirasan-ferro-plus","status":"publish","type":"product","link":"https:\/\/lienhard-ag.ch\/fr\/produkt\/mirasan-ferro-plus\/","title":{"rendered":"Mirasan Ferro Plus"},"content":{"rendered":"","protected":false},"excerpt":{"rendered":"<p>Composant additionnel, d\u00e9p\u00f4t de fer et de mangan\u00e8se<\/p>","protected":false},"featured_media":1953,"template":"","meta":[],"product_brand":[],"product_cat":[139],"product_tag":[],"class_list":{"0":"post-1952","1":"product","2":"type-product","3":"status-publish","4":"has-post-thumbnail","6":"product_cat-reinigungsmittel","8":"first","9":"instock","10":"shipping-taxable","11":"purchasable","12":"product-type-simple"},"acf":[],"_links":{"self":[{"href":"https:\/\/lienhard-ag.ch\/fr\/wp-json\/wp\/v2\/product\/1952","targetHints":{"allow":["GET"]}}],"collection":[{"href":"https:\/\/lienhard-ag.ch\/fr\/wp-json\/wp\/v2\/product"}],"about":[{"href":"https:\/\/lienhard-ag.ch\/fr\/wp-json\/wp\/v2\/types\/product"}],"wp:featuredmedia":[{"embeddable":true,"href":"https:\/\/lienhard-ag.ch\/fr\/wp-json\/wp\/v2\/media\/1953"}],"wp:attachment":[{"href":"https:\/\/lienhard-ag.ch\/fr\/wp-json\/wp\/v2\/media?parent=1952"}],"wp:term":[{"taxonomy":"product_brand","embeddable":true,"href":"https:\/\/lienhard-ag.ch\/fr\/wp-json\/wp\/v2\/product_brand?post=1952"},{"taxonomy":"product_cat","embeddable":true,"href":"https:\/\/lienhard-ag.ch\/fr\/wp-json\/wp\/v2\/product_cat?post=1952"},{"taxonomy":"product_tag","embeddable":true,"href":"https:\/\/lienhard-ag.ch\/fr\/wp-json\/wp\/v2\/product_tag?post=1952"}],"curies":[{"name":"wp","href":"https:\/\/api.w.org\/{rel}","templated":true}]}}