{"id":2495,"date":"2024-02-09T12:07:07","date_gmt":"2024-02-09T11:07:07","guid":{"rendered":"https:\/\/lienhard-ag.dev.hayloft-it.ch\/produkt\/filter-pm-5-hydrophob-10-st\/"},"modified":"2024-02-15T08:27:39","modified_gmt":"2024-02-15T07:27:39","slug":"filtre-pm-5-hydrophobe-10-pc","status":"publish","type":"product","link":"https:\/\/lienhard-ag.ch\/fr\/produkt\/filter-pm-5-hydrophob-10-st\/","title":{"rendered":"Filtre PM 5 hydrophobe 10 pces"},"content":{"rendered":"<ul>\n<li>pour PM 400 \/ PM 5xx<\/li>\n<li>Quantit\u00e9 livr\u00e9e : 10 pi\u00e8ces<\/li>\n<\/ul>","protected":false},"excerpt":{"rendered":"<p>pour PM 400 \/ PM 5xx Quantit\u00e9 livr\u00e9e : 10 pi\u00e8ces<\/p>","protected":false},"featured_media":0,"template":"","meta":[],"product_brand":[],"product_cat":[141],"product_tag":[],"class_list":{"0":"post-2495","1":"product","2":"type-product","3":"status-publish","5":"product_cat-zubehoer","7":"first","8":"instock","9":"shipping-taxable","10":"purchasable","11":"product-type-simple"},"acf":[],"_links":{"self":[{"href":"https:\/\/lienhard-ag.ch\/fr\/wp-json\/wp\/v2\/product\/2495","targetHints":{"allow":["GET"]}}],"collection":[{"href":"https:\/\/lienhard-ag.ch\/fr\/wp-json\/wp\/v2\/product"}],"about":[{"href":"https:\/\/lienhard-ag.ch\/fr\/wp-json\/wp\/v2\/types\/product"}],"wp:attachment":[{"href":"https:\/\/lienhard-ag.ch\/fr\/wp-json\/wp\/v2\/media?parent=2495"}],"wp:term":[{"taxonomy":"product_brand","embeddable":true,"href":"https:\/\/lienhard-ag.ch\/fr\/wp-json\/wp\/v2\/product_brand?post=2495"},{"taxonomy":"product_cat","embeddable":true,"href":"https:\/\/lienhard-ag.ch\/fr\/wp-json\/wp\/v2\/product_cat?post=2495"},{"taxonomy":"product_tag","embeddable":true,"href":"https:\/\/lienhard-ag.ch\/fr\/wp-json\/wp\/v2\/product_tag?post=2495"}],"curies":[{"name":"wp","href":"https:\/\/api.w.org\/{rel}","templated":true}]}}