{"id":2498,"date":"2024-02-09T12:07:07","date_gmt":"2024-02-09T11:07:07","guid":{"rendered":"https:\/\/lienhard-ag.dev.hayloft-it.ch\/produkt\/feinstaubfilter\/"},"modified":"2024-02-15T08:27:40","modified_gmt":"2024-02-15T07:27:40","slug":"filtre-a-poussieres-fines","status":"publish","type":"product","link":"https:\/\/lienhard-ag.ch\/fr\/produkt\/feinstaubfilter\/","title":{"rendered":"Filtre \u00e0 particules fines"},"content":{"rendered":"<ul>\n<li>s'adapte aux diff\u00e9rentes sondes<\/li>\n<li>pour la tubulure d'aspiration des appareils \u00e0 pompe : PORTAFID M3-K, EX-TEC HS 6xx, Multitec 410 \/ 5xx, VARIOTEC 4xx, <\/li>\n<li>Quantit\u00e9 livr\u00e9e : 100 pi\u00e8ces<\/li>\n<\/ul>","protected":false},"excerpt":{"rendered":"<p>convient aux diff\u00e9rentes sondes pour la tubulure d'aspiration des appareils \u00e0 pompe : PORTAFID M3-K, EX-TEC HS 6xx, Multitec 410 \/ 5xx, VARIOTEC 4xx, quantit\u00e9 livr\u00e9e : 100 pi\u00e8ces<\/p>","protected":false},"featured_media":1996,"template":"","meta":[],"product_brand":[],"product_cat":[141],"product_tag":[],"class_list":{"0":"post-2498","1":"product","2":"type-product","3":"status-publish","4":"has-post-thumbnail","6":"product_cat-zubehoer","8":"first","9":"instock","10":"shipping-taxable","11":"purchasable","12":"product-type-simple"},"acf":[],"_links":{"self":[{"href":"https:\/\/lienhard-ag.ch\/fr\/wp-json\/wp\/v2\/product\/2498","targetHints":{"allow":["GET"]}}],"collection":[{"href":"https:\/\/lienhard-ag.ch\/fr\/wp-json\/wp\/v2\/product"}],"about":[{"href":"https:\/\/lienhard-ag.ch\/fr\/wp-json\/wp\/v2\/types\/product"}],"wp:featuredmedia":[{"embeddable":true,"href":"https:\/\/lienhard-ag.ch\/fr\/wp-json\/wp\/v2\/media\/1996"}],"wp:attachment":[{"href":"https:\/\/lienhard-ag.ch\/fr\/wp-json\/wp\/v2\/media?parent=2498"}],"wp:term":[{"taxonomy":"product_brand","embeddable":true,"href":"https:\/\/lienhard-ag.ch\/fr\/wp-json\/wp\/v2\/product_brand?post=2498"},{"taxonomy":"product_cat","embeddable":true,"href":"https:\/\/lienhard-ag.ch\/fr\/wp-json\/wp\/v2\/product_cat?post=2498"},{"taxonomy":"product_tag","embeddable":true,"href":"https:\/\/lienhard-ag.ch\/fr\/wp-json\/wp\/v2\/product_tag?post=2498"}],"curies":[{"name":"wp","href":"https:\/\/api.w.org\/{rel}","templated":true}]}}