{"id":2500,"date":"2024-02-09T12:07:07","date_gmt":"2024-02-09T11:07:07","guid":{"rendered":"https:\/\/lienhard-ag.dev.hayloft-it.ch\/produkt\/dichtring-fuer-schleuse-gfs-und-gsk\/"},"modified":"2024-02-15T08:27:40","modified_gmt":"2024-02-15T07:27:40","slug":"bague-detancheite-pour-sas-gfs-et-gsk","status":"publish","type":"product","link":"https:\/\/lienhard-ag.ch\/fr\/produkt\/dichtring-fuer-schleuse-gfs-und-gsk\/","title":{"rendered":"Bague d'\u00e9tanch\u00e9it\u00e9 pour sas GFS et GSK"},"content":{"rendered":"<ul>\n<li>diam\u00e8tre ext\u00e9rieur : 25 mm<\/li>\n<li>\u00e9paisseur : 3,5 mm<\/li>\n<li>Quantit\u00e9 livr\u00e9e : 1 pi\u00e8ce<\/li>\n<li>1 pi\u00e8ce est n\u00e9cessaire<\/li>\n<\/ul>","protected":false},"excerpt":{"rendered":"<p>Diam\u00e8tre ext\u00e9rieur : 25 mm \u00c9paisseur : 3,5 mm Quantit\u00e9 livr\u00e9e : 1 pi\u00e8ce est n\u00e9cessaire<\/p>","protected":false},"featured_media":1997,"template":"","meta":[],"product_brand":[],"product_cat":[141],"product_tag":[],"class_list":{"0":"post-2500","1":"product","2":"type-product","3":"status-publish","4":"has-post-thumbnail","6":"product_cat-zubehoer","8":"first","9":"instock","10":"shipping-taxable","11":"purchasable","12":"product-type-simple"},"acf":[],"_links":{"self":[{"href":"https:\/\/lienhard-ag.ch\/fr\/wp-json\/wp\/v2\/product\/2500","targetHints":{"allow":["GET"]}}],"collection":[{"href":"https:\/\/lienhard-ag.ch\/fr\/wp-json\/wp\/v2\/product"}],"about":[{"href":"https:\/\/lienhard-ag.ch\/fr\/wp-json\/wp\/v2\/types\/product"}],"wp:featuredmedia":[{"embeddable":true,"href":"https:\/\/lienhard-ag.ch\/fr\/wp-json\/wp\/v2\/media\/1997"}],"wp:attachment":[{"href":"https:\/\/lienhard-ag.ch\/fr\/wp-json\/wp\/v2\/media?parent=2500"}],"wp:term":[{"taxonomy":"product_brand","embeddable":true,"href":"https:\/\/lienhard-ag.ch\/fr\/wp-json\/wp\/v2\/product_brand?post=2500"},{"taxonomy":"product_cat","embeddable":true,"href":"https:\/\/lienhard-ag.ch\/fr\/wp-json\/wp\/v2\/product_cat?post=2500"},{"taxonomy":"product_tag","embeddable":true,"href":"https:\/\/lienhard-ag.ch\/fr\/wp-json\/wp\/v2\/product_tag?post=2500"}],"curies":[{"name":"wp","href":"https:\/\/api.w.org\/{rel}","templated":true}]}}