{"id":2503,"date":"2024-02-09T12:07:07","date_gmt":"2024-02-09T11:07:07","guid":{"rendered":"https:\/\/lienhard-ag.dev.hayloft-it.ch\/produkt\/tasche-objektortung\/"},"modified":"2024-02-15T08:27:39","modified_gmt":"2024-02-15T07:27:39","slug":"sac-de-localisation-dobjets","status":"publish","type":"product","link":"https:\/\/lienhard-ag.ch\/fr\/produkt\/tasche-objektortung\/","title":{"rendered":"Sac Localisation d'objets"},"content":{"rendered":"<ul>\n<li>poche zipp\u00e9e rembourr\u00e9e<\/li>\n<li>mat\u00e9riau ext\u00e9rieur r\u00e9sistant<\/li>\n<\/ul>","protected":false},"excerpt":{"rendered":"<p>poche zipp\u00e9e rembourr\u00e9e mat\u00e9riau ext\u00e9rieur r\u00e9sistant<\/p>","protected":false},"featured_media":2000,"template":"","meta":[],"product_brand":[],"product_cat":[141],"product_tag":[],"class_list":{"0":"post-2503","1":"product","2":"type-product","3":"status-publish","4":"has-post-thumbnail","6":"product_cat-zubehoer","8":"first","9":"instock","10":"shipping-taxable","11":"purchasable","12":"product-type-simple"},"acf":[],"_links":{"self":[{"href":"https:\/\/lienhard-ag.ch\/fr\/wp-json\/wp\/v2\/product\/2503","targetHints":{"allow":["GET"]}}],"collection":[{"href":"https:\/\/lienhard-ag.ch\/fr\/wp-json\/wp\/v2\/product"}],"about":[{"href":"https:\/\/lienhard-ag.ch\/fr\/wp-json\/wp\/v2\/types\/product"}],"wp:featuredmedia":[{"embeddable":true,"href":"https:\/\/lienhard-ag.ch\/fr\/wp-json\/wp\/v2\/media\/2000"}],"wp:attachment":[{"href":"https:\/\/lienhard-ag.ch\/fr\/wp-json\/wp\/v2\/media?parent=2503"}],"wp:term":[{"taxonomy":"product_brand","embeddable":true,"href":"https:\/\/lienhard-ag.ch\/fr\/wp-json\/wp\/v2\/product_brand?post=2503"},{"taxonomy":"product_cat","embeddable":true,"href":"https:\/\/lienhard-ag.ch\/fr\/wp-json\/wp\/v2\/product_cat?post=2503"},{"taxonomy":"product_tag","embeddable":true,"href":"https:\/\/lienhard-ag.ch\/fr\/wp-json\/wp\/v2\/product_tag?post=2503"}],"curies":[{"name":"wp","href":"https:\/\/api.w.org\/{rel}","templated":true}]}}