{"id":2514,"date":"2024-02-09T12:07:08","date_gmt":"2024-02-09T11:07:08","guid":{"rendered":"https:\/\/lienhard-ag.dev.hayloft-it.ch\/produkt\/dichtgummi-fuer-schleuse-gfs\/"},"modified":"2024-02-15T08:27:39","modified_gmt":"2024-02-15T07:27:39","slug":"caoutchouc-detancheite-pour-sas-gfs","status":"publish","type":"product","link":"https:\/\/lienhard-ag.ch\/fr\/produkt\/dichtgummi-fuer-schleuse-gfs\/","title":{"rendered":"Caoutchouc d'\u00e9tanch\u00e9it\u00e9 pour sas GFS"},"content":{"rendered":"<ul>\n<li>diam\u00e8tre ext\u00e9rieur : 25 mm<\/li>\n<li>diam\u00e8tre int\u00e9rieur : 6,5 mm<\/li>\n<li>hauteur : 15 mm<\/li>\n<li>Quantit\u00e9 livr\u00e9e : 1 pi\u00e8ce<\/li>\n<li>2 pi\u00e8ces sont n\u00e9cessaires<\/li>\n<\/ul>","protected":false},"excerpt":{"rendered":"<p>Diam\u00e8tre ext\u00e9rieur : 25 mm Diam\u00e8tre int\u00e9rieur : 6,5 mm Hauteur : 15 mm Quantit\u00e9 livr\u00e9e : 1 pi\u00e8ce 2 pi\u00e8ces sont n\u00e9cessaires<\/p>","protected":false},"featured_media":2007,"template":"","meta":[],"product_brand":[],"product_cat":[141],"product_tag":[],"class_list":{"0":"post-2514","1":"product","2":"type-product","3":"status-publish","4":"has-post-thumbnail","6":"product_cat-zubehoer","8":"first","9":"instock","10":"shipping-taxable","11":"purchasable","12":"product-type-simple"},"acf":[],"_links":{"self":[{"href":"https:\/\/lienhard-ag.ch\/fr\/wp-json\/wp\/v2\/product\/2514","targetHints":{"allow":["GET"]}}],"collection":[{"href":"https:\/\/lienhard-ag.ch\/fr\/wp-json\/wp\/v2\/product"}],"about":[{"href":"https:\/\/lienhard-ag.ch\/fr\/wp-json\/wp\/v2\/types\/product"}],"wp:featuredmedia":[{"embeddable":true,"href":"https:\/\/lienhard-ag.ch\/fr\/wp-json\/wp\/v2\/media\/2007"}],"wp:attachment":[{"href":"https:\/\/lienhard-ag.ch\/fr\/wp-json\/wp\/v2\/media?parent=2514"}],"wp:term":[{"taxonomy":"product_brand","embeddable":true,"href":"https:\/\/lienhard-ag.ch\/fr\/wp-json\/wp\/v2\/product_brand?post=2514"},{"taxonomy":"product_cat","embeddable":true,"href":"https:\/\/lienhard-ag.ch\/fr\/wp-json\/wp\/v2\/product_cat?post=2514"},{"taxonomy":"product_tag","embeddable":true,"href":"https:\/\/lienhard-ag.ch\/fr\/wp-json\/wp\/v2\/product_tag?post=2514"}],"curies":[{"name":"wp","href":"https:\/\/api.w.org\/{rel}","templated":true}]}}