{"id":2522,"date":"2024-02-09T12:07:08","date_gmt":"2024-02-09T11:07:08","guid":{"rendered":"https:\/\/lienhard-ag.dev.hayloft-it.ch\/produkt\/druckstueck-fuer-schleuse-gfs-und-gsk\/"},"modified":"2024-02-15T08:27:39","modified_gmt":"2024-02-15T07:27:39","slug":"piece-de-pression-pour-sas-gfs-et-gsk","status":"publish","type":"product","link":"https:\/\/lienhard-ag.ch\/fr\/produkt\/druckstueck-fuer-schleuse-gfs-und-gsk\/","title":{"rendered":"Pi\u00e8ce de pression pour sas GFS et GSK"},"content":{"rendered":"<ul>\n<li>Quantit\u00e9 livr\u00e9e : 1 pi\u00e8ce<\/li>\n<li>4 pi\u00e8ces sont n\u00e9cessaires<\/li>\n<\/ul>","protected":false},"excerpt":{"rendered":"<p>Quantit\u00e9 livr\u00e9e : 1 pi\u00e8ce, 4 pi\u00e8ces sont n\u00e9cessaires<\/p>","protected":false},"featured_media":2015,"template":"","meta":[],"product_brand":[],"product_cat":[141],"product_tag":[],"class_list":{"0":"post-2522","1":"product","2":"type-product","3":"status-publish","4":"has-post-thumbnail","6":"product_cat-zubehoer","8":"first","9":"instock","10":"shipping-taxable","11":"purchasable","12":"product-type-simple"},"acf":[],"_links":{"self":[{"href":"https:\/\/lienhard-ag.ch\/fr\/wp-json\/wp\/v2\/product\/2522","targetHints":{"allow":["GET"]}}],"collection":[{"href":"https:\/\/lienhard-ag.ch\/fr\/wp-json\/wp\/v2\/product"}],"about":[{"href":"https:\/\/lienhard-ag.ch\/fr\/wp-json\/wp\/v2\/types\/product"}],"wp:featuredmedia":[{"embeddable":true,"href":"https:\/\/lienhard-ag.ch\/fr\/wp-json\/wp\/v2\/media\/2015"}],"wp:attachment":[{"href":"https:\/\/lienhard-ag.ch\/fr\/wp-json\/wp\/v2\/media?parent=2522"}],"wp:term":[{"taxonomy":"product_brand","embeddable":true,"href":"https:\/\/lienhard-ag.ch\/fr\/wp-json\/wp\/v2\/product_brand?post=2522"},{"taxonomy":"product_cat","embeddable":true,"href":"https:\/\/lienhard-ag.ch\/fr\/wp-json\/wp\/v2\/product_cat?post=2522"},{"taxonomy":"product_tag","embeddable":true,"href":"https:\/\/lienhard-ag.ch\/fr\/wp-json\/wp\/v2\/product_tag?post=2522"}],"curies":[{"name":"wp","href":"https:\/\/api.w.org\/{rel}","templated":true}]}}