{"id":2536,"date":"2024-02-09T12:07:09","date_gmt":"2024-02-09T11:07:09","guid":{"rendered":"https:\/\/lienhard-ag.dev.hayloft-it.ch\/produkt\/einstellung-p5-h2-wasserstoff\/"},"modified":"2024-02-15T08:27:38","modified_gmt":"2024-02-15T07:27:38","slug":"reglage-p5-h2-hydrogene","status":"publish","type":"product","link":"https:\/\/lienhard-ag.ch\/fr\/produkt\/einstellung-p5-h2-wasserstoff\/","title":{"rendered":"R\u00e9glage P5 H2 (hydrog\u00e8ne)"},"content":{"rendered":"<ul>\n<li>r\u00e9glage et ajustement suppl\u00e9mentaires de la pi\u00e8ce \u00e0 main<\/li>\n<li>Type de gaz : H2 (hydrog\u00e8ne)<\/li>\n<li>Plages de mesure : %UEG<\/li>\n<li>non compatible avec le capteur P5 CO (PX40-10000)<\/li>\n<\/ul>","protected":false},"excerpt":{"rendered":"<p>r\u00e9glage et ajustement suppl\u00e9mentaires de l'appareil portable type de gaz : H2 (hydrog\u00e8ne) plages de mesure : %UEG non compatible avec le capteur P5 CO (PX40-10000)<\/p>","protected":false},"featured_media":0,"template":"","meta":[],"product_brand":[],"product_cat":[141],"product_tag":[],"class_list":{"0":"post-2536","1":"product","2":"type-product","3":"status-publish","5":"product_cat-zubehoer","7":"first","8":"instock","9":"shipping-taxable","10":"purchasable","11":"product-type-simple"},"acf":[],"_links":{"self":[{"href":"https:\/\/lienhard-ag.ch\/fr\/wp-json\/wp\/v2\/product\/2536","targetHints":{"allow":["GET"]}}],"collection":[{"href":"https:\/\/lienhard-ag.ch\/fr\/wp-json\/wp\/v2\/product"}],"about":[{"href":"https:\/\/lienhard-ag.ch\/fr\/wp-json\/wp\/v2\/types\/product"}],"wp:attachment":[{"href":"https:\/\/lienhard-ag.ch\/fr\/wp-json\/wp\/v2\/media?parent=2536"}],"wp:term":[{"taxonomy":"product_brand","embeddable":true,"href":"https:\/\/lienhard-ag.ch\/fr\/wp-json\/wp\/v2\/product_brand?post=2536"},{"taxonomy":"product_cat","embeddable":true,"href":"https:\/\/lienhard-ag.ch\/fr\/wp-json\/wp\/v2\/product_cat?post=2536"},{"taxonomy":"product_tag","embeddable":true,"href":"https:\/\/lienhard-ag.ch\/fr\/wp-json\/wp\/v2\/product_tag?post=2536"}],"curies":[{"name":"wp","href":"https:\/\/api.w.org\/{rel}","templated":true}]}}