{"id":2537,"date":"2024-02-09T12:07:09","date_gmt":"2024-02-09T11:07:09","guid":{"rendered":"https:\/\/lienhard-ag.dev.hayloft-it.ch\/produkt\/einstellung-p5-jfuel\/"},"modified":"2024-02-15T08:27:38","modified_gmt":"2024-02-15T07:27:38","slug":"reglage-p5-jfuel","status":"publish","type":"product","link":"https:\/\/lienhard-ag.ch\/fr\/produkt\/einstellung-p5-jfuel\/","title":{"rendered":"R\u00e9glage P5 JFuel"},"content":{"rendered":"<ul>\n<li>r\u00e9glage et ajustement suppl\u00e9mentaires de la pi\u00e8ce \u00e0 main<\/li>\n<li>Type de gaz : Jet Fuel<\/li>\n<li>Plages de mesure : %UEG<\/li>\n<li>Tuyaux de sonde \"Nonan\" et sonde flottante n\u00e9cessaires<\/li>\n<\/ul>","protected":false},"excerpt":{"rendered":"<p>r\u00e9glage et ajustage suppl\u00e9mentaires de l'appareil portatif Type de gaz : Jet Fuel Plages de mesure : %UEG Tuyaux de sonde \"Nonan\" et sonde \u00e0 flotteur n\u00e9cessaires<\/p>","protected":false},"featured_media":0,"template":"","meta":[],"product_brand":[],"product_cat":[141],"product_tag":[],"class_list":{"0":"post-2537","1":"product","2":"type-product","3":"status-publish","5":"product_cat-zubehoer","7":"first","8":"instock","9":"shipping-taxable","10":"purchasable","11":"product-type-simple"},"acf":[],"_links":{"self":[{"href":"https:\/\/lienhard-ag.ch\/fr\/wp-json\/wp\/v2\/product\/2537","targetHints":{"allow":["GET"]}}],"collection":[{"href":"https:\/\/lienhard-ag.ch\/fr\/wp-json\/wp\/v2\/product"}],"about":[{"href":"https:\/\/lienhard-ag.ch\/fr\/wp-json\/wp\/v2\/types\/product"}],"wp:attachment":[{"href":"https:\/\/lienhard-ag.ch\/fr\/wp-json\/wp\/v2\/media?parent=2537"}],"wp:term":[{"taxonomy":"product_brand","embeddable":true,"href":"https:\/\/lienhard-ag.ch\/fr\/wp-json\/wp\/v2\/product_brand?post=2537"},{"taxonomy":"product_cat","embeddable":true,"href":"https:\/\/lienhard-ag.ch\/fr\/wp-json\/wp\/v2\/product_cat?post=2537"},{"taxonomy":"product_tag","embeddable":true,"href":"https:\/\/lienhard-ag.ch\/fr\/wp-json\/wp\/v2\/product_tag?post=2537"}],"curies":[{"name":"wp","href":"https:\/\/api.w.org\/{rel}","templated":true}]}}