{"id":2539,"date":"2024-02-09T12:07:09","date_gmt":"2024-02-09T11:07:09","guid":{"rendered":"https:\/\/lienhard-ag.dev.hayloft-it.ch\/produkt\/tastspitze-sl\/"},"modified":"2024-02-15T08:27:38","modified_gmt":"2024-02-15T07:27:38","slug":"pointe-de-touche-sl","status":"publish","type":"product","link":"https:\/\/lienhard-ag.ch\/fr\/produkt\/tastspitze-sl\/","title":{"rendered":"Pointe de touche SL"},"content":{"rendered":"<ul>\n<li>utilisable uniquement avec le microphone \u00e0 bruits de structure EM 35<\/li>\n<li>avec poign\u00e9e<\/li>\n<li>filetage : M6 int\u00e9rieur<\/li>\n<li>longueur : 1.165 mm<\/li>\n<\/ul>","protected":false},"excerpt":{"rendered":"<p>utilisable uniquement avec le microphone \u00e0 bruits de structure EM 35 avec poign\u00e9e filetage : M6 int\u00e9rieur longueur : 1.165 mm<\/p>","protected":false},"featured_media":2023,"template":"","meta":[],"product_brand":[],"product_cat":[141],"product_tag":[],"class_list":{"0":"post-2539","1":"product","2":"type-product","3":"status-publish","4":"has-post-thumbnail","6":"product_cat-zubehoer","8":"first","9":"instock","10":"shipping-taxable","11":"purchasable","12":"product-type-simple"},"acf":[],"_links":{"self":[{"href":"https:\/\/lienhard-ag.ch\/fr\/wp-json\/wp\/v2\/product\/2539","targetHints":{"allow":["GET"]}}],"collection":[{"href":"https:\/\/lienhard-ag.ch\/fr\/wp-json\/wp\/v2\/product"}],"about":[{"href":"https:\/\/lienhard-ag.ch\/fr\/wp-json\/wp\/v2\/types\/product"}],"wp:featuredmedia":[{"embeddable":true,"href":"https:\/\/lienhard-ag.ch\/fr\/wp-json\/wp\/v2\/media\/2023"}],"wp:attachment":[{"href":"https:\/\/lienhard-ag.ch\/fr\/wp-json\/wp\/v2\/media?parent=2539"}],"wp:term":[{"taxonomy":"product_brand","embeddable":true,"href":"https:\/\/lienhard-ag.ch\/fr\/wp-json\/wp\/v2\/product_brand?post=2539"},{"taxonomy":"product_cat","embeddable":true,"href":"https:\/\/lienhard-ag.ch\/fr\/wp-json\/wp\/v2\/product_cat?post=2539"},{"taxonomy":"product_tag","embeddable":true,"href":"https:\/\/lienhard-ag.ch\/fr\/wp-json\/wp\/v2\/product_tag?post=2539"}],"curies":[{"name":"wp","href":"https:\/\/api.w.org\/{rel}","templated":true}]}}