{"id":2545,"date":"2024-02-09T12:07:09","date_gmt":"2024-02-09T11:07:09","guid":{"rendered":"https:\/\/lienhard-ag.dev.hayloft-it.ch\/produkt\/universalmikrofon-um-200-60m\/"},"modified":"2024-04-16T09:31:42","modified_gmt":"2024-04-16T07:31:42","slug":"microphone-universel-autour-de-200-60m","status":"publish","type":"product","link":"https:\/\/lienhard-ag.ch\/fr\/produkt\/universalmikrofon-um-200-60m\/","title":{"rendered":"Microphone universel UM 200 6,0m"},"content":{"rendered":"<ul>\n<li>Finition : Acier inoxydable<\/li>\n<li>filetage : M10 int\u00e9rieur pour diff\u00e9rents adaptateurs<\/li>\n<li>C\u00e2ble avec connecteur<\/li>\n<li>longueur : environ 6,0m<\/li>\n<\/ul>","protected":false},"excerpt":{"rendered":"<p>Version : acier inoxydable Filetage : M10 int\u00e9rieur pour diff\u00e9rents adaptateurs C\u00e2ble avec connecteur Longueur : env. 6,0m<\/p>","protected":false},"featured_media":3510,"template":"","meta":[],"product_brand":[],"product_cat":[141],"product_tag":[],"class_list":{"0":"post-2545","1":"product","2":"type-product","3":"status-publish","4":"has-post-thumbnail","6":"product_cat-zubehoer","8":"first","9":"instock","10":"shipping-taxable","11":"purchasable","12":"product-type-simple"},"acf":[],"_links":{"self":[{"href":"https:\/\/lienhard-ag.ch\/fr\/wp-json\/wp\/v2\/product\/2545","targetHints":{"allow":["GET"]}}],"collection":[{"href":"https:\/\/lienhard-ag.ch\/fr\/wp-json\/wp\/v2\/product"}],"about":[{"href":"https:\/\/lienhard-ag.ch\/fr\/wp-json\/wp\/v2\/types\/product"}],"wp:featuredmedia":[{"embeddable":true,"href":"https:\/\/lienhard-ag.ch\/fr\/wp-json\/wp\/v2\/media\/3510"}],"wp:attachment":[{"href":"https:\/\/lienhard-ag.ch\/fr\/wp-json\/wp\/v2\/media?parent=2545"}],"wp:term":[{"taxonomy":"product_brand","embeddable":true,"href":"https:\/\/lienhard-ag.ch\/fr\/wp-json\/wp\/v2\/product_brand?post=2545"},{"taxonomy":"product_cat","embeddable":true,"href":"https:\/\/lienhard-ag.ch\/fr\/wp-json\/wp\/v2\/product_cat?post=2545"},{"taxonomy":"product_tag","embeddable":true,"href":"https:\/\/lienhard-ag.ch\/fr\/wp-json\/wp\/v2\/product_tag?post=2545"}],"curies":[{"name":"wp","href":"https:\/\/api.w.org\/{rel}","templated":true}]}}