{"id":2548,"date":"2024-02-09T12:07:10","date_gmt":"2024-02-09T11:07:10","guid":{"rendered":"https:\/\/lienhard-ag.dev.hayloft-it.ch\/produkt\/bodenmikrofon-bm-200\/"},"modified":"2024-02-15T08:27:38","modified_gmt":"2024-02-15T07:27:38","slug":"microphone-de-sol-bm-200","status":"publish","type":"product","link":"https:\/\/lienhard-ag.ch\/fr\/produkt\/bodenmikrofon-bm-200\/","title":{"rendered":"Microphone de sol BM 200"},"content":{"rendered":"<ul>\n<li>Isolation phonique contre les bruits parasites<\/li>\n<li>particuli\u00e8rement adapt\u00e9 aux surfaces stabilis\u00e9es<\/li>\n<\/ul>","protected":false},"excerpt":{"rendered":"<p>Isolation phonique contre les bruits parasites particuli\u00e8rement adapt\u00e9e aux surfaces consolid\u00e9es<\/p>","protected":false},"featured_media":2030,"template":"","meta":[],"product_brand":[],"product_cat":[141],"product_tag":[],"class_list":{"0":"post-2548","1":"product","2":"type-product","3":"status-publish","4":"has-post-thumbnail","6":"product_cat-zubehoer","8":"first","9":"instock","10":"shipping-taxable","11":"purchasable","12":"product-type-simple"},"acf":[],"_links":{"self":[{"href":"https:\/\/lienhard-ag.ch\/fr\/wp-json\/wp\/v2\/product\/2548","targetHints":{"allow":["GET"]}}],"collection":[{"href":"https:\/\/lienhard-ag.ch\/fr\/wp-json\/wp\/v2\/product"}],"about":[{"href":"https:\/\/lienhard-ag.ch\/fr\/wp-json\/wp\/v2\/types\/product"}],"wp:featuredmedia":[{"embeddable":true,"href":"https:\/\/lienhard-ag.ch\/fr\/wp-json\/wp\/v2\/media\/2030"}],"wp:attachment":[{"href":"https:\/\/lienhard-ag.ch\/fr\/wp-json\/wp\/v2\/media?parent=2548"}],"wp:term":[{"taxonomy":"product_brand","embeddable":true,"href":"https:\/\/lienhard-ag.ch\/fr\/wp-json\/wp\/v2\/product_brand?post=2548"},{"taxonomy":"product_cat","embeddable":true,"href":"https:\/\/lienhard-ag.ch\/fr\/wp-json\/wp\/v2\/product_cat?post=2548"},{"taxonomy":"product_tag","embeddable":true,"href":"https:\/\/lienhard-ag.ch\/fr\/wp-json\/wp\/v2\/product_tag?post=2548"}],"curies":[{"name":"wp","href":"https:\/\/api.w.org\/{rel}","templated":true}]}}