{"id":2549,"date":"2024-02-09T12:07:10","date_gmt":"2024-02-09T11:07:10","guid":{"rendered":"https:\/\/lienhard-ag.dev.hayloft-it.ch\/produkt\/bodenmikrofon-bm-230\/"},"modified":"2024-02-15T08:27:38","modified_gmt":"2024-02-15T07:27:38","slug":"microphone-de-sol-bm-230","status":"publish","type":"product","link":"https:\/\/lienhard-ag.ch\/fr\/produkt\/bodenmikrofon-bm-230\/","title":{"rendered":"Microphone de sol BM 230"},"content":{"rendered":"<ul>\n<li>avec 3 pieds<\/li>\n<li>pour les surfaces non stabilis\u00e9es et stabilis\u00e9es<\/li>\n<li>y compris une tige de mesure vissable de 20 cm<\/li>\n<li>Cl\u00e9 \u00e0 fourche<\/li>\n<\/ul>","protected":false},"excerpt":{"rendered":"<p>avec 3 pieds pour les surfaces non stabilis\u00e9es et stabilis\u00e9es, y compris une cl\u00e9 \u00e0 fourche de 20 cm \u00e0 visser<\/p>","protected":false},"featured_media":2031,"template":"","meta":[],"product_brand":[],"product_cat":[141],"product_tag":[],"class_list":{"0":"post-2549","1":"product","2":"type-product","3":"status-publish","4":"has-post-thumbnail","6":"product_cat-zubehoer","8":"first","9":"instock","10":"shipping-taxable","11":"purchasable","12":"product-type-simple"},"acf":[],"_links":{"self":[{"href":"https:\/\/lienhard-ag.ch\/fr\/wp-json\/wp\/v2\/product\/2549","targetHints":{"allow":["GET"]}}],"collection":[{"href":"https:\/\/lienhard-ag.ch\/fr\/wp-json\/wp\/v2\/product"}],"about":[{"href":"https:\/\/lienhard-ag.ch\/fr\/wp-json\/wp\/v2\/types\/product"}],"wp:featuredmedia":[{"embeddable":true,"href":"https:\/\/lienhard-ag.ch\/fr\/wp-json\/wp\/v2\/media\/2031"}],"wp:attachment":[{"href":"https:\/\/lienhard-ag.ch\/fr\/wp-json\/wp\/v2\/media?parent=2549"}],"wp:term":[{"taxonomy":"product_brand","embeddable":true,"href":"https:\/\/lienhard-ag.ch\/fr\/wp-json\/wp\/v2\/product_brand?post=2549"},{"taxonomy":"product_cat","embeddable":true,"href":"https:\/\/lienhard-ag.ch\/fr\/wp-json\/wp\/v2\/product_cat?post=2549"},{"taxonomy":"product_tag","embeddable":true,"href":"https:\/\/lienhard-ag.ch\/fr\/wp-json\/wp\/v2\/product_tag?post=2549"}],"curies":[{"name":"wp","href":"https:\/\/api.w.org\/{rel}","templated":true}]}}