{"id":2552,"date":"2024-02-09T12:07:10","date_gmt":"2024-02-09T11:07:10","guid":{"rendered":"https:\/\/lienhard-ag.dev.hayloft-it.ch\/produkt\/resonanzteller-s4\/"},"modified":"2024-02-15T08:27:37","modified_gmt":"2024-02-15T07:27:37","slug":"table-de-resonance-s4","status":"publish","type":"product","link":"https:\/\/lienhard-ag.ch\/fr\/produkt\/resonanzteller-s4\/","title":{"rendered":"Plateau de r\u00e9sonance S4"},"content":{"rendered":"<ul>\n<li>avec trois pieds pour absorber les bruits de sol des planchers<\/li>\n<li>Acier inoxydable<\/li>\n<li>filetage : M6 int\u00e9rieur<\/li>\n<\/ul>","protected":false},"excerpt":{"rendered":"<p>mit drei F\u00fc\u00dfen zur Abnahme des Bodenschalls von Fu\u00dfb\u00f6den Edelstahl Gewinde: M6 Innen<\/p>","protected":false},"featured_media":2033,"template":"","meta":[],"product_brand":[],"product_cat":[141],"product_tag":[],"class_list":{"0":"post-2552","1":"product","2":"type-product","3":"status-publish","4":"has-post-thumbnail","6":"product_cat-zubehoer","8":"first","9":"instock","10":"shipping-taxable","11":"purchasable","12":"product-type-simple"},"acf":[],"_links":{"self":[{"href":"https:\/\/lienhard-ag.ch\/fr\/wp-json\/wp\/v2\/product\/2552","targetHints":{"allow":["GET"]}}],"collection":[{"href":"https:\/\/lienhard-ag.ch\/fr\/wp-json\/wp\/v2\/product"}],"about":[{"href":"https:\/\/lienhard-ag.ch\/fr\/wp-json\/wp\/v2\/types\/product"}],"wp:featuredmedia":[{"embeddable":true,"href":"https:\/\/lienhard-ag.ch\/fr\/wp-json\/wp\/v2\/media\/2033"}],"wp:attachment":[{"href":"https:\/\/lienhard-ag.ch\/fr\/wp-json\/wp\/v2\/media?parent=2552"}],"wp:term":[{"taxonomy":"product_brand","embeddable":true,"href":"https:\/\/lienhard-ag.ch\/fr\/wp-json\/wp\/v2\/product_brand?post=2552"},{"taxonomy":"product_cat","embeddable":true,"href":"https:\/\/lienhard-ag.ch\/fr\/wp-json\/wp\/v2\/product_cat?post=2552"},{"taxonomy":"product_tag","embeddable":true,"href":"https:\/\/lienhard-ag.ch\/fr\/wp-json\/wp\/v2\/product_tag?post=2552"}],"curies":[{"name":"wp","href":"https:\/\/api.w.org\/{rel}","templated":true}]}}