{"id":2555,"date":"2024-02-09T12:07:10","date_gmt":"2024-02-09T11:07:10","guid":{"rendered":"https:\/\/lienhard-ag.dev.hayloft-it.ch\/produkt\/kopfhoerer-k3-schallschutz\/"},"modified":"2024-02-15T08:27:37","modified_gmt":"2024-02-15T07:27:37","slug":"casque-k3-insonorisation","status":"publish","type":"product","link":"https:\/\/lienhard-ag.ch\/fr\/produkt\/kopfhoerer-k3-schallschutz\/","title":{"rendered":"Casque d'\u00e9coute K3 Insonorisation"},"content":{"rendered":"<ul>\n<li>casque robuste et \u00e9tanche aux \u00e9claboussures avec coussinets d'oreille interchangeables, en similicuir insonorisant, forme ferm\u00e9e<\/li>\n<li>Produit Sewerin, excellentes propri\u00e9t\u00e9s de reproduction<\/li>\n<li>grand confort de port, car l'oreille est enti\u00e8rement entour\u00e9e<\/li>\n<li>passage de c\u00e2ble d'un c\u00f4t\u00e9, env. 1,1 m<\/li>\n<li>Prise jack 3,5 mm et 6,3 mm (adaptateur)<\/li>\n<\/ul>","protected":false},"excerpt":{"rendered":"<p>casque robuste et prot\u00e9g\u00e9 contre les \u00e9claboussures avec coussinets d'oreille interchangeables, en similicuir insonorisant, forme ferm\u00e9e produit Sewerin, excellentes propri\u00e9t\u00e9s de restitution grand confort de port, car l'oreille est enti\u00e8rement entour\u00e9e passage du c\u00e2ble d'un c\u00f4t\u00e9, fiche jack d'environ 1,1 m 3,5 mm et 6,3 mm (adaptateur)<\/p>","protected":false},"featured_media":2036,"template":"","meta":[],"product_brand":[],"product_cat":[141],"product_tag":[],"class_list":{"0":"post-2555","1":"product","2":"type-product","3":"status-publish","4":"has-post-thumbnail","6":"product_cat-zubehoer","8":"first","9":"instock","10":"shipping-taxable","11":"purchasable","12":"product-type-simple"},"acf":[],"_links":{"self":[{"href":"https:\/\/lienhard-ag.ch\/fr\/wp-json\/wp\/v2\/product\/2555","targetHints":{"allow":["GET"]}}],"collection":[{"href":"https:\/\/lienhard-ag.ch\/fr\/wp-json\/wp\/v2\/product"}],"about":[{"href":"https:\/\/lienhard-ag.ch\/fr\/wp-json\/wp\/v2\/types\/product"}],"wp:featuredmedia":[{"embeddable":true,"href":"https:\/\/lienhard-ag.ch\/fr\/wp-json\/wp\/v2\/media\/2036"}],"wp:attachment":[{"href":"https:\/\/lienhard-ag.ch\/fr\/wp-json\/wp\/v2\/media?parent=2555"}],"wp:term":[{"taxonomy":"product_brand","embeddable":true,"href":"https:\/\/lienhard-ag.ch\/fr\/wp-json\/wp\/v2\/product_brand?post=2555"},{"taxonomy":"product_cat","embeddable":true,"href":"https:\/\/lienhard-ag.ch\/fr\/wp-json\/wp\/v2\/product_cat?post=2555"},{"taxonomy":"product_tag","embeddable":true,"href":"https:\/\/lienhard-ag.ch\/fr\/wp-json\/wp\/v2\/product_tag?post=2555"}],"curies":[{"name":"wp","href":"https:\/\/api.w.org\/{rel}","templated":true}]}}