{"id":2556,"date":"2024-02-09T12:07:10","date_gmt":"2024-02-09T11:07:10","guid":{"rendered":"https:\/\/lienhard-ag.dev.hayloft-it.ch\/produkt\/funkkopfhoerer-f8-sdr-schallschutz\/"},"modified":"2024-04-16T08:09:23","modified_gmt":"2024-04-16T06:09:23","slug":"casque-f8-sdr-insonorise","status":"publish","type":"product","link":"https:\/\/lienhard-ag.ch\/fr\/produkt\/funkkopfhoerer-f8-sdr-schallschutz\/","title":{"rendered":"Casque d'\u00e9coute sans fil F8 SDR Insonorisation"},"content":{"rendered":"<ul>\n<li>communication bidirectionnelle<\/li>\n<li>avec prise de charge<\/li>\n<li>Alimentation par 2 batteries NiMH (Mignon) incluses, rechargeables avec les \u00e9couteurs<\/li>\n<li>casque robuste et \u00e9tanche aux \u00e9claboussures avec coussinets d'oreille interchangeables P2 en similicuir insonorisant, de forme ferm\u00e9e<\/li>\n<li>Produit Sewerin, excellentes propri\u00e9t\u00e9s de reproduction<\/li>\n<li>grand confort de port, car l'oreille est enti\u00e8rement entour\u00e9e<\/li>\n<\/ul>","protected":false},"excerpt":{"rendered":"<p>communication bidirectionnelle avec prise de charge alimentation par 2 batteries NiMH (Mignon) incluses, rechargeables avec les \u00e9couteurs casque robuste et prot\u00e9g\u00e9 contre les projections d'eau avec coussinets d'oreille interchangeables P2 en similicuir insonorisant de forme ferm\u00e9e produit Sewerin, excellentes propri\u00e9t\u00e9s de restitution grand confort de port, car l'oreille est compl\u00e8tement entour\u00e9e<\/p>","protected":false},"featured_media":3498,"template":"","meta":[],"product_brand":[],"product_cat":[141],"product_tag":[],"class_list":{"0":"post-2556","1":"product","2":"type-product","3":"status-publish","4":"has-post-thumbnail","6":"product_cat-zubehoer","8":"first","9":"instock","10":"shipping-taxable","11":"purchasable","12":"product-type-simple"},"acf":[],"_links":{"self":[{"href":"https:\/\/lienhard-ag.ch\/fr\/wp-json\/wp\/v2\/product\/2556","targetHints":{"allow":["GET"]}}],"collection":[{"href":"https:\/\/lienhard-ag.ch\/fr\/wp-json\/wp\/v2\/product"}],"about":[{"href":"https:\/\/lienhard-ag.ch\/fr\/wp-json\/wp\/v2\/types\/product"}],"wp:featuredmedia":[{"embeddable":true,"href":"https:\/\/lienhard-ag.ch\/fr\/wp-json\/wp\/v2\/media\/3498"}],"wp:attachment":[{"href":"https:\/\/lienhard-ag.ch\/fr\/wp-json\/wp\/v2\/media?parent=2556"}],"wp:term":[{"taxonomy":"product_brand","embeddable":true,"href":"https:\/\/lienhard-ag.ch\/fr\/wp-json\/wp\/v2\/product_brand?post=2556"},{"taxonomy":"product_cat","embeddable":true,"href":"https:\/\/lienhard-ag.ch\/fr\/wp-json\/wp\/v2\/product_cat?post=2556"},{"taxonomy":"product_tag","embeddable":true,"href":"https:\/\/lienhard-ag.ch\/fr\/wp-json\/wp\/v2\/product_tag?post=2556"}],"curies":[{"name":"wp","href":"https:\/\/api.w.org\/{rel}","templated":true}]}}