{"id":2563,"date":"2024-02-09T12:07:11","date_gmt":"2024-02-09T11:07:11","guid":{"rendered":"https:\/\/lienhard-ag.dev.hayloft-it.ch\/produkt\/haftantenne-mit-kabel\/"},"modified":"2024-02-15T08:27:37","modified_gmt":"2024-02-15T07:27:37","slug":"antenne-adhesive-avec-cable","status":"publish","type":"product","link":"https:\/\/lienhard-ag.ch\/fr\/produkt\/haftantenne-mit-kabel\/","title":{"rendered":"Antenne adh\u00e9sive avec c\u00e2ble"},"content":{"rendered":"<ul>\n<li>\u00e0 poser sur le toit du v\u00e9hicule<\/li>\n<li>avec 5 m de c\u00e2ble<\/li>\n<\/ul>","protected":false},"excerpt":{"rendered":"<p>\u00e0 poser sur le toit du v\u00e9hicule avec 5 m de c\u00e2ble<\/p>","protected":false},"featured_media":2039,"template":"","meta":[],"product_brand":[],"product_cat":[141],"product_tag":[],"class_list":{"0":"post-2563","1":"product","2":"type-product","3":"status-publish","4":"has-post-thumbnail","6":"product_cat-zubehoer","8":"first","9":"instock","10":"shipping-taxable","11":"purchasable","12":"product-type-simple"},"acf":[],"_links":{"self":[{"href":"https:\/\/lienhard-ag.ch\/fr\/wp-json\/wp\/v2\/product\/2563","targetHints":{"allow":["GET"]}}],"collection":[{"href":"https:\/\/lienhard-ag.ch\/fr\/wp-json\/wp\/v2\/product"}],"about":[{"href":"https:\/\/lienhard-ag.ch\/fr\/wp-json\/wp\/v2\/types\/product"}],"wp:featuredmedia":[{"embeddable":true,"href":"https:\/\/lienhard-ag.ch\/fr\/wp-json\/wp\/v2\/media\/2039"}],"wp:attachment":[{"href":"https:\/\/lienhard-ag.ch\/fr\/wp-json\/wp\/v2\/media?parent=2563"}],"wp:term":[{"taxonomy":"product_brand","embeddable":true,"href":"https:\/\/lienhard-ag.ch\/fr\/wp-json\/wp\/v2\/product_brand?post=2563"},{"taxonomy":"product_cat","embeddable":true,"href":"https:\/\/lienhard-ag.ch\/fr\/wp-json\/wp\/v2\/product_cat?post=2563"},{"taxonomy":"product_tag","embeddable":true,"href":"https:\/\/lienhard-ag.ch\/fr\/wp-json\/wp\/v2\/product_tag?post=2563"}],"curies":[{"name":"wp","href":"https:\/\/api.w.org\/{rel}","templated":true}]}}