{"id":2570,"date":"2024-02-09T12:07:11","date_gmt":"2024-02-09T11:07:11","guid":{"rendered":"https:\/\/lienhard-ag.dev.hayloft-it.ch\/produkt\/gasprobenanschluss-einbauset\/"},"modified":"2024-04-17T10:40:15","modified_gmt":"2024-04-17T08:40:15","slug":"kit-de-montage-pour-raccord-dechantillon-de-gaz","status":"publish","type":"product","link":"https:\/\/lienhard-ag.ch\/fr\/produkt\/gasprobenanschluss-einbauset\/","title":{"rendered":"Kit de montage pour raccord d'\u00e9chantillon de gaz"},"content":{"rendered":"<ul>\n<li>pr\u00e9l\u00e8vement confortable de l'\u00e9chantillon de gaz pour les appareils de mesure avec pompe int\u00e9gr\u00e9e<\/li>\n<li>\u00c9vacuation du condensat dans la conduite de gaz de mesure en cas d'\u00e9chantillons de gaz chauds<\/li>\n<li>Cr\u00e9ation de r\u00e9sultats de mesure reproductibles<\/li>\n<li>surpression : max. 100 mbar<\/li>\n<li>Contenu de la livraison : tuyau d'\u00e9chantillonnage de gaz avec filtre, s\u00e9parateur d'eau, robinet \u00e0 boisseau sph\u00e9rique en acier inoxydable, mat\u00e9riel de raccordement et de montage<\/li>\n<\/ul>","protected":false},"excerpt":{"rendered":"<p>Pr\u00e9l\u00e8vement confortable de l'\u00e9chantillon de gaz sur les appareils de mesure avec pompe int\u00e9gr\u00e9e \u00c9vacuation du condensat dans la conduite de gaz de mesure en cas d'\u00e9chantillons de gaz chauds Cr\u00e9ation de r\u00e9sultats de mesure reproductibles Surpression : max. 100 mbar Contenu de la livraison : tuyau d'\u00e9chantillonnage de gaz avec filtre, s\u00e9parateur d'eau, robinet \u00e0 bille en acier inoxydable, mat\u00e9riel de raccordement et de montage<\/p>","protected":false},"featured_media":3541,"template":"","meta":[],"product_brand":[],"product_cat":[141],"product_tag":[],"class_list":{"0":"post-2570","1":"product","2":"type-product","3":"status-publish","4":"has-post-thumbnail","6":"product_cat-zubehoer","8":"first","9":"instock","10":"shipping-taxable","11":"purchasable","12":"product-type-simple"},"acf":[],"_links":{"self":[{"href":"https:\/\/lienhard-ag.ch\/fr\/wp-json\/wp\/v2\/product\/2570","targetHints":{"allow":["GET"]}}],"collection":[{"href":"https:\/\/lienhard-ag.ch\/fr\/wp-json\/wp\/v2\/product"}],"about":[{"href":"https:\/\/lienhard-ag.ch\/fr\/wp-json\/wp\/v2\/types\/product"}],"wp:featuredmedia":[{"embeddable":true,"href":"https:\/\/lienhard-ag.ch\/fr\/wp-json\/wp\/v2\/media\/3541"}],"wp:attachment":[{"href":"https:\/\/lienhard-ag.ch\/fr\/wp-json\/wp\/v2\/media?parent=2570"}],"wp:term":[{"taxonomy":"product_brand","embeddable":true,"href":"https:\/\/lienhard-ag.ch\/fr\/wp-json\/wp\/v2\/product_brand?post=2570"},{"taxonomy":"product_cat","embeddable":true,"href":"https:\/\/lienhard-ag.ch\/fr\/wp-json\/wp\/v2\/product_cat?post=2570"},{"taxonomy":"product_tag","embeddable":true,"href":"https:\/\/lienhard-ag.ch\/fr\/wp-json\/wp\/v2\/product_tag?post=2570"}],"curies":[{"name":"wp","href":"https:\/\/api.w.org\/{rel}","templated":true}]}}