{"id":2576,"date":"2024-02-09T12:07:11","date_gmt":"2024-02-09T11:07:11","guid":{"rendered":"https:\/\/lienhard-ag.dev.hayloft-it.ch\/produkt\/pruefeinrichtung-spe-hg\/"},"modified":"2024-04-19T15:54:56","modified_gmt":"2024-04-19T13:54:56","slug":"etablissement-dexamen-spe-hg","status":"publish","type":"product","link":"https:\/\/lienhard-ag.ch\/fr\/produkt\/pruefeinrichtung-spe-hg\/","title":{"rendered":"Dispositif de contr\u00f4le SPE HG"},"content":{"rendered":"<ul>\n<li>Contr\u00f4le et r\u00e9glage de la sensibilit\u00e9 d'affichage des appareils de mesure manuels SEWERIN dans les plages ppm, % LIE et Vol.-%<\/li>\n<li>d\u00e9bit pr\u00e9r\u00e9gl\u00e9 du gaz d'essai de 30 l\/h<\/li>\n<li>Raccordement pour toutes les bo\u00eetes \u00e0 gaz d'essai SEWERIN<\/li>\n<li>Manom\u00e8tre (0 - 16 bar) pour indiquer la pression de la prise de gaz d'essai<\/li>\n<li>une t\u00eate de contr\u00f4le suppl\u00e9mentaire est n\u00e9cessaire<\/li>\n<\/ul>","protected":false},"excerpt":{"rendered":"<p>pour le contr\u00f4le et l'ajustage des appareils de mesure SEWERIN<\/p>\n<p>Utilisation selon le tableau r\u00e9capitulatif<\/p>","protected":false},"featured_media":2051,"template":"","meta":[],"product_brand":[],"product_cat":[81],"product_tag":[],"class_list":{"0":"post-2576","1":"product","2":"type-product","3":"status-publish","4":"has-post-thumbnail","6":"product_cat-pruefeinrichtungen","8":"first","9":"instock","10":"shipping-taxable","11":"purchasable","12":"product-type-simple"},"acf":[],"_links":{"self":[{"href":"https:\/\/lienhard-ag.ch\/fr\/wp-json\/wp\/v2\/product\/2576","targetHints":{"allow":["GET"]}}],"collection":[{"href":"https:\/\/lienhard-ag.ch\/fr\/wp-json\/wp\/v2\/product"}],"about":[{"href":"https:\/\/lienhard-ag.ch\/fr\/wp-json\/wp\/v2\/types\/product"}],"wp:featuredmedia":[{"embeddable":true,"href":"https:\/\/lienhard-ag.ch\/fr\/wp-json\/wp\/v2\/media\/2051"}],"wp:attachment":[{"href":"https:\/\/lienhard-ag.ch\/fr\/wp-json\/wp\/v2\/media?parent=2576"}],"wp:term":[{"taxonomy":"product_brand","embeddable":true,"href":"https:\/\/lienhard-ag.ch\/fr\/wp-json\/wp\/v2\/product_brand?post=2576"},{"taxonomy":"product_cat","embeddable":true,"href":"https:\/\/lienhard-ag.ch\/fr\/wp-json\/wp\/v2\/product_cat?post=2576"},{"taxonomy":"product_tag","embeddable":true,"href":"https:\/\/lienhard-ag.ch\/fr\/wp-json\/wp\/v2\/product_tag?post=2576"}],"curies":[{"name":"wp","href":"https:\/\/api.w.org\/{rel}","templated":true}]}}