{"id":2577,"date":"2024-02-09T12:07:11","date_gmt":"2024-02-09T11:07:11","guid":{"rendered":"https:\/\/lienhard-ag.dev.hayloft-it.ch\/produkt\/feld-pruefeinrichtung-spe-y\/"},"modified":"2024-02-15T08:27:37","modified_gmt":"2024-02-15T07:27:37","slug":"champ-dispositif-de-controle-spe-y","status":"publish","type":"product","link":"https:\/\/lienhard-ag.ch\/fr\/produkt\/feld-pruefeinrichtung-spe-y\/","title":{"rendered":"Dispositif d'essai sur le terrain SPE-Y"},"content":{"rendered":"<ul>\n<li>pour le contr\u00f4le et l'ajustement de la sensibilit\u00e9 de l'affichage dans les plages ppm, % LIE et Vol.-%<\/li>\n<li>d\u00e9bit pr\u00e9r\u00e9gl\u00e9 du gaz d'essai de 20 l\/h<\/li>\n<li>avec manom\u00e8tre<\/li>\n<li>avec raccordement pour bo\u00eetes \u00e0 gaz d'essai SEWERIN<\/li>\n<li>une t\u00eate de contr\u00f4le suppl\u00e9mentaire est n\u00e9cessaire<\/li>\n<\/ul>","protected":false},"excerpt":{"rendered":"<p>pour le contr\u00f4le et l'ajustement de la sensibilit\u00e9 de l'affichage dans les plages ppm, % LIE et Vol.-% d\u00e9bit pr\u00e9r\u00e9gl\u00e9 du gaz d'essai de 20 l\/h avec manom\u00e8tre de pression avec raccordement pour les bo\u00eetes de gaz d'essai SEWERIN une t\u00eate de contr\u00f4le suppl\u00e9mentaire est n\u00e9cessaire<\/p>","protected":false},"featured_media":2052,"template":"","meta":[],"product_brand":[],"product_cat":[141],"product_tag":[],"class_list":{"0":"post-2577","1":"product","2":"type-product","3":"status-publish","4":"has-post-thumbnail","6":"product_cat-zubehoer","8":"first","9":"instock","10":"shipping-taxable","11":"purchasable","12":"product-type-simple"},"acf":[],"_links":{"self":[{"href":"https:\/\/lienhard-ag.ch\/fr\/wp-json\/wp\/v2\/product\/2577","targetHints":{"allow":["GET"]}}],"collection":[{"href":"https:\/\/lienhard-ag.ch\/fr\/wp-json\/wp\/v2\/product"}],"about":[{"href":"https:\/\/lienhard-ag.ch\/fr\/wp-json\/wp\/v2\/types\/product"}],"wp:featuredmedia":[{"embeddable":true,"href":"https:\/\/lienhard-ag.ch\/fr\/wp-json\/wp\/v2\/media\/2052"}],"wp:attachment":[{"href":"https:\/\/lienhard-ag.ch\/fr\/wp-json\/wp\/v2\/media?parent=2577"}],"wp:term":[{"taxonomy":"product_brand","embeddable":true,"href":"https:\/\/lienhard-ag.ch\/fr\/wp-json\/wp\/v2\/product_brand?post=2577"},{"taxonomy":"product_cat","embeddable":true,"href":"https:\/\/lienhard-ag.ch\/fr\/wp-json\/wp\/v2\/product_cat?post=2577"},{"taxonomy":"product_tag","embeddable":true,"href":"https:\/\/lienhard-ag.ch\/fr\/wp-json\/wp\/v2\/product_tag?post=2577"}],"curies":[{"name":"wp","href":"https:\/\/api.w.org\/{rel}","templated":true}]}}